{"id":18772,"date":"2021-05-04T23:04:34","date_gmt":"2021-05-04T21:04:34","guid":{"rendered":"https:\/\/mgvpublications.com\/produkt\/ruya-tuzagi\/"},"modified":"2022-03-08T22:52:35","modified_gmt":"2022-03-08T21:52:35","slug":"ruya-tuzagi","status":"publish","type":"product","link":"https:\/\/mgvpublications.com\/de\/ruya-tuzagi\/","title":{"rendered":"R\u00fcya Tuza\u011f\u0131"},"content":{"rendered":"<p>Yay\u0131n Tarihi: 25.10.2019<br \/>ISBN: 9786050824308<br \/>Dil: T\u00dcRK\u00c7E<br \/>Sayfa Say\u0131s\u0131: 160<br \/>Cilt Tipi: Karton Kapak<br \/>Ka\u011f\u0131t Cinsi: Kitap Ka\u011f\u0131d\u0131<br \/>Boyut: 13.5 x 21 cm<\/p>","protected":false},"excerpt":{"rendered":"<p>\u201cAh duydunuz mu olanlar\u0131?\u201d dedi Rila. \u201cYery\u00fcz\u00fcnde r\u00fcya postac\u0131lar\u0131 birbiri ard\u0131na kayboluyormu\u015f. Nereye gittiklerini kimse bilmiyor. Ba\u015flar\u0131na bir \u015fey gelmi\u015f olmal\u0131!\u201d Mi\u00e7i \u015fa\u015fk\u0131nl\u0131ktan k\u00fc\u00e7\u00fck dilini yutacakt\u0131. \u201cNe demek postac\u0131lar kayboluyormu\u015f?\u201d \u201cBen de bu kadar\u0131n\u0131 biliyorum. Yery\u00fcz\u00fcne inen postac\u0131lar geri d\u00f6nm\u00fcyorlarm\u0131\u015f. Pe\u015flerinden giden arama ekipleri de! Ve onlar\u0131 arayanlar da!\u201d \u0130\u015fte bu ger\u00e7ekten \u00e7ok k\u00f6t\u00fc bir haberdi. R\u00fcyalar \u00dclkesi&#8217;nin kay\u0131p postac\u0131lar\u0131 bir an \u00f6nce bulunmal\u0131yd\u0131. Ama nas\u0131l? Mi\u00e7i ile Ali\u2019nin s\u0131n\u0131r tan\u0131mayan dostlu\u011fu bu \u00f6yk\u00fcde, sevdiklerine sahip \u00e7\u0131kman\u0131n ve birlik olman\u0131n g\u00fcc\u00fcn\u00fc vurgulayan s\u0131ra d\u0131\u015f\u0131 ve e\u011flenceli bir maceraya d\u00f6n\u00fc\u015f\u00fcyor!<\/p>","protected":false},"featured_media":18771,"template":"","meta":{"spay_email":""},"product_cat":[172],"product_tag":[],"item":[360],"acf":[],"_links":{"self":[{"href":"https:\/\/mgvpublications.com\/de\/wp-json\/wp\/v2\/product\/18772"}],"collection":[{"href":"https:\/\/mgvpublications.com\/de\/wp-json\/wp\/v2\/product"}],"about":[{"href":"https:\/\/mgvpublications.com\/de\/wp-json\/wp\/v2\/types\/product"}],"wp:featuredmedia":[{"embeddable":true,"href":"https:\/\/mgvpublications.com\/de\/wp-json\/wp\/v2\/media\/18771"}],"wp:attachment":[{"href":"https:\/\/mgvpublications.com\/de\/wp-json\/wp\/v2\/media?parent=18772"}],"wp:term":[{"taxonomy":"product_cat","embeddable":true,"href":"https:\/\/mgvpublications.com\/de\/wp-json\/wp\/v2\/product_cat?post=18772"},{"taxonomy":"product_tag","embeddable":true,"href":"https:\/\/mgvpublications.com\/de\/wp-json\/wp\/v2\/product_tag?post=18772"},{"taxonomy":"item","embeddable":true,"href":"https:\/\/mgvpublications.com\/de\/wp-json\/wp\/v2\/item?post=18772"}],"curies":[{"name":"wp","href":"https:\/\/api.w.org\/{rel}","templated":true}]}}