{"id":18768,"date":"2021-05-04T23:04:33","date_gmt":"2021-05-04T21:04:33","guid":{"rendered":"https:\/\/mgvpublications.com\/produkt\/ruya-takimi\/"},"modified":"2022-03-08T22:52:33","modified_gmt":"2022-03-08T21:52:33","slug":"ruya-takimi","status":"publish","type":"product","link":"https:\/\/mgvpublications.com\/de\/ruya-takimi\/","title":{"rendered":"R\u00fcya Tak\u0131m\u0131"},"content":{"rendered":"<p>Yay\u0131n Tarihi: 08.11.2018<br \/>ISBN: 9786050825671<br \/>Dil: T\u00dcRK\u00c7E<br \/>Sayfa Say\u0131s\u0131: 160<br \/>Cilt Tipi: Karton Kapak<br \/>Ka\u011f\u0131t Cinsi: Kitap Ka\u011f\u0131d\u0131<br \/>Boyut: 13.5 x 21 cm<\/p>","protected":false},"excerpt":{"rendered":"<p>Ali eline merce\u011fi al\u0131p Mi\u00e7i\u2019nin uzatt\u0131\u011f\u0131 k\u00e2\u011f\u0131tlara bakt\u0131. \u201cBunlar da ne?\u201d \u201cSenaryo De\u011ferlendirme Kurulu\u2019nun de\u011ferlendirmeleri. \u00dc\u00e7 de\u011ferlendirmenin ikisini bat\u0131rd\u0131m. \u00dc\u00e7\u00fcnc\u00fcn\u00fcn de farkl\u0131 gelece\u011fini sanm\u0131yorum. Yani anlayaca\u011f\u0131n, i\u015ften at\u0131laca\u011f\u0131m! San\u0131r\u0131m en iyisi kendim b\u0131rakmak.\u201d \u201cYapma Mi\u00e7iii! Benim tan\u0131d\u0131\u011f\u0131m Mi\u00e7i bir i\u015fin pe\u015fini asla b\u0131rakmaz. Bin y\u0131lda da olsa becerir ve yapar!\u201d Mi\u00e7i arkas\u0131ndan \u00e7evrilen k\u00f6t\u00fc oyunlardan habersizce i\u015fini kurtarmaya \u00e7al\u0131\u015f\u0131yordu. Neyse ki bu zorlu g\u00fcnlerinde biricik dostu Ali yan\u0131ndayd\u0131. \u00dcstelik yard\u0131ma pek hevesli \u015fa\u015fk\u0131n Kiki de onlarlayd\u0131 art\u0131k. R\u00fcya tak\u0131m\u0131 g\u00f6reve haz\u0131rd\u0131! Mi\u00e7i ile Ali\u2019nin s\u0131n\u0131r tan\u0131maz dostlu\u011fu bu hik\u00e2yede birlik ve beraberli\u011fin g\u00fcc\u00fcn\u00fc vurgulayan, heyecanl\u0131 bir maceray\u0131 beraberinde getiriyor.<\/p>","protected":false},"featured_media":18767,"template":"","meta":{"spay_email":""},"product_cat":[172],"product_tag":[],"item":[360],"acf":[],"_links":{"self":[{"href":"https:\/\/mgvpublications.com\/de\/wp-json\/wp\/v2\/product\/18768"}],"collection":[{"href":"https:\/\/mgvpublications.com\/de\/wp-json\/wp\/v2\/product"}],"about":[{"href":"https:\/\/mgvpublications.com\/de\/wp-json\/wp\/v2\/types\/product"}],"wp:featuredmedia":[{"embeddable":true,"href":"https:\/\/mgvpublications.com\/de\/wp-json\/wp\/v2\/media\/18767"}],"wp:attachment":[{"href":"https:\/\/mgvpublications.com\/de\/wp-json\/wp\/v2\/media?parent=18768"}],"wp:term":[{"taxonomy":"product_cat","embeddable":true,"href":"https:\/\/mgvpublications.com\/de\/wp-json\/wp\/v2\/product_cat?post=18768"},{"taxonomy":"product_tag","embeddable":true,"href":"https:\/\/mgvpublications.com\/de\/wp-json\/wp\/v2\/product_tag?post=18768"},{"taxonomy":"item","embeddable":true,"href":"https:\/\/mgvpublications.com\/de\/wp-json\/wp\/v2\/item?post=18768"}],"curies":[{"name":"wp","href":"https:\/\/api.w.org\/{rel}","templated":true}]}}