{"id":18764,"date":"2021-05-04T23:04:32","date_gmt":"2021-05-04T21:04:32","guid":{"rendered":"https:\/\/mgvpublications.com\/produkt\/dunyayi-durduran-kiz-sari-elmas-yuzuk-nerede\/"},"modified":"2022-03-08T22:52:33","modified_gmt":"2022-03-08T21:52:33","slug":"dunyayi-durduran-kiz-sari-elmas-yuzuk-nerede","status":"publish","type":"product","link":"https:\/\/mgvpublications.com\/de\/dunyayi-durduran-kiz-sari-elmas-yuzuk-nerede\/","title":{"rendered":"D\u00fcnyay\u0131 Durduran K\u0131z &#8211; Sar\u0131 Elmas Y\u00fcz\u00fck Nerede?"},"content":{"rendered":"<p>Yay\u0131n Tarihi: 06.11.2017<br \/>ISBN: 9786050826913<br \/>Dil: T\u00dcRK\u00c7E<br \/>Sayfa Say\u0131s\u0131: 112<br \/>Cilt Tipi: Karton Kapak<br \/>Ka\u011f\u0131t Cinsi: Kitap Ka\u011f\u0131d\u0131<br \/>Boyut: 13.5 x 19.5 cm<\/p>","protected":false},"excerpt":{"rendered":"<p>Yerli mal\u0131 haftas\u0131 fiyaskoyla ba\u015flam\u0131\u015fsa, burnunuza her taraftan k\u00f6t\u00fc kokular geliyorsa, bir de paha bi\u00e7ilmez sar\u0131 elmas y\u00fcz\u00fck ortadan kaybolduysa bu i\u015fte bir i\u015f var demektir! Bu i\u015fi de ancak t\u00fcm zamanlar\u0131n en tatl\u0131, en minno\u015f, en cincin halk kahraman\u0131 \u00e7\u00f6zer! Yani DDK! Yani ben!<\/p>","protected":false},"featured_media":18763,"template":"","meta":{"spay_email":""},"product_cat":[172],"product_tag":[],"item":[360],"acf":[],"_links":{"self":[{"href":"https:\/\/mgvpublications.com\/de\/wp-json\/wp\/v2\/product\/18764"}],"collection":[{"href":"https:\/\/mgvpublications.com\/de\/wp-json\/wp\/v2\/product"}],"about":[{"href":"https:\/\/mgvpublications.com\/de\/wp-json\/wp\/v2\/types\/product"}],"wp:featuredmedia":[{"embeddable":true,"href":"https:\/\/mgvpublications.com\/de\/wp-json\/wp\/v2\/media\/18763"}],"wp:attachment":[{"href":"https:\/\/mgvpublications.com\/de\/wp-json\/wp\/v2\/media?parent=18764"}],"wp:term":[{"taxonomy":"product_cat","embeddable":true,"href":"https:\/\/mgvpublications.com\/de\/wp-json\/wp\/v2\/product_cat?post=18764"},{"taxonomy":"product_tag","embeddable":true,"href":"https:\/\/mgvpublications.com\/de\/wp-json\/wp\/v2\/product_tag?post=18764"},{"taxonomy":"item","embeddable":true,"href":"https:\/\/mgvpublications.com\/de\/wp-json\/wp\/v2\/item?post=18764"}],"curies":[{"name":"wp","href":"https:\/\/api.w.org\/{rel}","templated":true}]}}