{"id":18762,"date":"2021-05-04T23:04:31","date_gmt":"2021-05-04T21:04:31","guid":{"rendered":"https:\/\/mgvpublications.com\/produkt\/dunyayi-durduran-kiz-soygunlar-kimin-isi\/"},"modified":"2022-03-08T22:52:33","modified_gmt":"2022-03-08T21:52:33","slug":"dunyayi-durduran-kiz-soygunlar-kimin-isi","status":"publish","type":"product","link":"https:\/\/mgvpublications.com\/de\/dunyayi-durduran-kiz-soygunlar-kimin-isi\/","title":{"rendered":"D\u00fcnyay\u0131 Durduran K\u0131z &#8211; Soygunlar Kimin \u0130\u015fi"},"content":{"rendered":"<p>Yay\u0131n Tarihi: 06.11.2017<br \/>ISBN: 9786050826920<br \/>Dil: T\u00dcRK\u00c7E<br \/>Sayfa Say\u0131s\u0131: 112<br \/>Cilt Tipi: Karton Kapak<br \/>Ka\u011f\u0131t Cinsi: Kitap Ka\u011f\u0131d\u0131<br \/>Boyut: 13.5 x 19.5 cm<br \/>Di\u011fer \u00d6zellik: 9  Ya\u015f<\/p>","protected":false},"excerpt":{"rendered":"<p>\u00dc\u00e7 liralar, be\u015f liralar, g\u00fcm\u00fc\u015f k\u00fcpeler, cam bilyeler bir anda yok oluyorsa, d\u00f6rt bir yandan birbiri ard\u0131na kay\u0131p haberleri geliyorsa, Huriye \u00f6\u011fretmenin ni\u015fan\u0131nda kay\u0131nvalidesinin takt\u0131\u011f\u0131 kelep\u00e7e bilezik de yerinde yoksa bu i\u015fte bir i\u015f var demektir! Bu i\u015fi de ancak t\u00fcm zamanlar\u0131n en tatl\u0131, en minno\u015f, en cincin halk kahraman\u0131 \u00e7\u00f6zer! Yani DDK! Yani ben!<\/p>","protected":false},"featured_media":18761,"template":"","meta":{"spay_email":""},"product_cat":[172],"product_tag":[],"item":[360],"acf":[],"_links":{"self":[{"href":"https:\/\/mgvpublications.com\/de\/wp-json\/wp\/v2\/product\/18762"}],"collection":[{"href":"https:\/\/mgvpublications.com\/de\/wp-json\/wp\/v2\/product"}],"about":[{"href":"https:\/\/mgvpublications.com\/de\/wp-json\/wp\/v2\/types\/product"}],"wp:featuredmedia":[{"embeddable":true,"href":"https:\/\/mgvpublications.com\/de\/wp-json\/wp\/v2\/media\/18761"}],"wp:attachment":[{"href":"https:\/\/mgvpublications.com\/de\/wp-json\/wp\/v2\/media?parent=18762"}],"wp:term":[{"taxonomy":"product_cat","embeddable":true,"href":"https:\/\/mgvpublications.com\/de\/wp-json\/wp\/v2\/product_cat?post=18762"},{"taxonomy":"product_tag","embeddable":true,"href":"https:\/\/mgvpublications.com\/de\/wp-json\/wp\/v2\/product_tag?post=18762"},{"taxonomy":"item","embeddable":true,"href":"https:\/\/mgvpublications.com\/de\/wp-json\/wp\/v2\/item?post=18762"}],"curies":[{"name":"wp","href":"https:\/\/api.w.org\/{rel}","templated":true}]}}