{"id":18760,"date":"2021-05-04T23:04:30","date_gmt":"2021-05-04T21:04:30","guid":{"rendered":"https:\/\/mgvpublications.com\/produkt\/dunyayi-durduran-kiz-bitli-evin-kahramani\/"},"modified":"2022-03-08T22:52:33","modified_gmt":"2022-03-08T21:52:33","slug":"dunyayi-durduran-kiz-bitli-evin-kahramani","status":"publish","type":"product","link":"https:\/\/mgvpublications.com\/de\/dunyayi-durduran-kiz-bitli-evin-kahramani\/","title":{"rendered":"D\u00fcnyay\u0131 Durduran K\u0131z &#8211; Bitli Evin Kahraman\u0131"},"content":{"rendered":"<p>Yay\u0131n Tarihi: 06.11.2017<br \/>ISBN: 9786050826852<br \/>Dil: T\u00dcRK\u00c7E<br \/>Sayfa Say\u0131s\u0131: 112<br \/>Cilt Tipi: Karton Kapak<br \/>Ka\u011f\u0131t Cinsi: Kitap Ka\u011f\u0131d\u0131<br \/>Boyut: 13.5 x 19.5 cm<br \/>Di\u011fer \u00d6zellik: 9  Ya\u015f<\/p>","protected":false},"excerpt":{"rendered":"<p>Bitler d\u00f6rt bir yan\u0131 sard\u0131ysa, m\u00fczik \u00f6\u011fretmenizin peru\u011fu bile bitlendiyse, kafan\u0131zdaki stre\u00e7 film sizi bitlerden koruyam\u0131yorsa, \u00fcstelik bit \u015fampuanlar\u0131 da birden piyasadan kayboluyorsa bu i\u015fte bir i\u015f var demektir! Bu i\u015fi de ancak t\u00fcm zamanlar\u0131n en tatl\u0131, en minno\u015f, en cincin halk kahraman\u0131 \u00e7\u00f6zer! Yani DDK! Yani ben!<\/p>","protected":false},"featured_media":18759,"template":"","meta":{"spay_email":""},"product_cat":[172],"product_tag":[],"item":[360],"acf":[],"_links":{"self":[{"href":"https:\/\/mgvpublications.com\/de\/wp-json\/wp\/v2\/product\/18760"}],"collection":[{"href":"https:\/\/mgvpublications.com\/de\/wp-json\/wp\/v2\/product"}],"about":[{"href":"https:\/\/mgvpublications.com\/de\/wp-json\/wp\/v2\/types\/product"}],"wp:featuredmedia":[{"embeddable":true,"href":"https:\/\/mgvpublications.com\/de\/wp-json\/wp\/v2\/media\/18759"}],"wp:attachment":[{"href":"https:\/\/mgvpublications.com\/de\/wp-json\/wp\/v2\/media?parent=18760"}],"wp:term":[{"taxonomy":"product_cat","embeddable":true,"href":"https:\/\/mgvpublications.com\/de\/wp-json\/wp\/v2\/product_cat?post=18760"},{"taxonomy":"product_tag","embeddable":true,"href":"https:\/\/mgvpublications.com\/de\/wp-json\/wp\/v2\/product_tag?post=18760"},{"taxonomy":"item","embeddable":true,"href":"https:\/\/mgvpublications.com\/de\/wp-json\/wp\/v2\/item?post=18760"}],"curies":[{"name":"wp","href":"https:\/\/api.w.org\/{rel}","templated":true}]}}