{"id":18750,"date":"2021-05-04T23:04:25","date_gmt":"2021-05-04T21:04:25","guid":{"rendered":"https:\/\/mgvpublications.com\/produkt\/yavru-kopek-comar-kurbaga-copar-tekerlemeli-oykuler\/"},"modified":"2022-03-08T22:52:31","modified_gmt":"2022-03-08T21:52:31","slug":"yavru-kopek-comar-kurbaga-copar-tekerlemeli-oykuler","status":"publish","type":"product","link":"https:\/\/mgvpublications.com\/de\/yavru-kopek-comar-kurbaga-copar-tekerlemeli-oykuler\/","title":{"rendered":"Yavru K\u00f6pek \u00c7omar &#8211; Kurba\u011fa \u00c7opar \/ Tekerlemeli \u00d6yk\u00fcler"},"content":{"rendered":"<p>\u00c7evirmen: Ali Berktay<br \/>Yay\u0131n Tarihi: 22.02.2019<br \/>Orijinal Ad\u0131: Rhyming Stories \u2013 Pip the Dog &#8211; Freddy the Frog<br \/>ISBN: 9786053325260<br \/>Dil: T\u00dcRK\u00c7E<br \/>Sayfa Say\u0131s\u0131: 24<br \/>Cilt Tipi: Karton Kapak<br \/>Ka\u011f\u0131t Cinsi: Ku\u015fe Ka\u011f\u0131t<br \/>Boyut: 22 x 22 cm<\/p>","protected":false},"excerpt":{"rendered":"<p>\u00d6zellikle y\u00fcksek sesle okumak i\u00e7in yaz\u0131lm\u0131\u015f Tekerlemeli \u00d6yk\u00fcler dizisinde g\u00fcr\u00fclt\u00fcc\u00fc dostlar\u0131m\u0131z Yavru K\u00f6pek \u00c7omar ve Kurba\u011fa \u00c7opar ile bulu\u015fup e\u011flenceye kat\u0131l. Bak bakal\u0131m bu oyuncu ikili en \u00e7ok nelerden ho\u015flan\u0131yor, kulak ver bakal\u0131m nas\u0131l sesler \u00e7\u0131kar\u0131yor?<\/p>","protected":false},"featured_media":18749,"template":"","meta":{"spay_email":""},"product_cat":[172],"product_tag":[],"item":[336],"acf":[],"_links":{"self":[{"href":"https:\/\/mgvpublications.com\/de\/wp-json\/wp\/v2\/product\/18750"}],"collection":[{"href":"https:\/\/mgvpublications.com\/de\/wp-json\/wp\/v2\/product"}],"about":[{"href":"https:\/\/mgvpublications.com\/de\/wp-json\/wp\/v2\/types\/product"}],"wp:featuredmedia":[{"embeddable":true,"href":"https:\/\/mgvpublications.com\/de\/wp-json\/wp\/v2\/media\/18749"}],"wp:attachment":[{"href":"https:\/\/mgvpublications.com\/de\/wp-json\/wp\/v2\/media?parent=18750"}],"wp:term":[{"taxonomy":"product_cat","embeddable":true,"href":"https:\/\/mgvpublications.com\/de\/wp-json\/wp\/v2\/product_cat?post=18750"},{"taxonomy":"product_tag","embeddable":true,"href":"https:\/\/mgvpublications.com\/de\/wp-json\/wp\/v2\/product_tag?post=18750"},{"taxonomy":"item","embeddable":true,"href":"https:\/\/mgvpublications.com\/de\/wp-json\/wp\/v2\/item?post=18750"}],"curies":[{"name":"wp","href":"https:\/\/api.w.org\/{rel}","templated":true}]}}