{"id":18748,"date":"2021-05-04T23:04:25","date_gmt":"2021-05-04T21:04:25","guid":{"rendered":"https:\/\/mgvpublications.com\/produkt\/acik-ufuk-iyi-dogru-ve-guzel-dusunmek-uzerine\/"},"modified":"2024-12-29T21:49:19","modified_gmt":"2024-12-29T20:49:19","slug":"acik-ufuk-iyi-dogru-ve-guzel-dusunmek-uzerine","status":"publish","type":"product","link":"https:\/\/mgvpublications.com\/de\/acik-ufuk-iyi-dogru-ve-guzel-dusunmek-uzerine\/","title":{"rendered":"A\u00e7\u0131k Ufuk \u0130yi, Do\u011fru ve G\u00fczel D\u00fc\u015f\u00fcnmek \u00dczerine"},"content":{"rendered":"<p>Yay\u0131n Tarihi: 09.02.2021<br \/>ISBN: 9789755749631<br \/>Dil: T\u00dcRK\u00c7E<br \/>Sayfa Say\u0131s\u0131: 200<br \/>Cilt Tipi: Karton Kapak<br \/>Ka\u011f\u0131t Cinsi: Kitap Ka\u011f\u0131d\u0131<br \/>Boyut: 13.5 x 21 cm<\/p>","protected":false},"excerpt":{"rendered":"<p>&#8220;D\u00fc\u015f\u00fcnceler ruh ve zihin d\u00fcnyam\u0131zda cereyan eden soyutlamalardan ibaret de\u011fildir. Var olma bi\u00e7imimizi, benimsedi\u011fimiz d\u00fc\u015f\u00fcnceler belirler. \u0130yi olmak i\u00e7in iyiyi d\u00fc\u015f\u00fcnmek, do\u011fru olmak i\u00e7in do\u011frunun pe\u015finden gitmek, g\u00fczel olmak i\u00e7in de g\u00fczeli kavramak gerekir.&#8221; diyen \u0130brahim Kal\u0131n, d\u00fc\u015f\u00fcnmenin \u00e7ileli ama kendini bilmek ve bulmak i\u00e7in varolu\u015fsal bir gereklilik oldu\u011funu derinlikli bir \u015fekilde ortaya koyuyor. D\u00fc\u015f\u00fcnmenin de\u011fil; iyi, g\u00fczel ve do\u011fru d\u00fc\u015f\u00fcnmenin erdemini vurguluyor ve d\u00fc\u015f\u00fcncenin ufkunu a\u00e7\u0131k h\u00e2le getiriyor. D\u00fc\u015f\u00fcnmek yola \u00e7\u0131kmakt\u0131r. Herhangi bir yola de\u011fil, bizi hakikate g\u00f6t\u00fcrecek yola koyulmakt\u0131r. D\u00fc\u015f\u00fcnmek, Eflatun\u2019un ma\u011faras\u0131ndan \u00e7\u0131kmak i\u00e7in aya\u011fa kalkmakt\u0131r. Duvara yans\u0131yan g\u00f6lgelerin hakikatin kendisi de\u011fil, sadece g\u00f6lgesi oldu\u011funun fark\u0131na vararak \u0131\u015f\u0131\u011f\u0131n kayna\u011f\u0131na y\u00f6nelmektir. D\u00fc\u015f\u00fcnmek, aya\u011fa kalkt\u0131\u011f\u0131n\u0131zda size m\u00fcstehzi bir \u015fekilde bakanlara ald\u0131rmadan kap\u0131ya do\u011fru y\u00fcr\u00fcmektir. Aya\u011f\u0131n\u0131za vurulmu\u015f zincirlerden kurtulmak i\u00e7in \u00f6nce zihninize vurulmu\u015f prangalardan kurtulmakt\u0131r. \u201cMa\u011faradan \u00e7\u0131kan\u0131 vururuz.\u201d diyenlere ald\u0131rmadan akl\u0131n\u0131n ve vicdan\u0131n\u0131n sesine kulak vermektir. D\u00fc\u015f\u00fcnmek tehlikeli ve \u00e7ileli bir i\u015ftir. Do\u011fru d\u00fc\u015f\u00fcnmek erdemli olmay\u0131 garanti alt\u0131na al\u0131r m\u0131? D\u00fc\u015f\u00fcnmek, ahlakl\u0131 olmak i\u00e7in yeterli midir? Bilmek, her zaman do\u011fruyu yapmak anlam\u0131na gelir mi? D\u00fc\u015f\u00fcnmeyi zihinsel bir faaliyete indirgeyen ekoller bize bu noktada tatmin edici cevaplar veremezler. \u0130yi, g\u00fczel ve do\u011fruyu birbirinden ayr\u0131\u015ft\u0131ran bir zihin yap\u0131s\u0131, d\u00fc\u015f\u00fcnce ile erdemli davran\u0131\u015f aras\u0131nda do\u011frudan ve zorunlu bir ili\u015fki kurmaz. Fayda ve k\u00e2r\u0131 art\u0131rmak i\u00e7in uygulanan y\u00f6ntemler kapitalist \u00fcretim-t\u00fcketim kurallar\u0131 i\u00e7inde iyi ve do\u011fru kabul edilir ama ak\u0131l ve erdem terazisine konuldu\u011funda s\u0131n\u0131fta kal\u0131rlar. D\u00fc\u015f\u00fcnmek ile ahlak, tefekk\u00fcr etmek ile erdemli davranmak aras\u0131nda ayr\u0131lmaz bir ba\u011f vard\u0131r. Bir d\u00fc\u015f\u00fcnce bizi do\u011fru davran\u0131\u015fa g\u00f6t\u00fcrm\u00fcyorsa ya d\u00fc\u015f\u00fcnd\u00fc\u011f\u00fcm\u00fcz \u015feyde ya da d\u00fc\u015f\u00fcnme bi\u00e7imimizde bir sorun var demektir. Ger\u00e7ek d\u00fc\u015f\u00fcnce, bizi iyi, do\u011fru ve g\u00fczel davran\u0131\u015fa g\u00f6t\u00fcr\u00fcr. Bu y\u00fczden d\u00fc\u015f\u00fcnmek, salt zihinsel bir eylem de\u011fildir. Sahih m\u00e2n\u00e2da d\u00fc\u015f\u00fcnmek, b\u00fct\u00fcn varl\u0131\u011f\u0131m\u0131za n\u00fcfuz eder. Bizi sar\u0131p sarmalar ve d\u00f6n\u00fc\u015ft\u00fcr\u00fcr. Bir d\u00fc\u015f\u00fcnce, tasavvur yahut duyguyu iliklerimizde hissetmeden onun m\u00e2n\u00e2s\u0131n\u0131 tam olarak kavrad\u0131\u011f\u0131m\u0131z\u0131 s\u00f6yleyemeyiz. D\u00fc\u015f\u00fcnce ancak varolu\u015fumuzu d\u00f6n\u00fc\u015ft\u00fcrd\u00fc\u011f\u00fc zaman iyi, g\u00fczel ve do\u011frunun el\u00e7isi olur ve hikmet s\u0131fat\u0131n\u0131 kazanmay\u0131 hak eder.<\/p>","protected":false},"featured_media":23267,"template":"","meta":{"spay_email":""},"product_cat":[169],"product_tag":[],"item":[503],"acf":[],"_links":{"self":[{"href":"https:\/\/mgvpublications.com\/de\/wp-json\/wp\/v2\/product\/18748"}],"collection":[{"href":"https:\/\/mgvpublications.com\/de\/wp-json\/wp\/v2\/product"}],"about":[{"href":"https:\/\/mgvpublications.com\/de\/wp-json\/wp\/v2\/types\/product"}],"wp:featuredmedia":[{"embeddable":true,"href":"https:\/\/mgvpublications.com\/de\/wp-json\/wp\/v2\/media\/23267"}],"wp:attachment":[{"href":"https:\/\/mgvpublications.com\/de\/wp-json\/wp\/v2\/media?parent=18748"}],"wp:term":[{"taxonomy":"product_cat","embeddable":true,"href":"https:\/\/mgvpublications.com\/de\/wp-json\/wp\/v2\/product_cat?post=18748"},{"taxonomy":"product_tag","embeddable":true,"href":"https:\/\/mgvpublications.com\/de\/wp-json\/wp\/v2\/product_tag?post=18748"},{"taxonomy":"item","embeddable":true,"href":"https:\/\/mgvpublications.com\/de\/wp-json\/wp\/v2\/item?post=18748"}],"curies":[{"name":"wp","href":"https:\/\/api.w.org\/{rel}","templated":true}]}}