{"id":18740,"date":"2021-05-04T23:04:22","date_gmt":"2021-05-04T21:04:22","guid":{"rendered":"https:\/\/mgvpublications.com\/produkt\/elif-dag-gezisinde\/"},"modified":"2022-03-08T22:52:30","modified_gmt":"2022-03-08T21:52:30","slug":"elif-dag-gezisinde","status":"publish","type":"product","link":"https:\/\/mgvpublications.com\/de\/elif-dag-gezisinde\/","title":{"rendered":"Elif Da\u011f Gezisinde"},"content":{"rendered":"<p>\u00c7evirmen: Ay\u00e7a Sabuncuo\u011flu<br \/>Yay\u0131n Tarihi: 24.05.2019<br \/>ISBN: 9786053604754<br \/>Dil: T\u00dcRK\u00c7E<br \/>Sayfa Say\u0131s\u0131: 31<br \/>Cilt Tipi: Karton Kapak<br \/>Ka\u011f\u0131t Cinsi: Ku\u015fe Ka\u011f\u0131t<br \/>Boyut: 22 x 22 cm<\/p>","protected":false},"excerpt":{"rendered":"<p>Tatil zaman\u0131 geldi, ama Elif\u2018in annesiyle babas\u0131 farkl\u0131 bir yerlere gitmek istiyorlar. Babas\u0131 da\u011flar\u0131, annesi ise denizi g\u00f6rmek istiyor. Sonunda hem g\u00f6l, hem de da\u011f olan bir yere gitmeye karar verdiler. Bu harika bir tatil olacak.<\/p>","protected":false},"featured_media":18739,"template":"","meta":{"spay_email":""},"product_cat":[172],"product_tag":[],"item":[336],"acf":[],"_links":{"self":[{"href":"https:\/\/mgvpublications.com\/de\/wp-json\/wp\/v2\/product\/18740"}],"collection":[{"href":"https:\/\/mgvpublications.com\/de\/wp-json\/wp\/v2\/product"}],"about":[{"href":"https:\/\/mgvpublications.com\/de\/wp-json\/wp\/v2\/types\/product"}],"wp:featuredmedia":[{"embeddable":true,"href":"https:\/\/mgvpublications.com\/de\/wp-json\/wp\/v2\/media\/18739"}],"wp:attachment":[{"href":"https:\/\/mgvpublications.com\/de\/wp-json\/wp\/v2\/media?parent=18740"}],"wp:term":[{"taxonomy":"product_cat","embeddable":true,"href":"https:\/\/mgvpublications.com\/de\/wp-json\/wp\/v2\/product_cat?post=18740"},{"taxonomy":"product_tag","embeddable":true,"href":"https:\/\/mgvpublications.com\/de\/wp-json\/wp\/v2\/product_tag?post=18740"},{"taxonomy":"item","embeddable":true,"href":"https:\/\/mgvpublications.com\/de\/wp-json\/wp\/v2\/item?post=18740"}],"curies":[{"name":"wp","href":"https:\/\/api.w.org\/{rel}","templated":true}]}}