{"id":18738,"date":"2021-05-04T23:04:20","date_gmt":"2021-05-04T21:04:20","guid":{"rendered":"https:\/\/mgvpublications.com\/produkt\/arkadasim-polis-dunyayi-ogreniyorum\/"},"modified":"2022-06-17T18:17:19","modified_gmt":"2022-06-17T16:17:19","slug":"arkadasim-polis-dunyayi-ogreniyorum","status":"publish","type":"product","link":"https:\/\/mgvpublications.com\/de\/arkadasim-polis-dunyayi-ogreniyorum\/","title":{"rendered":"Arkada\u015f\u0131m Polis \/ D\u00fcnyay\u0131 \u00d6\u011freniyorum"},"content":{"rendered":"<p>\u00c7evirmen: Ay\u00e7a Sabuncuo\u011flu<br \/>Yay\u0131n Tarihi: 27.05.2019<br \/>Orijinal Ad\u0131: Ich Hab Einen Freund<br \/>ISBN: 9786053320302<br \/>Dil: T\u00dcRK\u00c7E<br \/>Sayfa Say\u0131s\u0131: 24<br \/>Cilt Tipi: Karton Kapak<br \/>Ka\u011f\u0131t Cinsi: Ku\u015fe Ka\u011f\u0131t<br \/>Boyut: 22 x 22 cm<\/p>","protected":false},"excerpt":{"rendered":"<p>Toplumsal ya\u015famda d\u00fczeni sa\u011flamak polisin g\u00f6revidir. Polisler su\u00e7 olaylar\u0131n\u0131 ve bireylerin zarar g\u00f6rmesini engellemeye \u00e7al\u0131\u015f\u0131rlar. Bir su\u00e7 i\u015flendi\u011finde, delilleri izleyerek su\u00e7luyu yakalamak da polisin i\u015fidir.Hadi gidip polislerin nas\u0131l \u00e7al\u0131\u015ft\u0131klar\u0131n\u0131 yak\u0131ndan g\u00f6relim.<\/p>","protected":false},"featured_media":18737,"template":"","meta":{"spay_email":""},"product_cat":[172],"product_tag":[],"item":[336],"acf":[],"_links":{"self":[{"href":"https:\/\/mgvpublications.com\/de\/wp-json\/wp\/v2\/product\/18738"}],"collection":[{"href":"https:\/\/mgvpublications.com\/de\/wp-json\/wp\/v2\/product"}],"about":[{"href":"https:\/\/mgvpublications.com\/de\/wp-json\/wp\/v2\/types\/product"}],"wp:featuredmedia":[{"embeddable":true,"href":"https:\/\/mgvpublications.com\/de\/wp-json\/wp\/v2\/media\/18737"}],"wp:attachment":[{"href":"https:\/\/mgvpublications.com\/de\/wp-json\/wp\/v2\/media?parent=18738"}],"wp:term":[{"taxonomy":"product_cat","embeddable":true,"href":"https:\/\/mgvpublications.com\/de\/wp-json\/wp\/v2\/product_cat?post=18738"},{"taxonomy":"product_tag","embeddable":true,"href":"https:\/\/mgvpublications.com\/de\/wp-json\/wp\/v2\/product_tag?post=18738"},{"taxonomy":"item","embeddable":true,"href":"https:\/\/mgvpublications.com\/de\/wp-json\/wp\/v2\/item?post=18738"}],"curies":[{"name":"wp","href":"https:\/\/api.w.org\/{rel}","templated":true}]}}