{"id":18734,"date":"2021-05-04T23:04:19","date_gmt":"2021-05-04T21:04:19","guid":{"rendered":"https:\/\/mgvpublications.com\/produkt\/minik-ayi-denize-gidiyor\/"},"modified":"2022-03-08T22:52:30","modified_gmt":"2022-03-08T21:52:30","slug":"minik-ayi-denize-gidiyor","status":"publish","type":"product","link":"https:\/\/mgvpublications.com\/de\/minik-ayi-denize-gidiyor\/","title":{"rendered":"Minik Ay\u0131 Denize Gidiyor!"},"content":{"rendered":"<p>\u00c7evirmen: An\u0131l Ceren Altunkanat<br \/>Yay\u0131n Tarihi: 24.09.2019<br \/>Orijinal Ad\u0131: Are We There Yet?<br \/>ISBN: 9786052956120<br \/>Dil: T\u00dcRK\u00c7E<br \/>Sayfa Say\u0131s\u0131: 24<br \/>Cilt Tipi: Karton Kapak<br \/>Ka\u011f\u0131t Cinsi: Ku\u015fe Ka\u011f\u0131t<br \/>Boyut: 25 x 25 cm<\/p>","protected":false},"excerpt":{"rendered":"<p>Minik Ay\u0131 kendini bildi bileli b\u00fcy\u00fck, masmavi denize gitmek istemi\u015fti! \u015eimdi mavi dalgalara ula\u015fmak i\u00e7in Baba Ay\u0131\u2019yla birlikte uzun bir yolculu\u011fa \u00e7\u0131k\u0131yorlar! Onlara kat\u0131lmak, ormandaki dostlar\u0131yla tan\u0131\u015fmak, yol boyunca yeni yerler ke\u015ffetmek ister misin?<\/p>","protected":false},"featured_media":18733,"template":"","meta":{"spay_email":""},"product_cat":[172],"product_tag":[],"item":[336],"acf":[],"_links":{"self":[{"href":"https:\/\/mgvpublications.com\/de\/wp-json\/wp\/v2\/product\/18734"}],"collection":[{"href":"https:\/\/mgvpublications.com\/de\/wp-json\/wp\/v2\/product"}],"about":[{"href":"https:\/\/mgvpublications.com\/de\/wp-json\/wp\/v2\/types\/product"}],"wp:featuredmedia":[{"embeddable":true,"href":"https:\/\/mgvpublications.com\/de\/wp-json\/wp\/v2\/media\/18733"}],"wp:attachment":[{"href":"https:\/\/mgvpublications.com\/de\/wp-json\/wp\/v2\/media?parent=18734"}],"wp:term":[{"taxonomy":"product_cat","embeddable":true,"href":"https:\/\/mgvpublications.com\/de\/wp-json\/wp\/v2\/product_cat?post=18734"},{"taxonomy":"product_tag","embeddable":true,"href":"https:\/\/mgvpublications.com\/de\/wp-json\/wp\/v2\/product_tag?post=18734"},{"taxonomy":"item","embeddable":true,"href":"https:\/\/mgvpublications.com\/de\/wp-json\/wp\/v2\/item?post=18734"}],"curies":[{"name":"wp","href":"https:\/\/api.w.org\/{rel}","templated":true}]}}