{"id":18732,"date":"2021-05-04T23:04:18","date_gmt":"2021-05-04T21:04:18","guid":{"rendered":"https:\/\/mgvpublications.com\/produkt\/arkadasim-hemsire-dunyayi-ogreniyorum\/"},"modified":"2022-03-08T22:52:30","modified_gmt":"2022-03-08T21:52:30","slug":"arkadasim-hemsire-dunyayi-ogreniyorum","status":"publish","type":"product","link":"https:\/\/mgvpublications.com\/de\/arkadasim-hemsire-dunyayi-ogreniyorum\/","title":{"rendered":"Arkada\u015f\u0131m Hem\u015fire \/ D\u00fcnyay\u0131 \u00d6\u011freniyorum"},"content":{"rendered":"<p>\u00c7evirmen: E. G\u00f6zde D\u00f6nmez<br \/>Yay\u0131n Tarihi: 19.03.2019<br \/>Orijinal Ad\u0131: Ich hab eine Freundin<br \/>ISBN: 9786053320180<br \/>Dil: T\u00dcRK\u00c7E<br \/>Sayfa Say\u0131s\u0131: 24<br \/>Cilt Tipi: Karton Kapak<br \/>Ka\u011f\u0131t Cinsi: Kitap Ka\u011f\u0131d\u0131<br \/>Boyut: 22 x 22 cm<\/p>","protected":false},"excerpt":{"rendered":"<p>Bir hastane nas\u0131l i\u015fler? Ameliyathaneler neden tertemizdir? R\u00f6ntgen \u0131\u015f\u0131n\u0131 nedir? Bu \u00f6yk\u00fcde hastanelerle ilgili pek \u00e7ok soruyu \u00d6zge Hem\u015fire bizim i\u00e7in yan\u0131tl\u0131yor.<\/p>","protected":false},"featured_media":18731,"template":"","meta":{"spay_email":""},"product_cat":[172],"product_tag":[],"item":[336],"acf":[],"_links":{"self":[{"href":"https:\/\/mgvpublications.com\/de\/wp-json\/wp\/v2\/product\/18732"}],"collection":[{"href":"https:\/\/mgvpublications.com\/de\/wp-json\/wp\/v2\/product"}],"about":[{"href":"https:\/\/mgvpublications.com\/de\/wp-json\/wp\/v2\/types\/product"}],"wp:featuredmedia":[{"embeddable":true,"href":"https:\/\/mgvpublications.com\/de\/wp-json\/wp\/v2\/media\/18731"}],"wp:attachment":[{"href":"https:\/\/mgvpublications.com\/de\/wp-json\/wp\/v2\/media?parent=18732"}],"wp:term":[{"taxonomy":"product_cat","embeddable":true,"href":"https:\/\/mgvpublications.com\/de\/wp-json\/wp\/v2\/product_cat?post=18732"},{"taxonomy":"product_tag","embeddable":true,"href":"https:\/\/mgvpublications.com\/de\/wp-json\/wp\/v2\/product_tag?post=18732"},{"taxonomy":"item","embeddable":true,"href":"https:\/\/mgvpublications.com\/de\/wp-json\/wp\/v2\/item?post=18732"}],"curies":[{"name":"wp","href":"https:\/\/api.w.org\/{rel}","templated":true}]}}