{"id":18730,"date":"2021-05-04T23:04:18","date_gmt":"2021-05-04T21:04:18","guid":{"rendered":"https:\/\/mgvpublications.com\/produkt\/ters-olan-ne-var-eglenceli-ara-bul-kitabi-tatil\/"},"modified":"2024-10-01T17:04:30","modified_gmt":"2024-10-01T15:04:30","slug":"ters-olan-ne-var-eglenceli-ara-bul-kitabi-tatil","status":"publish","type":"product","link":"https:\/\/mgvpublications.com\/de\/ters-olan-ne-var-eglenceli-ara-bul-kitabi-tatil\/","title":{"rendered":"Ters Olan Ne Var ? E\u011flenceli Ara-Bul Kitab\u0131 &#8211; Tatil !"},"content":{"rendered":"<p>\u00c7evirmen: Aylin Gergin<br \/>Yay\u0131n Tarihi: 14.07.2020<br \/>ISBN: 9786257999984<br \/>Dil: T\u00dcRK\u00c7E<br \/>Sayfa Say\u0131s\u0131: 32<br \/>Cilt Tipi: Karton Kapak<br \/>Ka\u011f\u0131t Cinsi: Ku\u015fe Ka\u011f\u0131t<br \/>Boyut: 21 x 27.5 cm<\/p>","protected":false},"excerpt":{"rendered":"<p>T\u00fcm yanl\u0131\u015fl\u0131klar\u0131 kim bulacak? Tatilde anneannesiyle dedesini ziyarete gidecek olan Defne \u00e7ok heyecanl\u0131yd\u0131. Birka\u00e7 saat s\u00fcren yolculuktan sonra trenden indi\u011finde, g\u00f6zlerine inanamad\u0131. \u0130stasyonda kendi kendine y\u00fcr\u00fcyen bir bavul vard\u0131! Asl\u0131nda her \u015feyde bir tuhafl\u0131k vard\u0131! Tuhafl\u0131klar g\u00fcn boyu devam etti\u2026 \u00c7ocuklar bu kitab\u0131 okurken hem e\u011flenecek hem de yanl\u0131\u015flar\u0131 bularak g\u00fcndelik hayatta ne kadar \u00e7ok \u015fey bildiklerini g\u00f6recekler. Yeti\u015fkinler de \u00e7ocuklarla birlikte yanl\u0131\u015flar\u0131 tahmin ederek \u00e7\u00f6z\u00fcm sayfas\u0131ndan kontrol edebilirler. \u00c7\u00f6z\u00fcm sayfalar\u0131 kitab\u0131n sonunda!<\/p>","protected":false},"featured_media":18729,"template":"","meta":{"spay_email":""},"product_cat":[172],"product_tag":[],"item":[336],"acf":[],"_links":{"self":[{"href":"https:\/\/mgvpublications.com\/de\/wp-json\/wp\/v2\/product\/18730"}],"collection":[{"href":"https:\/\/mgvpublications.com\/de\/wp-json\/wp\/v2\/product"}],"about":[{"href":"https:\/\/mgvpublications.com\/de\/wp-json\/wp\/v2\/types\/product"}],"wp:featuredmedia":[{"embeddable":true,"href":"https:\/\/mgvpublications.com\/de\/wp-json\/wp\/v2\/media\/18729"}],"wp:attachment":[{"href":"https:\/\/mgvpublications.com\/de\/wp-json\/wp\/v2\/media?parent=18730"}],"wp:term":[{"taxonomy":"product_cat","embeddable":true,"href":"https:\/\/mgvpublications.com\/de\/wp-json\/wp\/v2\/product_cat?post=18730"},{"taxonomy":"product_tag","embeddable":true,"href":"https:\/\/mgvpublications.com\/de\/wp-json\/wp\/v2\/product_tag?post=18730"},{"taxonomy":"item","embeddable":true,"href":"https:\/\/mgvpublications.com\/de\/wp-json\/wp\/v2\/item?post=18730"}],"curies":[{"name":"wp","href":"https:\/\/api.w.org\/{rel}","templated":true}]}}