{"id":18726,"date":"2021-05-04T23:04:15","date_gmt":"2021-05-04T21:04:15","guid":{"rendered":"https:\/\/mgvpublications.com\/produkt\/islam-benden-ne-ister\/"},"modified":"2022-03-08T22:52:25","modified_gmt":"2022-03-08T21:52:25","slug":"islam-benden-ne-ister","status":"publish","type":"product","link":"https:\/\/mgvpublications.com\/de\/islam-benden-ne-ister\/","title":{"rendered":"\u0130slam Benden Ne \u0130ster?"},"content":{"rendered":"<p>Yay\u0131n Tarihi: 27.05.2019<br \/>ISBN: 9786057619181<br \/>Dil: T\u00dcRK\u00c7E<br \/>Sayfa Say\u0131s\u0131: 568<br \/>Cilt Tipi: Karton Kapak<br \/>Ka\u011f\u0131t Cinsi: Kitap Ka\u011f\u0131d\u0131<br \/>Boyut: 13.5 x 21 cm<\/p>","protected":false},"excerpt":{"rendered":"<p>Gen\u00e7ler ba\u015fta olmak \u00fczere g\u00fcn\u00fcm\u00fcz m\u00fcmini b\u00fcy\u00fck bir savrulma ya\u015famakta ve kendi de\u011ferleriyle ba\u011f\u0131 her ge\u00e7en g\u00fcn zay\u0131flamaktad\u0131r. Bunun yan\u0131nda di\u011fer M\u00fcsl\u00fcmanlarla aras\u0131ndaki farkl\u0131 yakla\u015f\u0131mlara toleransla bakamamakta, bunu ayr\u0131\u015fma gerek\u00e7esine d\u00f6n\u00fc\u015ft\u00fcrmektedir. H\u00fcz\u00fcnlendiren manzaraya bak\u0131ld\u0131\u011f\u0131nda, inananlar\u0131n Kur\u2019an ve s\u00fcnnetin istedi\u011fi M\u00fcsl\u00fcmanlar haline getirilmesine, bunun yan\u0131nda keskin ayr\u0131\u015fman\u0131n sonland\u0131r\u0131lmas\u0131na her zamankinden daha fazla ihtiya\u00e7 oldu\u011fu anla\u015f\u0131lmaktad\u0131r. Bu yap\u0131lamad\u0131\u011f\u0131 takdirde, birlik olamam\u0131\u015f son peygamberin \u00fcmmeti yery\u00fcz\u00fcn\u00fcn ezilen ve d\u0131\u015flanan insanlar\u0131 olmay\u0131 s\u00fcrd\u00fcreceklerdir. Elinizdeki kitap, Kur\u2019an ve s\u00fcnnet merkezli bir \u00fcmmet hayaliyle \u00e7a\u011f\u0131m\u0131z M\u00fcsl\u00fcman\u0131na sahip olmas\u0131 gereken de\u011ferleri hat\u0131rlatmakta, karde\u015fleriyle bir arada olman\u0131n \u00f6l\u00e7\u00fclerini sunmakta, insanl\u0131\u011f\u0131n \u00f6n\u00fcne tekrar ge\u00e7erek rehberlik yapmaya davet etmektedir.<\/p>","protected":false},"featured_media":18725,"template":"","meta":{"spay_email":""},"product_cat":[174],"product_tag":[],"item":[],"acf":[],"_links":{"self":[{"href":"https:\/\/mgvpublications.com\/de\/wp-json\/wp\/v2\/product\/18726"}],"collection":[{"href":"https:\/\/mgvpublications.com\/de\/wp-json\/wp\/v2\/product"}],"about":[{"href":"https:\/\/mgvpublications.com\/de\/wp-json\/wp\/v2\/types\/product"}],"wp:featuredmedia":[{"embeddable":true,"href":"https:\/\/mgvpublications.com\/de\/wp-json\/wp\/v2\/media\/18725"}],"wp:attachment":[{"href":"https:\/\/mgvpublications.com\/de\/wp-json\/wp\/v2\/media?parent=18726"}],"wp:term":[{"taxonomy":"product_cat","embeddable":true,"href":"https:\/\/mgvpublications.com\/de\/wp-json\/wp\/v2\/product_cat?post=18726"},{"taxonomy":"product_tag","embeddable":true,"href":"https:\/\/mgvpublications.com\/de\/wp-json\/wp\/v2\/product_tag?post=18726"},{"taxonomy":"item","embeddable":true,"href":"https:\/\/mgvpublications.com\/de\/wp-json\/wp\/v2\/item?post=18726"}],"curies":[{"name":"wp","href":"https:\/\/api.w.org\/{rel}","templated":true}]}}