{"id":18718,"date":"2021-05-04T23:04:10","date_gmt":"2021-05-04T21:04:10","guid":{"rendered":"https:\/\/mgvpublications.com\/produkt\/kuran-bize-yeter-soylemi\/"},"modified":"2022-03-08T22:52:24","modified_gmt":"2022-03-08T21:52:24","slug":"kuran-bize-yeter-soylemi","status":"publish","type":"product","link":"https:\/\/mgvpublications.com\/de\/kuran-bize-yeter-soylemi\/","title":{"rendered":"Kur\u2019an Bize Yeter S\u00f6ylemi"},"content":{"rendered":"<p>Yay\u0131n Tarihi: 12.03.2020<br \/>ISBN: 9786257069199<br \/>Dil: T\u00dcRK\u00c7E<br \/>Sayfa Say\u0131s\u0131: 176<br \/>Cilt Tipi: Karton Kapak<br \/>Ka\u011f\u0131t Cinsi: Kitap Ka\u011f\u0131d\u0131<br \/>Boyut: 13.5 x 21 cm<\/p>","protected":false},"excerpt":{"rendered":"<p>\u0130sl\u00e2m \u00fcmmetinin azametli g\u00fcnlerine yeniden d\u00f6nmesinin yollar\u0131n\u0131 ara\u015ft\u0131rmak amac\u0131yla M\u00fcsl\u00fcmanlar yakla\u015f\u0131k iki as\u0131rd\u0131r \u00e7\u00f6z\u00fcmler \u00fcretmeye gayret etmektedirler. Bu ba\u011flamda baz\u0131lar\u0131, sorunlar\u0131n k\u00f6keninde hadisleri g\u00f6rmekte ve \u00fcmmeti bir araya getirmek i\u00e7in iki kapak aras\u0131ndaki Kur\u2019an ile yetinmenin yeterli olaca\u011f\u0131n\u0131 \u00f6ne s\u00fcrmektedir. Bunu derken de hadislerin tefrikaya sebebiyet verdi\u011fini ve g\u00fcvenilir olmad\u0131\u011f\u0131n\u0131 iddia etmektedirler. Bu kitap hadis ve s\u00fcnnet olmadan dinin asla ya\u015fanamayaca\u011f\u0131n\u0131 ortaya koymaktad\u0131r.<\/p>","protected":false},"featured_media":18717,"template":"","meta":{"spay_email":""},"product_cat":[174],"product_tag":[],"item":[],"acf":[],"_links":{"self":[{"href":"https:\/\/mgvpublications.com\/de\/wp-json\/wp\/v2\/product\/18718"}],"collection":[{"href":"https:\/\/mgvpublications.com\/de\/wp-json\/wp\/v2\/product"}],"about":[{"href":"https:\/\/mgvpublications.com\/de\/wp-json\/wp\/v2\/types\/product"}],"wp:featuredmedia":[{"embeddable":true,"href":"https:\/\/mgvpublications.com\/de\/wp-json\/wp\/v2\/media\/18717"}],"wp:attachment":[{"href":"https:\/\/mgvpublications.com\/de\/wp-json\/wp\/v2\/media?parent=18718"}],"wp:term":[{"taxonomy":"product_cat","embeddable":true,"href":"https:\/\/mgvpublications.com\/de\/wp-json\/wp\/v2\/product_cat?post=18718"},{"taxonomy":"product_tag","embeddable":true,"href":"https:\/\/mgvpublications.com\/de\/wp-json\/wp\/v2\/product_tag?post=18718"},{"taxonomy":"item","embeddable":true,"href":"https:\/\/mgvpublications.com\/de\/wp-json\/wp\/v2\/item?post=18718"}],"curies":[{"name":"wp","href":"https:\/\/api.w.org\/{rel}","templated":true}]}}