{"id":18714,"date":"2021-05-04T23:04:09","date_gmt":"2021-05-04T21:04:09","guid":{"rendered":"https:\/\/mgvpublications.com\/produkt\/evimize-gelen-dev\/"},"modified":"2022-03-08T22:52:24","modified_gmt":"2022-03-08T21:52:24","slug":"evimize-gelen-dev","status":"publish","type":"product","link":"https:\/\/mgvpublications.com\/de\/evimize-gelen-dev\/","title":{"rendered":"Evimize Gelen Dev"},"content":{"rendered":"<p>\u00c7evirmen: Mert G\u00fcrel<br \/>Yay\u0131n Tarihi: 16.07.2019<br \/>Orijinal Ad\u0131: The Yeti who Came to Say<br \/>ISBN: 9786052958537<br \/>Dil: T\u00dcRK\u00c7E<br \/>Sayfa Say\u0131s\u0131: 24<br \/>Cilt Tipi: Karton Kapak<br \/>Ka\u011f\u0131t Cinsi: Kitap Ka\u011f\u0131d\u0131<br \/>Boyut: 25 x 25 cm<\/p>","protected":false},"excerpt":{"rendered":"<p>Ali, gizemli dev hakk\u0131ndaki \u00f6yk\u00fcy\u00fc okudu\u011fundan beri onunla tan\u0131\u015fmak i\u00e7in sab\u0131rs\u0131zlan\u0131yor. Ancak devler ger\u00e7ek de\u011fildir, \u00f6yle de\u011fil mi? B\u00fct\u00fcn yiyecekleri silip s\u00fcp\u00fcren, geceleri g\u00fcr\u00fclt\u00fcyle horlayan ve z\u0131p z\u0131p z\u0131plamay\u0131 seven bu e\u011flenceli ve t\u00fcyl\u00fc yarat\u0131kla arkada\u015f olmak isteyen Ali\u2019ye kat\u0131l\u0131n. Denizlerin \u00f6tesinde, da\u011flar\u0131n \u00fcst\u00fcnde, karlar\u0131n i\u00e7inde\u2026 en iyi dostluklar bazen en beklenmedik yerlerde kurulur.<\/p>","protected":false},"featured_media":18713,"template":"","meta":{"spay_email":""},"product_cat":[172],"product_tag":[],"item":[336],"acf":[],"_links":{"self":[{"href":"https:\/\/mgvpublications.com\/de\/wp-json\/wp\/v2\/product\/18714"}],"collection":[{"href":"https:\/\/mgvpublications.com\/de\/wp-json\/wp\/v2\/product"}],"about":[{"href":"https:\/\/mgvpublications.com\/de\/wp-json\/wp\/v2\/types\/product"}],"wp:featuredmedia":[{"embeddable":true,"href":"https:\/\/mgvpublications.com\/de\/wp-json\/wp\/v2\/media\/18713"}],"wp:attachment":[{"href":"https:\/\/mgvpublications.com\/de\/wp-json\/wp\/v2\/media?parent=18714"}],"wp:term":[{"taxonomy":"product_cat","embeddable":true,"href":"https:\/\/mgvpublications.com\/de\/wp-json\/wp\/v2\/product_cat?post=18714"},{"taxonomy":"product_tag","embeddable":true,"href":"https:\/\/mgvpublications.com\/de\/wp-json\/wp\/v2\/product_tag?post=18714"},{"taxonomy":"item","embeddable":true,"href":"https:\/\/mgvpublications.com\/de\/wp-json\/wp\/v2\/item?post=18714"}],"curies":[{"name":"wp","href":"https:\/\/api.w.org\/{rel}","templated":true}]}}