{"id":18708,"date":"2021-05-04T23:04:07","date_gmt":"2021-05-04T21:04:07","guid":{"rendered":"https:\/\/mgvpublications.com\/produkt\/elif-kuaforde\/"},"modified":"2022-03-08T22:52:24","modified_gmt":"2022-03-08T21:52:24","slug":"elif-kuaforde","status":"publish","type":"product","link":"https:\/\/mgvpublications.com\/de\/elif-kuaforde\/","title":{"rendered":"Elif Kuaf\u00f6rde"},"content":{"rendered":"<p>\u00c7evirmen: Ay\u00e7a Sabuncuo\u011flu<br \/>Yay\u0131n Tarihi: 16.02.2018<br \/>ISBN: 9786053604778<br \/>Dil: T\u00dcRK\u00c7E<br \/>Sayfa Say\u0131s\u0131: 24<br \/>Cilt Tipi: Karton Kapak<br \/>Ka\u011f\u0131t Cinsi: Ku\u015fe Ka\u011f\u0131t<br \/>Boyut: 22 x 22 cm<\/p>","protected":false},"excerpt":{"rendered":"<p>Elif\u2019in sa\u00e7lar\u0131 \u00e7ok uzam\u0131\u015ft\u0131 ve s\u00fcrekli kar\u0131\u015f\u0131yordu. Annesi kuaf\u00f6re gitmeyi \u00f6nerdi. Ama Elif sa\u00e7lar\u0131n\u0131 kestirmekten korkuyordu. Arkada\u015f\u0131 Leyla ile birlikte kuaf\u00f6rc\u00fcl\u00fck oynarken, sa\u00e7lar\u0131na sak\u0131z yap\u0131\u015f\u0131nca kuaf\u00f6re gitmek ka\u00e7\u0131n\u0131lmaz oldu. Acaba kuaf\u00f6re gitmek ger\u00e7ekten zor bir \u015fey mi?<\/p>","protected":false},"featured_media":18707,"template":"","meta":{"spay_email":""},"product_cat":[172],"product_tag":[],"item":[336],"acf":[],"_links":{"self":[{"href":"https:\/\/mgvpublications.com\/de\/wp-json\/wp\/v2\/product\/18708"}],"collection":[{"href":"https:\/\/mgvpublications.com\/de\/wp-json\/wp\/v2\/product"}],"about":[{"href":"https:\/\/mgvpublications.com\/de\/wp-json\/wp\/v2\/types\/product"}],"wp:featuredmedia":[{"embeddable":true,"href":"https:\/\/mgvpublications.com\/de\/wp-json\/wp\/v2\/media\/18707"}],"wp:attachment":[{"href":"https:\/\/mgvpublications.com\/de\/wp-json\/wp\/v2\/media?parent=18708"}],"wp:term":[{"taxonomy":"product_cat","embeddable":true,"href":"https:\/\/mgvpublications.com\/de\/wp-json\/wp\/v2\/product_cat?post=18708"},{"taxonomy":"product_tag","embeddable":true,"href":"https:\/\/mgvpublications.com\/de\/wp-json\/wp\/v2\/product_tag?post=18708"},{"taxonomy":"item","embeddable":true,"href":"https:\/\/mgvpublications.com\/de\/wp-json\/wp\/v2\/item?post=18708"}],"curies":[{"name":"wp","href":"https:\/\/api.w.org\/{rel}","templated":true}]}}