{"id":18706,"date":"2021-05-04T23:04:07","date_gmt":"2021-05-04T21:04:07","guid":{"rendered":"https:\/\/mgvpublications.com\/produkt\/irade-terbiyesi-2\/"},"modified":"2022-04-21T17:45:48","modified_gmt":"2022-04-21T15:45:48","slug":"irade-terbiyesi-2","status":"publish","type":"product","link":"https:\/\/mgvpublications.com\/de\/irade-terbiyesi-2\/","title":{"rendered":"\u0130rade Terbiyesi"},"content":{"rendered":"<p>\u00c7evirmen: Oya I\u015f\u0131k<br \/>Yay\u0131n Tarihi: 21.01.2021<br \/>ISBN: 9786257300568<br \/>Dil: T\u00dcRK\u00c7E<br \/>Sayfa Say\u0131s\u0131: 232<br \/>Cilt Tipi: Karton Kapak<br \/>Ka\u011f\u0131t Cinsi: Kitap Ka\u011f\u0131d\u0131<br \/>Boyut: 12.5 x 19.5 cm<\/p>","protected":false},"excerpt":{"rendered":"<p>E\u011fitimci Jules Payot, \u0130rade Terbiyesi\u2019nde, tembellikten ar\u0131nd\u0131r\u0131lm\u0131\u015f sa\u011flam bir zihni nas\u0131l yaratabilece\u011fimizi anlat\u0131yor. \u00c7abalamay\u0131 asla b\u0131rakmamam\u0131z\u0131, arzu etti\u011fimiz hayata ula\u015fabilmemiz i\u00e7in zaruri bir terbiyeye ihtiyac\u0131 olan irademizi s\u00fcrekli s\u0131navdan ge\u00e7irmemizi \u00f6\u011f\u00fctl\u00fcyor. \u00d6zellikle gen\u00e7lere ve zihin i\u015f\u00e7ilerine seslenen Payot, safsatalardan, tembel arkada\u015flardan, dikkatimizi da\u011f\u0131tacak ve azmimizi azaltacak durumlardan nas\u0131l ka\u00e7\u0131nabilece\u011fimizi a\u00e7\u0131kl\u0131yor.<\/p>","protected":false},"featured_media":22622,"template":"","meta":{"spay_email":""},"product_cat":[169],"product_tag":[],"item":[1439],"acf":[],"_links":{"self":[{"href":"https:\/\/mgvpublications.com\/de\/wp-json\/wp\/v2\/product\/18706"}],"collection":[{"href":"https:\/\/mgvpublications.com\/de\/wp-json\/wp\/v2\/product"}],"about":[{"href":"https:\/\/mgvpublications.com\/de\/wp-json\/wp\/v2\/types\/product"}],"wp:featuredmedia":[{"embeddable":true,"href":"https:\/\/mgvpublications.com\/de\/wp-json\/wp\/v2\/media\/22622"}],"wp:attachment":[{"href":"https:\/\/mgvpublications.com\/de\/wp-json\/wp\/v2\/media?parent=18706"}],"wp:term":[{"taxonomy":"product_cat","embeddable":true,"href":"https:\/\/mgvpublications.com\/de\/wp-json\/wp\/v2\/product_cat?post=18706"},{"taxonomy":"product_tag","embeddable":true,"href":"https:\/\/mgvpublications.com\/de\/wp-json\/wp\/v2\/product_tag?post=18706"},{"taxonomy":"item","embeddable":true,"href":"https:\/\/mgvpublications.com\/de\/wp-json\/wp\/v2\/item?post=18706"}],"curies":[{"name":"wp","href":"https:\/\/api.w.org\/{rel}","templated":true}]}}