{"id":18702,"date":"2021-05-04T23:04:05","date_gmt":"2021-05-04T21:04:05","guid":{"rendered":"https:\/\/mgvpublications.com\/produkt\/sis-ve-ay-isigi\/"},"modified":"2022-03-08T22:52:22","modified_gmt":"2022-03-08T21:52:22","slug":"sis-ve-ay-isigi","status":"publish","type":"product","link":"https:\/\/mgvpublications.com\/de\/sis-ve-ay-isigi\/","title":{"rendered":"Sis ve Ay I\u015f\u0131\u011f\u0131"},"content":{"rendered":"<p>\u00c7evirmen: Aldiana G\u00fc\u00e7l\u00fc<br \/>Yay\u0131n Tarihi: 28.09.2020<br \/>Orijinal Ad\u0131: Magla i mjese\u010dina<br \/>ISBN: 9786257789059<br \/>Dil: T\u00dcRK\u00c7E<br \/>Sayfa Say\u0131s\u0131: 142<br \/>Cilt Tipi: Karton Kapak<br \/>Ka\u011f\u0131t Cinsi: Kitap Ka\u011f\u0131d\u0131<br \/>Boyut: 13 x 20 cm<br \/>Editor: Bilal Yakup<\/p>","protected":false},"excerpt":{"rendered":"<p>Zaman, b\u00fcy\u00fck de\u011fi\u015fimlerin yakla\u015ft\u0131\u011f\u0131 1940\u2019lar. Yer, Naziler taraf\u0131ndan i\u015fgale u\u011frayan ve d\u00f6rt bir yandan par\u00e7alanan, krall\u0131ktan Sosyalizme ge\u00e7i\u015f sanc\u0131lar\u0131 \u00e7eken Yugoslavya. Her yan\u0131 ku\u015fatan kesif bir sis ve i\u00e7inde her k\u0131rk y\u0131lda bir kendini tekrar eden sava\u015f. Ve bu bo\u011fucu \u00e7emberin d\u0131\u015f\u0131nda kalmak isteyen mutsuz bir kar\u0131 kocan\u0131n k\u0131\u015flaya d\u00f6nen \u0131ss\u0131z bir ovadaki evleri. Ya\u015fananlardan uzak kalmak isteyen Yovan, varolu\u015fu t\u00fcmden sorgulayarak kendi i\u00e7indeki sava\u015fa dalm\u0131\u015fken, gen\u00e7 kar\u0131s\u0131 Luba ise bu ku\u015fatmay\u0131 i\u00e7selle\u015ftirerek kad\u0131n g\u00f6z\u00fcnden bir sava\u015f anlat\u0131s\u0131 sunuyor bizlere. Sis ve Ay I\u015f\u0131\u011f\u0131 (1965), \u0130kinci D\u00fcnya Sava\u015f\u0131 s\u0131ras\u0131nda, Me\u015fa Selimovi\u00e7\u2019in Partizanlara bizzat kat\u0131larak g\u00f6zlemledi\u011fi anti-Nazi direni\u015finden esinlenerek yaz\u0131lm\u0131\u015f bir roman. Yazar, sava\u015f\u0131 yer yer \u015fiirsel bi\u00e7imde, yer yer de karakterlerin psikolojik \u00e7\u00f6z\u00fcmlemeleriyle tahlil eder. Selimovi\u00e7\u2019i, Dervi\u015f ve \u00d6l\u00fcm ile Kale gibi ba\u015fyap\u0131tlar\u0131 yazmas\u0131na haz\u0131rlayan eseri olarak g\u00f6r\u00fclen bu roman, ayn\u0131 zamanda lirik dili ve Dostoyevskivari karakterlerinden dolay\u0131 Partizan edebiyat\u0131n\u0131n zirvesi olarak kabul edilmektedir.<\/p>","protected":false},"featured_media":18701,"template":"","meta":{"spay_email":""},"product_cat":[168],"product_tag":[],"item":[1249],"acf":[],"_links":{"self":[{"href":"https:\/\/mgvpublications.com\/de\/wp-json\/wp\/v2\/product\/18702"}],"collection":[{"href":"https:\/\/mgvpublications.com\/de\/wp-json\/wp\/v2\/product"}],"about":[{"href":"https:\/\/mgvpublications.com\/de\/wp-json\/wp\/v2\/types\/product"}],"wp:featuredmedia":[{"embeddable":true,"href":"https:\/\/mgvpublications.com\/de\/wp-json\/wp\/v2\/media\/18701"}],"wp:attachment":[{"href":"https:\/\/mgvpublications.com\/de\/wp-json\/wp\/v2\/media?parent=18702"}],"wp:term":[{"taxonomy":"product_cat","embeddable":true,"href":"https:\/\/mgvpublications.com\/de\/wp-json\/wp\/v2\/product_cat?post=18702"},{"taxonomy":"product_tag","embeddable":true,"href":"https:\/\/mgvpublications.com\/de\/wp-json\/wp\/v2\/product_tag?post=18702"},{"taxonomy":"item","embeddable":true,"href":"https:\/\/mgvpublications.com\/de\/wp-json\/wp\/v2\/item?post=18702"}],"curies":[{"name":"wp","href":"https:\/\/api.w.org\/{rel}","templated":true}]}}