{"id":18700,"date":"2021-05-04T23:04:05","date_gmt":"2021-05-04T21:04:05","guid":{"rendered":"https:\/\/mgvpublications.com\/produkt\/dervis-ve-olum\/"},"modified":"2022-03-08T22:52:22","modified_gmt":"2022-03-08T21:52:22","slug":"dervis-ve-olum","status":"publish","type":"product","link":"https:\/\/mgvpublications.com\/de\/dervis-ve-olum\/","title":{"rendered":"Dervi\u015f ve \u00d6l\u00fcm"},"content":{"rendered":"<p>\u00c7evirmen: Mahmut K\u0131ratl\u0131<br \/>Yay\u0131n Tarihi: 30.10.2019<br \/>ISBN: 9789752639515<br \/>Dil: T\u00dcRK\u00c7E<br \/>Sayfa Say\u0131s\u0131: 464<br \/>Cilt Tipi: Karton Kapak<br \/>Ka\u011f\u0131t Cinsi: Kitap Ka\u011f\u0131d\u0131<br \/>Boyut: 13.5 x 21 cm<\/p>","protected":false},"excerpt":{"rendered":"<p>Me\u015fa Selimovi\u00e7, Dervi\u015f ve \u00d6l\u00fcm&#8217;de mutlak din\u00ee do\u011frular \u00fczerine kurulu d\u00fcnyas\u0131nda ya\u015fayan Mevlev\u00ee \u015feyhi Ahmed Nureddin&#8217;in, erkek karde\u015finin su\u00e7suz yere tutuklan\u0131p idam edilmesinden sonra d\u00fc\u015ft\u00fc\u011f\u00fc derin karma\u015fay\u0131 resmediyor. Su\u00e7, ceza, adalet, din ve otorite kavramlar\u0131 \u00e7er\u00e7evesinde insan\u0131n ruh d\u00fcnyas\u0131ndaki \u00e7eli\u015fkileri, gelgitleri incelikle i\u015fliyor. 1967&#8217;de yay\u0131mlanan Dervi\u015f ve \u00d6l\u00fcm, de\u011fi\u015fik d\u00f6nemlerde bir\u00e7ok ele\u015ftirmenin \u00f6vg\u00fcs\u00fcn\u00fc kazanan, sinemaya uyarlanan, MEB&#8217;in tavsiye etti\u011fi 100 Temel Eser listesinde yer alan, otuz dile \u00e7evrilmi\u015f ve bir\u00e7ok \u00f6nemli edebiyat \u00f6d\u00fcl\u00fcne lay\u0131k g\u00f6r\u00fclm\u00fc\u015f bir ba\u015fyap\u0131t. \u201cModern(ist) edebiyat\u00e7\u0131lar\u0131n benmerkezci hayalcili\u011fin pen\u00e7esinde k\u0131vrand\u0131\u011f\u0131 bir d\u00f6nemde Selimovi\u00e7, dervi\u015fli\u011fe, \u00f6l\u00fcme ve adalet(sizlik)e ili\u015fkin bu \u00f6l\u00fcms\u00fcz eseri yazm\u0131\u015ft\u0131r. [\u2026] Mahmut K\u0131ratl\u0131\u2019n\u0131n enfes \u00e7evirisinden okuyaca\u011f\u0131n\u0131z eser, bu y\u00f6n\u00fcyle, yani ahlaki olanla politik olan aras\u0131ndaki \u00e7at\u0131\u015fmay\u0131 eksene almas\u0131, geleneksel bilgeli\u011fin modern zamanlarla kar\u015f\u0131la\u015fmas\u0131, \u2018\u00f6teki\u2019nin \u00f6l\u00fcm\u00fc \u00fczerinden adaleti sorgulamas\u0131 bak\u0131m\u0131ndan son derece de\u011ferli bir hik\u00e2yedir; \u00e7ok \u00f6nemli bir meseleyi \u00f6n\u00fcm\u00fcze getirir.\u201d Sad\u0131k Yals\u0131zu\u00e7anlar<\/p>","protected":false},"featured_media":18699,"template":"","meta":{"spay_email":""},"product_cat":[168],"product_tag":[],"item":[360],"acf":[],"_links":{"self":[{"href":"https:\/\/mgvpublications.com\/de\/wp-json\/wp\/v2\/product\/18700"}],"collection":[{"href":"https:\/\/mgvpublications.com\/de\/wp-json\/wp\/v2\/product"}],"about":[{"href":"https:\/\/mgvpublications.com\/de\/wp-json\/wp\/v2\/types\/product"}],"wp:featuredmedia":[{"embeddable":true,"href":"https:\/\/mgvpublications.com\/de\/wp-json\/wp\/v2\/media\/18699"}],"wp:attachment":[{"href":"https:\/\/mgvpublications.com\/de\/wp-json\/wp\/v2\/media?parent=18700"}],"wp:term":[{"taxonomy":"product_cat","embeddable":true,"href":"https:\/\/mgvpublications.com\/de\/wp-json\/wp\/v2\/product_cat?post=18700"},{"taxonomy":"product_tag","embeddable":true,"href":"https:\/\/mgvpublications.com\/de\/wp-json\/wp\/v2\/product_tag?post=18700"},{"taxonomy":"item","embeddable":true,"href":"https:\/\/mgvpublications.com\/de\/wp-json\/wp\/v2\/item?post=18700"}],"curies":[{"name":"wp","href":"https:\/\/api.w.org\/{rel}","templated":true}]}}