{"id":18696,"date":"2021-05-04T23:04:01","date_gmt":"2021-05-04T21:04:01","guid":{"rendered":"https:\/\/mgvpublications.com\/produkt\/kuvvetler-ayriligi-olmayinca-otoriter-demokrasi-1946-1960\/"},"modified":"2022-03-08T22:52:21","modified_gmt":"2022-03-08T21:52:21","slug":"kuvvetler-ayriligi-olmayinca-otoriter-demokrasi-1946-1960","status":"publish","type":"product","link":"https:\/\/mgvpublications.com\/de\/kuvvetler-ayriligi-olmayinca-otoriter-demokrasi-1946-1960\/","title":{"rendered":"Kuvvetler Ayr\u0131l\u0131\u011f\u0131 Olmay\u0131nca Otoriter Demokrasi: 1946-1960"},"content":{"rendered":"<p>Yay\u0131n Tarihi: 13.03.2021<br \/>ISBN: 9786050981599<br \/>Dil: T\u00dcRK\u00c7E<br \/>Sayfa Say\u0131s\u0131: 448<br \/>Cilt Tipi: Karton Kapak<br \/>Ka\u011f\u0131t Cinsi: Kitap Ka\u011f\u0131d\u0131<br \/>Boyut: 13.6 x 21 cm<\/p>","protected":false},"excerpt":{"rendered":"<p>Elinizdeki kitab\u0131n \u00f6zelli\u011fi, 1946-1960 d\u00f6nemine sistem sorunu a\u00e7\u0131s\u0131ndan bakmas\u0131d\u0131r. T\u00fcrkiye 1950\u2019de \u00e7ok partili hayata ge\u00e7ti fakat otoriter siyasi k\u00fclt\u00fcrle ve kuvvetler birli\u011fi sistemiyle\u2026 Ba\u015fta Celal Bayar olmak \u00fczere DP iktidar\u0131 kuvvetler ayr\u0131l\u0131\u011f\u0131na dayal\u0131 yeni bir anayasa yapmay\u0131 reddetti! Kuvvetler ayr\u0131l\u0131\u011f\u0131, yarg\u0131 ba\u011f\u0131ms\u0131zl\u0131\u011f\u0131, ba\u011f\u0131ms\u0131z anayasa mahkemesi ve hukukun \u00fcst\u00fcnl\u00fc\u011f\u00fc k\u00fclt\u00fcr\u00fc olmadan 1950 y\u0131l\u0131nda girilen \u00e7ok partili d\u00f6nemde olaylar nas\u0131l geli\u015fti? Siyaset darbe felaketine giden yolda nas\u0131l y\u00fcr\u00fcd\u00fc? 1946-1960 d\u00f6nemine bir tarih laboratuvar\u0131 gibi bakan Taha Akyol\u2019un kitab\u0131nda bu sorunun cevaplar\u0131n\u0131 bulacaks\u0131n\u0131z.<\/p>","protected":false},"featured_media":18695,"template":"","meta":{"spay_email":""},"product_cat":[173],"product_tag":[],"item":[563],"acf":[],"_links":{"self":[{"href":"https:\/\/mgvpublications.com\/de\/wp-json\/wp\/v2\/product\/18696"}],"collection":[{"href":"https:\/\/mgvpublications.com\/de\/wp-json\/wp\/v2\/product"}],"about":[{"href":"https:\/\/mgvpublications.com\/de\/wp-json\/wp\/v2\/types\/product"}],"wp:featuredmedia":[{"embeddable":true,"href":"https:\/\/mgvpublications.com\/de\/wp-json\/wp\/v2\/media\/18695"}],"wp:attachment":[{"href":"https:\/\/mgvpublications.com\/de\/wp-json\/wp\/v2\/media?parent=18696"}],"wp:term":[{"taxonomy":"product_cat","embeddable":true,"href":"https:\/\/mgvpublications.com\/de\/wp-json\/wp\/v2\/product_cat?post=18696"},{"taxonomy":"product_tag","embeddable":true,"href":"https:\/\/mgvpublications.com\/de\/wp-json\/wp\/v2\/product_tag?post=18696"},{"taxonomy":"item","embeddable":true,"href":"https:\/\/mgvpublications.com\/de\/wp-json\/wp\/v2\/item?post=18696"}],"curies":[{"name":"wp","href":"https:\/\/api.w.org\/{rel}","templated":true}]}}