{"id":18688,"date":"2021-05-04T23:03:59","date_gmt":"2021-05-04T21:03:59","guid":{"rendered":"https:\/\/mgvpublications.com\/produkt\/dijital-dunyada-e-beveyn-olmak\/"},"modified":"2022-03-08T22:52:21","modified_gmt":"2022-03-08T21:52:21","slug":"dijital-dunyada-e-beveyn-olmak","status":"publish","type":"product","link":"https:\/\/mgvpublications.com\/de\/dijital-dunyada-e-beveyn-olmak\/","title":{"rendered":"Dijital D\u00fcnyada E-Beveyn Olmak"},"content":{"rendered":"<p>Yay\u0131n Tarihi: 12.10.2019<br \/>ISBN: 9786050830668<br \/>Dil: T\u00dcRK\u00c7E<br \/>Sayfa Say\u0131s\u0131: 240<br \/>Cilt Tipi: Karton Kapak<br \/>Ka\u011f\u0131t Cinsi: Kitap Ka\u011f\u0131d\u0131<br \/>Boyut: 13.5 x 21 cm<\/p>","protected":false},"excerpt":{"rendered":"<p>\u201cDijital d\u00fcnyada e-beveyn olmak\u201d derken ne kastediyoruz? \u0130nternet art\u0131k hepimizin hayat\u0131n\u0131n vazge\u00e7ilmez bir par\u00e7as\u0131. Bir yan\u0131yla \u00e7ok zengin bir f\u0131rsatlar d\u00fcnyas\u0131, bir yan\u0131yla da \u00f6n\u00fc al\u0131nmazsa b\u00fcy\u00fck risklere gebe bir may\u0131n tarlas\u0131. Hadi biz yeti\u015fkinler bu may\u0131n tarlas\u0131nda bir \u015fekilde g\u00fcvenle yol alabiliyoruz. Peki \u00e7ocuklar\u0131m\u0131z? Onlar\u0131n bu d\u00fcnyada var olmalar\u0131n\u0131n \u00f6n\u00fcne ge\u00e7mek ne m\u00fcmk\u00fcn ne de ger\u00e7ek\u00e7i. O halde zaman zaman kendimizi \u00e7ocuklar\u0131m\u0131zdan daha acemi hissetti\u011fimiz bu d\u00fcnyada onlar\u0131 nas\u0131l koruyaca\u011f\u0131z? Adeta herkesin \u201corada\u201d oldu\u011fu bu f\u0131rsatlar ve riskler evreninde tek \u00e7\u00f6z\u00fcm, \u00e7ocu\u011funuzun elinden tutup caddenin g\u00fcvenli taraf\u0131nda birlikte gezmek&#8230; El tutma ya\u015f\u0131n\u0131 ge\u00e7tiyse, en az\u0131ndan onun birka\u00e7 ad\u0131m arkas\u0131ndan y\u00fcr\u00fcmek\u2026 Takip mesafesini do\u011fru ayarlamak\u2026 E\u011fitimci Salih Uyan, i\u015fte bu evrende \u00e7ocuklar\u0131n\u0131n g\u00fcvenli\u011fini sa\u011flamak isteyen anne babalara sesleniyor. Dijital d\u00fcnyan\u0131n kendine has \u00f6zellikleri, bizi bu d\u00fcnyayla ba\u011flant\u0131l\u0131 hale getiren ak\u0131ll\u0131 telefonlar, oyunlar, sosyal medya\u2026. Medya \u00fczerinden \u00fcretilen sanal ger\u00e7eklik, siber zorbal\u0131k ve b\u00fct\u00fcn bunlar\u0131n \u00e7ocuklar\u0131m\u0131z\u0131n ki\u015filik geli\u015fimine, sosyal uyumuna, dil geli\u015fimine etkileri gibi konular\u0131 masaya yat\u0131r\u0131yor. Hem bir e\u011fitimci hem de bir \u201cdijital d\u00fcnya g\u00f6\u00e7meni\u201d olarak, bizleri dijital d\u00fcnyan\u0131n yerlileri olan, do\u011fduklar\u0131 andan itibaren kendilerini bu \u00e2lemde bulan \u00e7ocuklar\u0131m\u0131za nas\u0131l rehberlik edebilece\u011fimiz \u00fczerine birlikte kafa yormaya davet ediyor. Kimi zaman esprili, kimi zaman bizi bize g\u00f6steren ince dokunu\u015flarla ve \u00e7\u00f6z\u00fcm \u00f6nerileri getiren bir bak\u0131\u015fla\u2026<\/p>","protected":false},"featured_media":18687,"template":"","meta":{"spay_email":""},"product_cat":[171],"product_tag":[],"item":[360],"acf":[],"_links":{"self":[{"href":"https:\/\/mgvpublications.com\/de\/wp-json\/wp\/v2\/product\/18688"}],"collection":[{"href":"https:\/\/mgvpublications.com\/de\/wp-json\/wp\/v2\/product"}],"about":[{"href":"https:\/\/mgvpublications.com\/de\/wp-json\/wp\/v2\/types\/product"}],"wp:featuredmedia":[{"embeddable":true,"href":"https:\/\/mgvpublications.com\/de\/wp-json\/wp\/v2\/media\/18687"}],"wp:attachment":[{"href":"https:\/\/mgvpublications.com\/de\/wp-json\/wp\/v2\/media?parent=18688"}],"wp:term":[{"taxonomy":"product_cat","embeddable":true,"href":"https:\/\/mgvpublications.com\/de\/wp-json\/wp\/v2\/product_cat?post=18688"},{"taxonomy":"product_tag","embeddable":true,"href":"https:\/\/mgvpublications.com\/de\/wp-json\/wp\/v2\/product_tag?post=18688"},{"taxonomy":"item","embeddable":true,"href":"https:\/\/mgvpublications.com\/de\/wp-json\/wp\/v2\/item?post=18688"}],"curies":[{"name":"wp","href":"https:\/\/api.w.org\/{rel}","templated":true}]}}