{"id":18684,"date":"2021-05-04T23:03:58","date_gmt":"2021-05-04T21:03:58","guid":{"rendered":"https:\/\/mgvpublications.com\/produkt\/zeynep-kiraz-2-okulun-fenomeni\/"},"modified":"2022-03-08T22:52:21","modified_gmt":"2022-03-08T21:52:21","slug":"zeynep-kiraz-2-okulun-fenomeni","status":"publish","type":"product","link":"https:\/\/mgvpublications.com\/de\/zeynep-kiraz-2-okulun-fenomeni\/","title":{"rendered":"Zeynep Kiraz \u2013 2 Okulun Fenomeni"},"content":{"rendered":"<p>Yay\u0131n Tarihi: 25.02.2020<br \/>ISBN: 9786052236901<br \/>Dil: T\u00dcRK\u00c7E<br \/>Sayfa Say\u0131s\u0131: 160<br \/>Cilt Tipi: Karton Kapak<br \/>Ka\u011f\u0131t Cinsi: Kitap Ka\u011f\u0131d\u0131<br \/>Boyut: 13.5 x 21 cm<\/p>","protected":false},"excerpt":{"rendered":"<p>Youtube\u2019un alt\u0131n\u0131 \u00fcst\u00fcne getirecek fikirlere mi ihtiyac\u0131n var? \u0130nstagram\u2019da zibilyon takip\u00e7iye ula\u015fman\u0131n gizemli yollar\u0131n\u0131 m\u0131 merak ediyorsun? \u201cNas\u0131l fenomen olunur?\u201d sorusunun cevab\u0131 veee \u00e7ok daha fazlas\u0131 i\u00e7in, Zeynep Kiraz her zamanki gibi yan\u0131 ba\u015f\u0131nda! O her evin k\u00fc\u00e7\u00fck k\u0131z\u0131! Herkesin en yak\u0131n arkada\u015f\u0131, can yolda\u015f\u0131! Okulun en e\u011flenceli \u00f6\u011frencisi, s\u0131n\u0131f\u0131n en \u00e7\u0131lg\u0131n\u0131\u2026 Her arkada\u015f grubunun en haylaz\u0131, en yaramaz\u0131, en yerinde duramaz\u0131! En sevilen torun, en yard\u0131msever kom\u015fu \u00e7ocu\u011fu\u2026 K\u0131sacas\u0131 i\u00e7imizden biri\u2026 Zeynep bu kitapta da formunda! Ba\u015f\u0131na t\u00fcrl\u00fc belalar a\u00e7\u0131p i\u00e7lerinden \u00e7\u0131kmay\u0131 bir \u015fekilde ba\u015far\u0131yor. Yine de son macera i\u00e7in ayn\u0131 \u015feyi s\u00f6yleyemem. Sen de merak ettin de\u011fil mi?<\/p>","protected":false},"featured_media":22563,"template":"","meta":{"spay_email":""},"product_cat":[172],"product_tag":[],"item":[692],"acf":[],"_links":{"self":[{"href":"https:\/\/mgvpublications.com\/de\/wp-json\/wp\/v2\/product\/18684"}],"collection":[{"href":"https:\/\/mgvpublications.com\/de\/wp-json\/wp\/v2\/product"}],"about":[{"href":"https:\/\/mgvpublications.com\/de\/wp-json\/wp\/v2\/types\/product"}],"wp:featuredmedia":[{"embeddable":true,"href":"https:\/\/mgvpublications.com\/de\/wp-json\/wp\/v2\/media\/22563"}],"wp:attachment":[{"href":"https:\/\/mgvpublications.com\/de\/wp-json\/wp\/v2\/media?parent=18684"}],"wp:term":[{"taxonomy":"product_cat","embeddable":true,"href":"https:\/\/mgvpublications.com\/de\/wp-json\/wp\/v2\/product_cat?post=18684"},{"taxonomy":"product_tag","embeddable":true,"href":"https:\/\/mgvpublications.com\/de\/wp-json\/wp\/v2\/product_tag?post=18684"},{"taxonomy":"item","embeddable":true,"href":"https:\/\/mgvpublications.com\/de\/wp-json\/wp\/v2\/item?post=18684"}],"curies":[{"name":"wp","href":"https:\/\/api.w.org\/{rel}","templated":true}]}}