{"id":18682,"date":"2021-05-04T23:03:57","date_gmt":"2021-05-04T21:03:57","guid":{"rendered":"https:\/\/mgvpublications.com\/produkt\/zeynep-kiraz-4-yeni-bir-ben\/"},"modified":"2022-03-08T22:52:19","modified_gmt":"2022-03-08T21:52:19","slug":"zeynep-kiraz-4-yeni-bir-ben","status":"publish","type":"product","link":"https:\/\/mgvpublications.com\/de\/zeynep-kiraz-4-yeni-bir-ben\/","title":{"rendered":"Zeynep Kiraz 4 \/ Yeni Bir Ben"},"content":{"rendered":"<p>Yay\u0131n Tarihi: 21.07.2020<br \/>ISBN: 9786052236413<br \/>Dil: T\u00dcRK\u00c7E<br \/>Sayfa Say\u0131s\u0131: 160<br \/>Cilt Tipi: Karton Kapak<br \/>Ka\u011f\u0131t Cinsi: Kitap Ka\u011f\u0131d\u0131<br \/>Boyut: 13.5 x 21 cm<br \/>\u00c7izer: Ahmet Demirta\u015f<br \/>Di\u011fer \u00d6zellik: 9  Ya\u015f<\/p>","protected":false},"excerpt":{"rendered":"<p>Hasretle bekleyenler burada m\u0131? Peki ya meraktan \u00e7atlayanlar? Seriyi okumaktan uykular\u0131 kaf da\u011f\u0131n\u0131n ard\u0131na ka\u00e7anlar? Zeynep\u2019in tan\u0131d\u0131klar\u0131n en z\u0131p\u0131r, en k\u0131p\u0131r, en u\u00e7uk, en ka\u00e7\u0131k, en e\u011flenceli karakter oldu\u011funu savunanlar; Merak\u0131n\u0131za de\u011fecek ve sizi heyecandan u\u00e7uracak yepisyeni bir kitapla; kahraman\u0131m\u0131z Zeynep Kiraz huzurlar\u0131n\u0131zda\u2026 \u00d6yle macera ba\u015flasss\u0131\u0131\u0131\u0131nnnn\u2026 Ya da kald\u0131\u011f\u0131 yerden devam etsiiiinnnn\u2026 Zeynep yine birbirinden garip ruh hallerine girsin. Ortal\u0131\u011f\u0131 kat\u0131p kar\u0131\u015ft\u0131rs\u0131n. \u0130\u00e7inden \u00e7\u0131k\u0131lamaz durumlara \u00e7\u00f6z\u00fcm aras\u0131n. D\u00fc\u015fs\u00fcn, kalks\u0131n, yorulsun, kahkahalar ats\u0131n, s\u0131k\u0131ls\u0131n, ko\u015fturmaya ba\u015flas\u0131n. Yeter ki bizi kendinden mahrum b\u0131rakmas\u0131n. Mimarl\u0131\u011fa giri\u015f derslerine, \u015fenlikli bir g\u00fcne, hayvan dostlar\u0131n\u0131n bak\u0131m rutinlerine, yepyeni bir yerde yapayaln\u0131z kalmaya ve endi\u015fe dolu dakikalar\u0131n adrenalinini tatmaya haz\u0131r m\u0131s\u0131n?<\/p>","protected":false},"featured_media":22561,"template":"","meta":{"spay_email":""},"product_cat":[172],"product_tag":[],"item":[692],"acf":[],"_links":{"self":[{"href":"https:\/\/mgvpublications.com\/de\/wp-json\/wp\/v2\/product\/18682"}],"collection":[{"href":"https:\/\/mgvpublications.com\/de\/wp-json\/wp\/v2\/product"}],"about":[{"href":"https:\/\/mgvpublications.com\/de\/wp-json\/wp\/v2\/types\/product"}],"wp:featuredmedia":[{"embeddable":true,"href":"https:\/\/mgvpublications.com\/de\/wp-json\/wp\/v2\/media\/22561"}],"wp:attachment":[{"href":"https:\/\/mgvpublications.com\/de\/wp-json\/wp\/v2\/media?parent=18682"}],"wp:term":[{"taxonomy":"product_cat","embeddable":true,"href":"https:\/\/mgvpublications.com\/de\/wp-json\/wp\/v2\/product_cat?post=18682"},{"taxonomy":"product_tag","embeddable":true,"href":"https:\/\/mgvpublications.com\/de\/wp-json\/wp\/v2\/product_tag?post=18682"},{"taxonomy":"item","embeddable":true,"href":"https:\/\/mgvpublications.com\/de\/wp-json\/wp\/v2\/item?post=18682"}],"curies":[{"name":"wp","href":"https:\/\/api.w.org\/{rel}","templated":true}]}}