{"id":18678,"date":"2021-05-04T23:03:54","date_gmt":"2021-05-04T21:03:54","guid":{"rendered":"https:\/\/mgvpublications.com\/produkt\/zeynep-kiraz-1-evin-zeka-kupu\/"},"modified":"2022-03-08T22:52:19","modified_gmt":"2022-03-08T21:52:19","slug":"zeynep-kiraz-1-evin-zeka-kupu","status":"publish","type":"product","link":"https:\/\/mgvpublications.com\/de\/zeynep-kiraz-1-evin-zeka-kupu\/","title":{"rendered":"Zeynep Kiraz 1 \/ Evin Zeka K\u00fcp\u00fc"},"content":{"rendered":"<p>Yay\u0131n Tarihi: 13.10.2016<br \/>ISBN: 9786059723824<br \/>Dil: T\u00dcRK\u00c7E<br \/>Sayfa Say\u0131s\u0131: 160<br \/>Cilt Tipi: Karton Kapak<br \/>Ka\u011f\u0131t Cinsi: Kitap Ka\u011f\u0131d\u0131<br \/>Boyut: 13.5 x 21 cm<\/p>","protected":false},"excerpt":{"rendered":"<p>Vampirlerin ve daha adlar\u0131 bile bilinmeyen y\u00fczlerce canavar\u0131n gizemli d\u00fcnyas\u0131n\u0131 m\u0131 merak ediyorsun? Veya g\u00fczel selfie \u00e7ekmenin bin bir yolunu mu? Ya da en heyecanl\u0131 yerinde biten dizinin yeni sezonunu mu? ETME \u0130\u015eTE! Sen en iyisi k\u00fc\u00e7\u00fck bir k\u0131z\u0131n hayat\u0131 nas\u0131l roman olur, onu merak et ve bu kitab\u0131 oku\u2026 Zeynep Kiraz, oporijinal bir k\u0131z! \u00dcstelik \u00f6yle yerde, g\u00f6kte, uzayda de\u011fil; basbaya\u011f\u0131 bizimle ayn\u0131 \u00fclkede ya\u015f\u0131yor. Her an ya\u015fad\u0131\u011f\u0131m\u0131z sorunlara ve durumlara \u00f6yle \u00e7\u00f6z\u00fcmleri var ki, insan\u0131n akl\u0131 alm\u0131yor. \u015eartlar ne olursa olsun olaydan bir \u015fekilde s\u0131yr\u0131l\u0131yor. Bu kitab\u0131 okuduktan ve hayat\u0131na Zeynep girdikten sonra art\u0131k hi\u00e7 bir \u015fey eskisi gibi olmayacak! Bir \u00e7ocuk ayn\u0131 anda abisine yenilgilerin en b\u00fcy\u00fc\u011f\u00fcn\u00fc tatt\u0131r\u0131p, babas\u0131n\u0131 \u015fa\u015fk\u0131nl\u0131k denizlerinin dibine s\u00fcr\u00fckleyip, annesinin g\u00f6\u011fs\u00fcn\u00fc gururla kabartabilir mi? Konu Zeynep ise elbette&#8230; Hatta bu s\u00f6ylenenler az bile\u2026 Dahas\u0131 ve fazlas\u0131 kitapta&#8230;<\/p>","protected":false},"featured_media":18677,"template":"","meta":{"spay_email":""},"product_cat":[172],"product_tag":[],"item":[692],"acf":[],"_links":{"self":[{"href":"https:\/\/mgvpublications.com\/de\/wp-json\/wp\/v2\/product\/18678"}],"collection":[{"href":"https:\/\/mgvpublications.com\/de\/wp-json\/wp\/v2\/product"}],"about":[{"href":"https:\/\/mgvpublications.com\/de\/wp-json\/wp\/v2\/types\/product"}],"wp:featuredmedia":[{"embeddable":true,"href":"https:\/\/mgvpublications.com\/de\/wp-json\/wp\/v2\/media\/18677"}],"wp:attachment":[{"href":"https:\/\/mgvpublications.com\/de\/wp-json\/wp\/v2\/media?parent=18678"}],"wp:term":[{"taxonomy":"product_cat","embeddable":true,"href":"https:\/\/mgvpublications.com\/de\/wp-json\/wp\/v2\/product_cat?post=18678"},{"taxonomy":"product_tag","embeddable":true,"href":"https:\/\/mgvpublications.com\/de\/wp-json\/wp\/v2\/product_tag?post=18678"},{"taxonomy":"item","embeddable":true,"href":"https:\/\/mgvpublications.com\/de\/wp-json\/wp\/v2\/item?post=18678"}],"curies":[{"name":"wp","href":"https:\/\/api.w.org\/{rel}","templated":true}]}}