{"id":18676,"date":"2021-05-04T23:03:53","date_gmt":"2021-05-04T21:03:53","guid":{"rendered":"https:\/\/mgvpublications.com\/produkt\/yesil-kafalar-1-ormani-yemek-yasak\/"},"modified":"2022-04-08T06:16:48","modified_gmt":"2022-04-08T04:16:48","slug":"yesil-kafalar-1-ormani-yemek-yasak","status":"publish","type":"product","link":"https:\/\/mgvpublications.com\/de\/yesil-kafalar-1-ormani-yemek-yasak\/","title":{"rendered":"Ye\u015fil Kafalar 1 \/ Orman\u0131 Yemek Yasak"},"content":{"rendered":"<p>Yay\u0131n Tarihi: 09.06.2021<br \/>ISBN: 9786058217683<br \/>Dil: T\u00dcRK\u00c7E<br \/>Sayfa Say\u0131s\u0131: 200<br \/>Cilt Tipi: Karton Kapak<br \/>Ka\u011f\u0131t Cinsi: Kitap Ka\u011f\u0131d\u0131<br \/>Boyut: 13.5 x 21 cm<br \/>\u00c7izer: Emre Bilgi\u00e7<\/p>","protected":false},"excerpt":{"rendered":"<p>Ye\u015fik Kafalar\u2019\u0131n kafalar\u0131 ger\u00e7ekten ye\u015fil mi? Yoksa onlar birer uzayl\u0131 m\u0131? Bu kitap, k\u00fc\u00e7\u00fck ye\u015fil kafalar\u0131 olan uzayl\u0131 \u00e7ocuklarla m\u0131 ilgili? Durun durun, hay\u0131r! Aksine bu hikaye; a\u011fa\u00e7lara \u015fiirler okuyan, ku\u015f yuvalar\u0131n\u0131 kurcalayan ve y\u0131ld\u0131zlar\u0131 kavanoza dolduran d\u00f6rt acayip arkada\u015f\u0131n maceralar\u0131n\u0131 anlat\u0131yor. Ne\u015feli, haylaz, m\u0131zm\u0131z, obur, \u015fakac\u0131 ve sizden biriler. S\u0131radan olmalar\u0131 ba\u015flar\u0131n\u0131n canavarlarla, kemiklerle ve cevizlerle belaya girmesine engel de\u011fil tabii. Ye\u015fil Kafalar, di\u011fer insanlar\u0131 orman\u0131 yemenin yasak oldu\u011funa ikna etmeye \u00e7al\u0131\u015f\u0131yor. Ba\u015far\u0131l\u0131 oldular m\u0131, yoksa vazge\u00e7ip ormandan bir \u0131s\u0131r\u0131k da onlar m\u0131 ald\u0131lar? T\u00fcm bunlar ve di\u011fer gayretke\u015f ser\u00fcvenler i\u00e7in kitab\u0131n sayfalar\u0131 aras\u0131nda s\u00f6rf yapman\u0131z gerekecek. Orman\u0131 yemeye \u00e7al\u0131\u015facak kadar \u015fa\u015fk\u0131na d\u00f6nm\u00fc\u015f insanlarla tan\u0131\u015fmak ve sizin \u00e7evrenizde de onlardan birileri olup olmad\u0131\u011f\u0131n\u0131 \u00f6\u011frenmek istemez misiniz? Belki yan kom\u015funuz belki kar\u015f\u0131 kald\u0131r\u0131mdaki i\u015f yeri sahibi, orman\u0131 yemek i\u00e7in kurulan abur cubur toplulu\u011fun \u00fcyelerinden biridir. \u015eey, belki de siz bile\u2026 Kim bilir?<\/p>","protected":false},"featured_media":23103,"template":"","meta":{"spay_email":""},"product_cat":[172],"product_tag":[],"item":[1085],"acf":[],"_links":{"self":[{"href":"https:\/\/mgvpublications.com\/de\/wp-json\/wp\/v2\/product\/18676"}],"collection":[{"href":"https:\/\/mgvpublications.com\/de\/wp-json\/wp\/v2\/product"}],"about":[{"href":"https:\/\/mgvpublications.com\/de\/wp-json\/wp\/v2\/types\/product"}],"wp:featuredmedia":[{"embeddable":true,"href":"https:\/\/mgvpublications.com\/de\/wp-json\/wp\/v2\/media\/23103"}],"wp:attachment":[{"href":"https:\/\/mgvpublications.com\/de\/wp-json\/wp\/v2\/media?parent=18676"}],"wp:term":[{"taxonomy":"product_cat","embeddable":true,"href":"https:\/\/mgvpublications.com\/de\/wp-json\/wp\/v2\/product_cat?post=18676"},{"taxonomy":"product_tag","embeddable":true,"href":"https:\/\/mgvpublications.com\/de\/wp-json\/wp\/v2\/product_tag?post=18676"},{"taxonomy":"item","embeddable":true,"href":"https:\/\/mgvpublications.com\/de\/wp-json\/wp\/v2\/item?post=18676"}],"curies":[{"name":"wp","href":"https:\/\/api.w.org\/{rel}","templated":true}]}}