{"id":18674,"date":"2021-05-04T23:03:53","date_gmt":"2021-05-04T21:03:53","guid":{"rendered":"https:\/\/mgvpublications.com\/produkt\/duvarlari-gidiklanan-okul-yesil-kafalar-2\/"},"modified":"2022-04-08T06:16:54","modified_gmt":"2022-04-08T04:16:54","slug":"duvarlari-gidiklanan-okul-yesil-kafalar-2","status":"publish","type":"product","link":"https:\/\/mgvpublications.com\/de\/duvarlari-gidiklanan-okul-yesil-kafalar-2\/","title":{"rendered":"Duvarlar\u0131 G\u0131d\u0131klanan Okul \/ Ye\u015fil Kafalar 2"},"content":{"rendered":"<p>Yay\u0131n Tarihi: 18.05.2021<br \/>ISBN: 9786052297179<br \/>Dil: T\u00dcRK\u00c7E<br \/>Sayfa Say\u0131s\u0131: 192<br \/>Cilt Tipi: Karton Kapak<br \/>Ka\u011f\u0131t Cinsi: Kitap Ka\u011f\u0131d\u0131<br \/>Boyut: 13.5 x 21 cm<br \/>\u00c7izer: Emre Bilgi\u00e7<br \/>Di\u011fer \u00d6zellik: 8+ Ya\u015f<\/p>","protected":false},"excerpt":{"rendered":"<p>Serinin birinci kitab\u0131 Orman\u0131 Yemek Yasak\u2019t\u0131. Bu da ser\u00fcvenin ikinci perdesi. Okulun duvarlar\u0131 m\u0131 g\u0131d\u0131klan\u0131rm\u0131\u015f? Hatta duvar nas\u0131l g\u0131d\u0131klan\u0131r? G\u0131d\u0131klansa bile kim g\u0131d\u0131klar ki? Hem de neyle g\u0131d\u0131klayaca\u011f\u0131z? \u015eimdi \u015fa\u015fk\u0131nl\u0131ktan g\u00f6\u011fe kadar a\u00e7\u0131lm\u0131\u015f o a\u011fz\u0131n\u0131z\u0131 bir kapay\u0131n bakal\u0131m. Evet, duvarlar da g\u0131d\u0131klan\u0131r. Bu bir yat\u0131l\u0131 okulun as\u0131k suratl\u0131 duvarlar\u0131 bile olsa \u00f6yle. \u00dcstelik kitapta g\u0131d\u0131klanan duvarlardan daha da fazlas\u0131 var. \u00c7i\u00e7eklere do\u011fum g\u00fcn\u00fc partilerinin d\u00fczenlendi\u011fi, tavuklar\u0131n dergilerin genel yay\u0131n y\u00f6netmeni oldu\u011fu, m\u00fcd\u00fcrlerin \u015fim\u015fek gibi \u00e7akt\u0131\u011f\u0131, Vikinglerin okulu bast\u0131\u011f\u0131, gezegenlerin bowling oynad\u0131\u011f\u0131, G\u00fcne\u015f\u2019te \u00e7ay demlendi\u011fi, hayvanlar\u0131n ve bitkilerin insanlara mektup yazd\u0131\u011f\u0131, bol bol a\u011flan\u0131p g\u00fcl\u00fcnd\u00fc\u011f\u00fc korkulu, heyecanl\u0131 ve ye\u015fil bir hik\u00e2ye bu. Kamuflaj k\u0131yafetlerinizi, \u00fcf\u00fcr\u00fckle \u00e7al\u0131\u015fan boru t\u00fcfe\u011finizi, \u00e7ad\u0131r\u0131n\u0131z\u0131, uyku tulumunuzu, i\u00e7ine ate\u015f b\u00f6cekleri koyup fener yapaca\u011f\u0131n\u0131z cam kavanozunuzu, oltan\u0131z\u0131, bayku\u015flar\u0131 g\u00f6zleyece\u011finiz gece g\u00f6r\u00fc\u015f d\u00fcrb\u00fcn\u00fcn\u00fcz\u00fc, pusulan\u0131z\u0131, merce\u011finizi, d\u00fcd\u00fc\u011f\u00fcn\u00fcz\u00fc, \u00e7akmak ta\u015f\u0131n\u0131z\u0131 haz\u0131rlay\u0131n ve yiyecek stoklar\u0131n\u0131z\u0131 kontrol edin! \u00c7\u00fcnk\u00fc kitab\u0131n sayfalar\u0131 aras\u0131na kamp kurmaya gidiyoruz. Haz\u0131rsan\u0131z, ba\u015flayal\u0131m.<\/p>","protected":false},"featured_media":23105,"template":"","meta":{"spay_email":""},"product_cat":[172],"product_tag":[],"item":[1085],"acf":[],"_links":{"self":[{"href":"https:\/\/mgvpublications.com\/de\/wp-json\/wp\/v2\/product\/18674"}],"collection":[{"href":"https:\/\/mgvpublications.com\/de\/wp-json\/wp\/v2\/product"}],"about":[{"href":"https:\/\/mgvpublications.com\/de\/wp-json\/wp\/v2\/types\/product"}],"wp:featuredmedia":[{"embeddable":true,"href":"https:\/\/mgvpublications.com\/de\/wp-json\/wp\/v2\/media\/23105"}],"wp:attachment":[{"href":"https:\/\/mgvpublications.com\/de\/wp-json\/wp\/v2\/media?parent=18674"}],"wp:term":[{"taxonomy":"product_cat","embeddable":true,"href":"https:\/\/mgvpublications.com\/de\/wp-json\/wp\/v2\/product_cat?post=18674"},{"taxonomy":"product_tag","embeddable":true,"href":"https:\/\/mgvpublications.com\/de\/wp-json\/wp\/v2\/product_tag?post=18674"},{"taxonomy":"item","embeddable":true,"href":"https:\/\/mgvpublications.com\/de\/wp-json\/wp\/v2\/item?post=18674"}],"curies":[{"name":"wp","href":"https:\/\/api.w.org\/{rel}","templated":true}]}}