{"id":18670,"date":"2021-05-04T23:03:52","date_gmt":"2021-05-04T21:03:52","guid":{"rendered":"https:\/\/mgvpublications.com\/produkt\/corap-kral\/"},"modified":"2022-04-08T06:17:11","modified_gmt":"2022-04-08T04:17:11","slug":"corap-kral","status":"publish","type":"product","link":"https:\/\/mgvpublications.com\/de\/corap-kral\/","title":{"rendered":"\u00c7orap Kral"},"content":{"rendered":"<p>Yay\u0131n Tarihi: 23.10.2018<br \/>ISBN: 9786058243224<br \/>Dil: T\u00dcRK\u00c7E<br \/>Sayfa Say\u0131s\u0131: 128<br \/>Cilt Tipi: Karton Kapak<br \/>Ka\u011f\u0131t Cinsi: Kitap Ka\u011f\u0131d\u0131<br \/>Boyut: 13.5 x 19.5 cm<br \/>\u00c7izer: Resul Erta\u015f<\/p>","protected":false},"excerpt":{"rendered":"<p>Size daha \u00f6nce kimsenin g\u00f6rmedi\u011fi bir yerden sesleniyorum. Buras\u0131 \u00f6yle bir yer ki; burada, Ay&#8217;\u0131 hap\u015f\u0131rtan g\u00f6kdelenler, mor gezegenler, konu\u015fan yast\u0131klar, \u00f6z \u00e7ekim yapan padi\u015fahlar, d\u00fcnyaya h\u00fckmeden tabletler, salyangoz kabu\u011fundan evler yapanlar, uzay gemisi kazanlar ve \u015fekerden d\u00fcnyalar var. Ger\u00e7e\u011fi G\u0131d\u0131klayan Masallar ile \u00c7orap Kral&#8217;\u0131n kraliyetine girmeye haz\u0131r m\u0131s\u0131n\u0131z?<\/p>","protected":false},"featured_media":23112,"template":"","meta":{"spay_email":""},"product_cat":[172],"product_tag":[],"item":[1085],"acf":[],"_links":{"self":[{"href":"https:\/\/mgvpublications.com\/de\/wp-json\/wp\/v2\/product\/18670"}],"collection":[{"href":"https:\/\/mgvpublications.com\/de\/wp-json\/wp\/v2\/product"}],"about":[{"href":"https:\/\/mgvpublications.com\/de\/wp-json\/wp\/v2\/types\/product"}],"wp:featuredmedia":[{"embeddable":true,"href":"https:\/\/mgvpublications.com\/de\/wp-json\/wp\/v2\/media\/23112"}],"wp:attachment":[{"href":"https:\/\/mgvpublications.com\/de\/wp-json\/wp\/v2\/media?parent=18670"}],"wp:term":[{"taxonomy":"product_cat","embeddable":true,"href":"https:\/\/mgvpublications.com\/de\/wp-json\/wp\/v2\/product_cat?post=18670"},{"taxonomy":"product_tag","embeddable":true,"href":"https:\/\/mgvpublications.com\/de\/wp-json\/wp\/v2\/product_tag?post=18670"},{"taxonomy":"item","embeddable":true,"href":"https:\/\/mgvpublications.com\/de\/wp-json\/wp\/v2\/item?post=18670"}],"curies":[{"name":"wp","href":"https:\/\/api.w.org\/{rel}","templated":true}]}}