{"id":18668,"date":"2021-05-04T23:03:51","date_gmt":"2021-05-04T21:03:51","guid":{"rendered":"https:\/\/mgvpublications.com\/produkt\/alaca-efsanesi\/"},"modified":"2022-03-08T22:52:18","modified_gmt":"2022-03-08T21:52:18","slug":"alaca-efsanesi","status":"publish","type":"product","link":"https:\/\/mgvpublications.com\/de\/alaca-efsanesi\/","title":{"rendered":"Alaca Efsanesi"},"content":{"rendered":"<p>Yay\u0131n Tarihi: 09.04.2018<br \/>ISBN: 9786052297094<br \/>Dil: T\u00dcRK\u00c7E<br \/>Sayfa Say\u0131s\u0131: 36<br \/>Cilt Tipi: Karton Kapak<br \/>Ka\u011f\u0131t Cinsi: 1. Hm. Ka\u011f\u0131t<br \/>Boyut: 22 x 20 cm<br \/>Di\u011fer \u00d6zellik: 3  Ya\u015f<\/p>","protected":false},"excerpt":{"rendered":"<p>Peki, nas\u0131l olacakt\u0131? B\u00fct\u00fcn renkler d\u00f6necek miydi ger\u00e7ekten? Kargay\u0131 merakta b\u0131rakmad\u0131lar, sorular\u0131n\u0131 cevaplad\u0131lar hemen:<\/p>","protected":false},"featured_media":22500,"template":"","meta":{"spay_email":""},"product_cat":[172],"product_tag":[],"item":[1085],"acf":[],"_links":{"self":[{"href":"https:\/\/mgvpublications.com\/de\/wp-json\/wp\/v2\/product\/18668"}],"collection":[{"href":"https:\/\/mgvpublications.com\/de\/wp-json\/wp\/v2\/product"}],"about":[{"href":"https:\/\/mgvpublications.com\/de\/wp-json\/wp\/v2\/types\/product"}],"wp:featuredmedia":[{"embeddable":true,"href":"https:\/\/mgvpublications.com\/de\/wp-json\/wp\/v2\/media\/22500"}],"wp:attachment":[{"href":"https:\/\/mgvpublications.com\/de\/wp-json\/wp\/v2\/media?parent=18668"}],"wp:term":[{"taxonomy":"product_cat","embeddable":true,"href":"https:\/\/mgvpublications.com\/de\/wp-json\/wp\/v2\/product_cat?post=18668"},{"taxonomy":"product_tag","embeddable":true,"href":"https:\/\/mgvpublications.com\/de\/wp-json\/wp\/v2\/product_tag?post=18668"},{"taxonomy":"item","embeddable":true,"href":"https:\/\/mgvpublications.com\/de\/wp-json\/wp\/v2\/item?post=18668"}],"curies":[{"name":"wp","href":"https:\/\/api.w.org\/{rel}","templated":true}]}}