{"id":18664,"date":"2021-05-04T23:03:50","date_gmt":"2021-05-04T21:03:50","guid":{"rendered":"https:\/\/mgvpublications.com\/produkt\/dunyayi-gezmek-isteyen-corap\/"},"modified":"2022-06-19T14:57:34","modified_gmt":"2022-06-19T12:57:34","slug":"dunyayi-gezmek-isteyen-corap","status":"publish","type":"product","link":"https:\/\/mgvpublications.com\/de\/dunyayi-gezmek-isteyen-corap\/","title":{"rendered":"D\u00fcnyay\u0131 Gezmek \u0130steyen \u00c7orap"},"content":{"rendered":"<p>Yay\u0131n Tarihi: 06.12.2018<br \/>ISBN: 9786052297261<br \/>Dil: T\u00dcRK\u00c7E<br \/>Sayfa Say\u0131s\u0131: 36<br \/>Cilt Tipi: Karton Kapak<br \/>Ka\u011f\u0131t Cinsi: 1. Hm. Ka\u011f\u0131t<br \/>Boyut: 22 x 20.3 cm<\/p>","protected":false},"excerpt":{"rendered":"<p>Eski zamanlarda d\u00fcnyay\u0131 gezmek isteyen bir \u00e7orap varm\u0131\u015f. \u00c7oraba beli a\u011fr\u0131yan bir ninecik yard\u0131m etmi\u015f. Konakta ya\u015fayan zengin bir han\u0131m da yard\u0131m etmi\u015f. Kervan sahibi bir t\u00fcccar da yard\u0131m etmi\u015f. \u0130yi kalpli bir dervi\u015f de yard\u0131m etmi\u015f. B\u00f6ylece \u00e7orab\u0131m\u0131z d\u00fcnyay\u0131 gezebilmi\u015f. Nas\u0131l m\u0131? Bu kitab\u0131n i\u00e7inde anlat\u0131l\u0131yor hepsi. Okumak ister misin?<\/p>","protected":false},"featured_media":23104,"template":"","meta":{"spay_email":""},"product_cat":[172],"product_tag":[],"item":[1085],"acf":[],"_links":{"self":[{"href":"https:\/\/mgvpublications.com\/de\/wp-json\/wp\/v2\/product\/18664"}],"collection":[{"href":"https:\/\/mgvpublications.com\/de\/wp-json\/wp\/v2\/product"}],"about":[{"href":"https:\/\/mgvpublications.com\/de\/wp-json\/wp\/v2\/types\/product"}],"wp:featuredmedia":[{"embeddable":true,"href":"https:\/\/mgvpublications.com\/de\/wp-json\/wp\/v2\/media\/23104"}],"wp:attachment":[{"href":"https:\/\/mgvpublications.com\/de\/wp-json\/wp\/v2\/media?parent=18664"}],"wp:term":[{"taxonomy":"product_cat","embeddable":true,"href":"https:\/\/mgvpublications.com\/de\/wp-json\/wp\/v2\/product_cat?post=18664"},{"taxonomy":"product_tag","embeddable":true,"href":"https:\/\/mgvpublications.com\/de\/wp-json\/wp\/v2\/product_tag?post=18664"},{"taxonomy":"item","embeddable":true,"href":"https:\/\/mgvpublications.com\/de\/wp-json\/wp\/v2\/item?post=18664"}],"curies":[{"name":"wp","href":"https:\/\/api.w.org\/{rel}","templated":true}]}}