{"id":18660,"date":"2021-05-04T23:03:49","date_gmt":"2021-05-04T21:03:49","guid":{"rendered":"https:\/\/mgvpublications.com\/produkt\/bize-benzer-mi-kucuk-mervenin-buyuk-sorulari-2\/"},"modified":"2022-06-19T15:12:11","modified_gmt":"2022-06-19T13:12:11","slug":"bize-benzer-mi-kucuk-mervenin-buyuk-sorulari-2","status":"publish","type":"product","link":"https:\/\/mgvpublications.com\/de\/bize-benzer-mi-kucuk-mervenin-buyuk-sorulari-2\/","title":{"rendered":"Bize Benzer mi ? \/ K\u00fc\u00e7\u00fck Merve\u2019nin B\u00fcy\u00fck Sorular\u0131 2"},"content":{"rendered":"<p>Yay\u0131n Tarihi: 14.01.2021<br \/>ISBN: 9786052297902<br \/>Dil: T\u00dcRK\u00c7E<br \/>Sayfa Say\u0131s\u0131: 36<br \/>Cilt Tipi: Karton Kapak<br \/>Ka\u011f\u0131t Cinsi: 1. Hm. Ka\u011f\u0131t<br \/>Boyut: 22 x 20 cm<br \/>\u00c7izer: Rumeysa Abi\u015f<\/p>","protected":false},"excerpt":{"rendered":"<p>Ben k\u00fc\u00e7\u00fckken k\u00fc\u00e7\u00fcc\u00fckken b\u00fcsb\u00fcy\u00fck sorular\u0131m vard\u0131&#8230; Allah neredeydi? O&#8217;nu neden g\u00f6remiyordum? Ne kadar b\u00fcy\u00fckt\u00fc? Nas\u0131l g\u00f6r\u00fcn\u00fcyordu? Ald\u0131\u011f\u0131m, arad\u0131\u011f\u0131m ve buldu\u011fum cevaplar\u0131; y\u0131llarca \u00f6\u011frencilerimle payla\u015ft\u0131m. Ve &#8220;Neden isteyen ve merak eden her \u00e7ocu\u011fa ula\u015fmas\u0131n?&#8221; diye d\u00fc\u015f\u00fcnd\u00fcm. \u0130\u015fte elinizdeki bu seri tam olarak b\u00f6yle ortaya \u00e7\u0131kt\u0131. Rabbini merak eden, O&#8217;nu daha da \u00e7ok tan\u0131mak isteyen merakl\u0131 miniklerin sorular\u0131na verilebilecek birbirinden makul yan\u0131tlar\u0131, en anla\u015f\u0131l\u0131r \u015fekilde aktarmaya \u00e7al\u0131\u015ft\u0131\u011f\u0131m bu serinin; \u00fcmmetin g\u00fczel evlatlar\u0131na faydal\u0131 olmas\u0131 duas\u0131 ile&#8230;<\/p>","protected":false},"featured_media":23087,"template":"","meta":{"spay_email":""},"product_cat":[172],"product_tag":[],"item":[1085],"acf":[],"_links":{"self":[{"href":"https:\/\/mgvpublications.com\/de\/wp-json\/wp\/v2\/product\/18660"}],"collection":[{"href":"https:\/\/mgvpublications.com\/de\/wp-json\/wp\/v2\/product"}],"about":[{"href":"https:\/\/mgvpublications.com\/de\/wp-json\/wp\/v2\/types\/product"}],"wp:featuredmedia":[{"embeddable":true,"href":"https:\/\/mgvpublications.com\/de\/wp-json\/wp\/v2\/media\/23087"}],"wp:attachment":[{"href":"https:\/\/mgvpublications.com\/de\/wp-json\/wp\/v2\/media?parent=18660"}],"wp:term":[{"taxonomy":"product_cat","embeddable":true,"href":"https:\/\/mgvpublications.com\/de\/wp-json\/wp\/v2\/product_cat?post=18660"},{"taxonomy":"product_tag","embeddable":true,"href":"https:\/\/mgvpublications.com\/de\/wp-json\/wp\/v2\/product_tag?post=18660"},{"taxonomy":"item","embeddable":true,"href":"https:\/\/mgvpublications.com\/de\/wp-json\/wp\/v2\/item?post=18660"}],"curies":[{"name":"wp","href":"https:\/\/api.w.org\/{rel}","templated":true}]}}