{"id":18658,"date":"2021-05-04T23:03:46","date_gmt":"2021-05-04T21:03:46","guid":{"rendered":"https:\/\/mgvpublications.com\/produkt\/bil-bakalim-hangi-meyve-rabbimi-taniyorum-1\/"},"modified":"2022-06-19T14:51:04","modified_gmt":"2022-06-19T12:51:04","slug":"bil-bakalim-hangi-meyve-rabbimi-taniyorum-1","status":"publish","type":"product","link":"https:\/\/mgvpublications.com\/de\/bil-bakalim-hangi-meyve-rabbimi-taniyorum-1\/","title":{"rendered":"Bil Bakal\u0131m Hangi Meyve ? \/ Rabbimi Tan\u0131yorum 1"},"content":{"rendered":"<p>Yay\u0131n Tarihi: 04.03.2021<br \/>ISBN: 9786052297322<br \/>Dil: T\u00dcRK\u00c7E<br \/>Sayfa Say\u0131s\u0131: 24<br \/>Cilt Tipi: Karton Kapak<br \/>Ka\u011f\u0131t Cinsi: 1. Hm. Ka\u011f\u0131t<br \/>Boyut: 22 x 20.3 cm<br \/>\u00c7izer: \u015e\u00fckriye G\u00fcrp\u0131nar<\/p>","protected":false},"excerpt":{"rendered":"<p>Allah \u00e7e\u015fit \u00e7e\u015fit ne de g\u00fczel meyveler yaratm\u0131\u015f \u00f6yle de\u011fil mi? Peki, sen hepsini bir g\u00f6r\u00fc\u015fte tan\u0131yabilir misin? \u201cRabbimi Tan\u0131yorum\u201d serisi \u00f6zellikle k\u00fc\u00e7\u00fck \u00e7ocuklara, etraflar\u0131nda s\u00fcrekli g\u00f6rd\u00fckleri varl\u0131klar \u00fczerinden Allah&#8217;\u0131 ve onun muazzam yarat\u0131\u015f\u0131n\u0131 anlatabilmemize yard\u0131mc\u0131 olmas\u0131 duas\u0131yla haz\u0131rland\u0131.<\/p>","protected":false},"featured_media":23096,"template":"","meta":{"spay_email":""},"product_cat":[172],"product_tag":[],"item":[1085],"acf":[],"_links":{"self":[{"href":"https:\/\/mgvpublications.com\/de\/wp-json\/wp\/v2\/product\/18658"}],"collection":[{"href":"https:\/\/mgvpublications.com\/de\/wp-json\/wp\/v2\/product"}],"about":[{"href":"https:\/\/mgvpublications.com\/de\/wp-json\/wp\/v2\/types\/product"}],"wp:featuredmedia":[{"embeddable":true,"href":"https:\/\/mgvpublications.com\/de\/wp-json\/wp\/v2\/media\/23096"}],"wp:attachment":[{"href":"https:\/\/mgvpublications.com\/de\/wp-json\/wp\/v2\/media?parent=18658"}],"wp:term":[{"taxonomy":"product_cat","embeddable":true,"href":"https:\/\/mgvpublications.com\/de\/wp-json\/wp\/v2\/product_cat?post=18658"},{"taxonomy":"product_tag","embeddable":true,"href":"https:\/\/mgvpublications.com\/de\/wp-json\/wp\/v2\/product_tag?post=18658"},{"taxonomy":"item","embeddable":true,"href":"https:\/\/mgvpublications.com\/de\/wp-json\/wp\/v2\/item?post=18658"}],"curies":[{"name":"wp","href":"https:\/\/api.w.org\/{rel}","templated":true}]}}