{"id":18652,"date":"2021-05-04T23:03:44","date_gmt":"2021-05-04T21:03:44","guid":{"rendered":"https:\/\/mgvpublications.com\/produkt\/baharin-ilk-cicegi\/"},"modified":"2022-03-08T22:52:16","modified_gmt":"2022-03-08T21:52:16","slug":"baharin-ilk-cicegi","status":"publish","type":"product","link":"https:\/\/mgvpublications.com\/de\/baharin-ilk-cicegi\/","title":{"rendered":"Bahar\u0131n \u0130lk \u00c7i\u00e7e\u011fi"},"content":{"rendered":"<p>Yay\u0131n Tarihi: 01.01.2017<br \/>ISBN: 9786059261913<br \/>Dil: T\u00dcRK\u00c7E<br \/>Sayfa Say\u0131s\u0131: 210<br \/>Cilt Tipi: Karton Kapak<br \/>Ka\u011f\u0131t Cinsi: Kitap Ka\u011f\u0131d\u0131<br \/>Boyut: 13.5 x 21 cm<\/p>","protected":false},"excerpt":{"rendered":"<p>Cumhuriye sonras\u0131 yok say\u0131lan anadolu insan\u0131n\u0131n dindar kitelerin yeniden g\u00fcven duygusuna sahip olmas\u0131 ve yeni giri\u015fimcilik ruhu kazanmalar\u0131 merhum Erbakan&#8217;\u0131n din\u00e7,\u00f6zg\u00fcn, ayk\u0131r\u0131 ve devrimci duru\u015fu ile ba\u015flam\u0131\u015ft\u0131r. Samimi bir iman ile rabbine ba\u011flanan erbakan ibadet a\u015fk\u0131 ile m\u00fccadele etmi\u015f her t\u00fcrl\u00fc zorlu\u011fakar\u015f\u0131 inan\u0131lmaz bir metanetle kar\u015f\u0131 koymu\u015f asla pes etmemi\u015f ve b\u00fcy\u00fck bir kararl\u0131l\u0131kla yoluna devam etmi\u015ftir.<\/p>","protected":false},"featured_media":18651,"template":"","meta":{"spay_email":""},"product_cat":[173],"product_tag":[],"item":[1750],"acf":[],"_links":{"self":[{"href":"https:\/\/mgvpublications.com\/de\/wp-json\/wp\/v2\/product\/18652"}],"collection":[{"href":"https:\/\/mgvpublications.com\/de\/wp-json\/wp\/v2\/product"}],"about":[{"href":"https:\/\/mgvpublications.com\/de\/wp-json\/wp\/v2\/types\/product"}],"wp:featuredmedia":[{"embeddable":true,"href":"https:\/\/mgvpublications.com\/de\/wp-json\/wp\/v2\/media\/18651"}],"wp:attachment":[{"href":"https:\/\/mgvpublications.com\/de\/wp-json\/wp\/v2\/media?parent=18652"}],"wp:term":[{"taxonomy":"product_cat","embeddable":true,"href":"https:\/\/mgvpublications.com\/de\/wp-json\/wp\/v2\/product_cat?post=18652"},{"taxonomy":"product_tag","embeddable":true,"href":"https:\/\/mgvpublications.com\/de\/wp-json\/wp\/v2\/product_tag?post=18652"},{"taxonomy":"item","embeddable":true,"href":"https:\/\/mgvpublications.com\/de\/wp-json\/wp\/v2\/item?post=18652"}],"curies":[{"name":"wp","href":"https:\/\/api.w.org\/{rel}","templated":true}]}}