{"id":18650,"date":"2021-05-04T23:03:43","date_gmt":"2021-05-04T21:03:43","guid":{"rendered":"https:\/\/mgvpublications.com\/produkt\/kuresel-direnisciler\/"},"modified":"2022-03-08T22:52:16","modified_gmt":"2022-03-08T21:52:16","slug":"kuresel-direnisciler","status":"publish","type":"product","link":"https:\/\/mgvpublications.com\/de\/kuresel-direnisciler\/","title":{"rendered":"K\u00fcresel Direni\u015f\u00e7iler"},"content":{"rendered":"<p>Yay\u0131n Tarihi: 04.10.2017<br \/>ISBN: 9786056780318<br \/>Dil: T\u00dcRK\u00c7E<br \/>Sayfa Say\u0131s\u0131: 232<br \/>Cilt Tipi: Karton Kapak<br \/>Ka\u011f\u0131t Cinsi: Kitap Ka\u011f\u0131d\u0131<br \/>Boyut: 13.5 x 21 cm<\/p>","protected":false},"excerpt":{"rendered":"<p>K\u00fcresel bir din olan \u0130slam\u2019\u0131n mensuplar\u0131 M\u00fcsl\u00fcmanlar elbette k\u00fcresel d\u00fc\u015f\u00fcnecekler, elbette k\u00fcresel dertleri olacak ve k\u00fcresel \u00f6l\u00e7ekli direni\u015f hatlar\u0131 olu\u015fturacaklar. D\u00fcnyan\u0131n farkl\u0131 co\u011frafyalar\u0131ndaki M\u00fcsl\u00fcmanlar bar\u0131\u015f ve huzur i\u00e7in direniyor. Bazen kantar\u0131n topuzunu ka\u00e7\u0131r\u0131yor, bazen haddi a\u015f\u0131yor, bazen feci yenilgiler de al\u0131yor. Ancak direniyorlar. Kora kor direniyor, m\u00fccadele ediyor, koy vermiyor, bo\u015f vermiyorlar. Gazeteci yazar Mustafa Uzun, direni\u015f erleri ile uzun s\u00fcredir g\u00f6r\u00fc\u015f\u00fcyor, konu\u015fuyor, kucakla\u015f\u0131yor. Avrupa\u2019n\u0131n g\u00f6be\u011finde g\u00f6r\u00fc\u015ft\u00fc\u011f\u00fc direni\u015f\u00e7iler de oldu, Afrika\u2019n\u0131n i\u00e7lerinde, Gazze\u2019nin sokaklar\u0131nda, Moro\u2019nun da\u011flar\u0131nda, Patani\u2019nin ormanlar\u0131nda da kucakla\u015ft\u0131\u011f\u0131 liderler oldu. Kimi silah\u0131n\u0131 konu\u015ftururken \u00e7o\u011funlu\u011fu kalemini, fikrini, kameras\u0131n\u0131 konu\u015fturuyor. Hepsinin silah\u0131 farkl\u0131 ancak hepsi y\u00fcrekten konu\u015fuyor. Farkl\u0131 alanlarda uzmanla\u015fan bu \u015fah\u0131slar\u0131n aras\u0131nda Cumhurba\u015fkan\u0131 da var, Ba\u015fbakan da. \u015eehit y\u00fcrekler de var, k\u00fcresel \u015fer odaklar\u0131 taraf\u0131ndan ter\u00f6rizm iddias\u0131yla aranan isimler de. Tarihe d\u00fc\u015f\u00fclen kay\u0131tlar bu kitapta\u2026<\/p>","protected":false},"featured_media":18649,"template":"","meta":{"spay_email":""},"product_cat":[174],"product_tag":[],"item":[704],"acf":[],"_links":{"self":[{"href":"https:\/\/mgvpublications.com\/de\/wp-json\/wp\/v2\/product\/18650"}],"collection":[{"href":"https:\/\/mgvpublications.com\/de\/wp-json\/wp\/v2\/product"}],"about":[{"href":"https:\/\/mgvpublications.com\/de\/wp-json\/wp\/v2\/types\/product"}],"wp:featuredmedia":[{"embeddable":true,"href":"https:\/\/mgvpublications.com\/de\/wp-json\/wp\/v2\/media\/18649"}],"wp:attachment":[{"href":"https:\/\/mgvpublications.com\/de\/wp-json\/wp\/v2\/media?parent=18650"}],"wp:term":[{"taxonomy":"product_cat","embeddable":true,"href":"https:\/\/mgvpublications.com\/de\/wp-json\/wp\/v2\/product_cat?post=18650"},{"taxonomy":"product_tag","embeddable":true,"href":"https:\/\/mgvpublications.com\/de\/wp-json\/wp\/v2\/product_tag?post=18650"},{"taxonomy":"item","embeddable":true,"href":"https:\/\/mgvpublications.com\/de\/wp-json\/wp\/v2\/item?post=18650"}],"curies":[{"name":"wp","href":"https:\/\/api.w.org\/{rel}","templated":true}]}}