{"id":18648,"date":"2021-05-04T23:03:43","date_gmt":"2021-05-04T21:03:43","guid":{"rendered":"https:\/\/mgvpublications.com\/produkt\/erbakanin-dilinden-milli-gorus-erbakan-risaleleri1\/"},"modified":"2022-03-08T22:52:16","modified_gmt":"2022-03-08T21:52:16","slug":"erbakanin-dilinden-milli-gorus-erbakan-risaleleri1","status":"publish","type":"product","link":"https:\/\/mgvpublications.com\/de\/erbakanin-dilinden-milli-gorus-erbakan-risaleleri1\/","title":{"rendered":"Erbakan\u0131n Dilinden Milli G\u00f6r\u00fc\u015f \/ Erbakan Risaleleri:1"},"content":{"rendered":"<p>Yay\u0131n Tarihi: 01.02.2017<br \/>ISBN: 9786054411856<br \/>Dil: T\u00dcRK\u00c7E<br \/>Sayfa Say\u0131s\u0131: 64<br \/>Cilt Tipi: Karton Kapak<br \/>Ka\u011f\u0131t Cinsi: Kitap Ka\u011f\u0131d\u0131<br \/>Boyut: 13.5 x 19.5 cm<\/p>","protected":false},"excerpt":{"rendered":"<p>Yay\u0131n Tarihi: 01.02.2017ISBN: 9786054411856Dil: T\u00dcRK\u00c7ESayfa Say\u0131s\u0131: 64Cilt Tipi: Karton KapakKa\u011f\u0131t Cinsi: Kitap Ka\u011f\u0131d\u0131Boyut: 13.5 x 19.5 cm<\/p>","protected":false},"featured_media":18647,"template":"","meta":{"spay_email":""},"product_cat":[174,173],"product_tag":[],"item":[1750],"acf":[],"_links":{"self":[{"href":"https:\/\/mgvpublications.com\/de\/wp-json\/wp\/v2\/product\/18648"}],"collection":[{"href":"https:\/\/mgvpublications.com\/de\/wp-json\/wp\/v2\/product"}],"about":[{"href":"https:\/\/mgvpublications.com\/de\/wp-json\/wp\/v2\/types\/product"}],"wp:featuredmedia":[{"embeddable":true,"href":"https:\/\/mgvpublications.com\/de\/wp-json\/wp\/v2\/media\/18647"}],"wp:attachment":[{"href":"https:\/\/mgvpublications.com\/de\/wp-json\/wp\/v2\/media?parent=18648"}],"wp:term":[{"taxonomy":"product_cat","embeddable":true,"href":"https:\/\/mgvpublications.com\/de\/wp-json\/wp\/v2\/product_cat?post=18648"},{"taxonomy":"product_tag","embeddable":true,"href":"https:\/\/mgvpublications.com\/de\/wp-json\/wp\/v2\/product_tag?post=18648"},{"taxonomy":"item","embeddable":true,"href":"https:\/\/mgvpublications.com\/de\/wp-json\/wp\/v2\/item?post=18648"}],"curies":[{"name":"wp","href":"https:\/\/api.w.org\/{rel}","templated":true}]}}