{"id":18646,"date":"2021-05-04T23:03:42","date_gmt":"2021-05-04T21:03:42","guid":{"rendered":"https:\/\/mgvpublications.com\/produkt\/bilimin-devleri-marie-curie\/"},"modified":"2022-03-08T22:52:15","modified_gmt":"2022-03-08T21:52:15","slug":"bilimin-devleri-marie-curie","status":"publish","type":"product","link":"https:\/\/mgvpublications.com\/de\/bilimin-devleri-marie-curie\/","title":{"rendered":"Bilimin Devleri \/ Marie Curie"},"content":{"rendered":"<p>\u00c7evirmen: U\u011fur Mehter<br \/>Yay\u0131n Tarihi: 23.11.2018<br \/>ISBN: 9786051868257<br \/>Dil: T\u00dcRK\u00c7E<br \/>Sayfa Say\u0131s\u0131: 128<br \/>Cilt Tipi: Karton Kapak<br \/>Ka\u011f\u0131t Cinsi: Kitap Ka\u011f\u0131d\u0131<br \/>Boyut: 12.5 x 19.5 cm<\/p>","protected":false},"excerpt":{"rendered":"<p>Bilim i\u00e7in hayat\u0131n\u0131 tehlikeye att\u0131 ama Marie Curie\u2019nin tek d\u00fc\u015f\u00fcnd\u00fc\u011f\u00fc insanl\u0131\u011fa bir katk\u0131 sa\u011flamakt\u0131. Tarih boyunca iki Nobel \u00d6d\u00fcl\u00fc birden almay\u0131 hak eden tek bilim insan\u0131 olan Marie Curie, ke\u015ffetti\u011fi elementler sebebiyle 1934 y\u0131l\u0131nda radyasyon zehirlenmesinden hayat\u0131n\u0131 kaybetti. Y\u0131llarca kendi ke\u015ffetti\u011fi tehlikeli elementleri korunmadan incelemi\u015fti. Yak\u0131n zamana kadar h\u00e2l\u00e2 radyoaktif oldu\u011fu i\u00e7in bilim insanlar\u0131 ve uzmanlar, not defterlerine bakabilmek i\u00e7in tehlikeyi kabul ettiklerine dair bir s\u00f6zle\u015fme imzalamak zorundayd\u0131. Marie Curie, radyasyon hastal\u0131\u011f\u0131na yakalanan bilim insan\u0131 kocas\u0131 Pierre Curie i\u00e7in de ger\u00e7ek bir \u00e7al\u0131\u015fma arkada\u015f\u0131 ve g\u00fcvenilir bir limand\u0131. Ne kadar tehlikeli olursa olsun, bilimde atom \u00e7a\u011f\u0131n\u0131 ba\u015flatan \u00e7al\u0131\u015fmalar\u0131 ayn\u0131 zamanda Curie\u2019nin kurtulu\u015fuydu; bu \u00e7al\u0131\u015fmalar\u0131 sayesinde on dokuzuncu y\u00fczy\u0131l bilim d\u00fcnyas\u0131nda bile son derece kat\u0131 olan \u201ckad\u0131nlar giremez\u201d kural\u0131na ra\u011fmen ba\u015far\u0131ya ula\u015fm\u0131\u015ft\u0131 ve \u00e7a\u011f\u0131n en karanl\u0131k d\u00f6nemlerinde bir y\u0131ld\u0131z gibi parlam\u0131\u015ft\u0131. \u201cBu seri davetk\u00e2r ve tart\u0131\u015fmal\u0131 anlat\u0131m\u0131 sayesinde etkileyici bir ba\u015flang\u0131\u00e7la a\u00e7\u0131l\u0131\u015f\u0131 yap\u0131yor.\u201d -Publishers Weekly \u201cBilimin Devleri serisindeki di\u011fer kitaplar, ilk kitap olan Leonardo Da Vinci\u2019den sonra beklentiyi fazlas\u0131yla kar\u015f\u0131l\u0131yor. Krull ve bilim insanlar\u0131 ilahi g\u00fc\u00e7ler taraf\u0131ndan bir ara- ya getirilmi\u015f olmal\u0131.\u201d -Bulletin of the Center for Children\u2019s Books \u201cKrull, Bilimin Devleri serisinde birinci s\u0131n\u0131f bir bilimsel biyografi sunuyor.\u201d -Kirkus Reviews<\/p>","protected":false},"featured_media":18645,"template":"","meta":{"spay_email":""},"product_cat":[172],"product_tag":[],"item":[1214],"acf":[],"_links":{"self":[{"href":"https:\/\/mgvpublications.com\/de\/wp-json\/wp\/v2\/product\/18646"}],"collection":[{"href":"https:\/\/mgvpublications.com\/de\/wp-json\/wp\/v2\/product"}],"about":[{"href":"https:\/\/mgvpublications.com\/de\/wp-json\/wp\/v2\/types\/product"}],"wp:featuredmedia":[{"embeddable":true,"href":"https:\/\/mgvpublications.com\/de\/wp-json\/wp\/v2\/media\/18645"}],"wp:attachment":[{"href":"https:\/\/mgvpublications.com\/de\/wp-json\/wp\/v2\/media?parent=18646"}],"wp:term":[{"taxonomy":"product_cat","embeddable":true,"href":"https:\/\/mgvpublications.com\/de\/wp-json\/wp\/v2\/product_cat?post=18646"},{"taxonomy":"product_tag","embeddable":true,"href":"https:\/\/mgvpublications.com\/de\/wp-json\/wp\/v2\/product_tag?post=18646"},{"taxonomy":"item","embeddable":true,"href":"https:\/\/mgvpublications.com\/de\/wp-json\/wp\/v2\/item?post=18646"}],"curies":[{"name":"wp","href":"https:\/\/api.w.org\/{rel}","templated":true}]}}