{"id":18644,"date":"2021-05-04T23:03:41","date_gmt":"2021-05-04T21:03:41","guid":{"rendered":"https:\/\/mgvpublications.com\/produkt\/imagine-hayal-et\/"},"modified":"2022-03-08T22:52:15","modified_gmt":"2022-03-08T21:52:15","slug":"imagine-hayal-et","status":"publish","type":"product","link":"https:\/\/mgvpublications.com\/de\/imagine-hayal-et\/","title":{"rendered":"Imagine \/ Hayal Et"},"content":{"rendered":"<p>\u00c7evirmen: Elif Hazal \u00c7\u00f6k<br \/>Yay\u0131n Tarihi: 15.11.2019<br \/>ISBN: 9786050321494<br \/>Dil: T\u00dcRK\u00c7E<br \/>Sayfa Say\u0131s\u0131: 32<br \/>Cilt Tipi: Karton Kapak<br \/>Ka\u011f\u0131t Cinsi: Kitap Ka\u011f\u0131d\u0131<br \/>Boyut: 24 x 27.5 cm<\/p>","protected":false},"excerpt":{"rendered":"<p>Bar\u0131\u015f ve arkada\u015fl\u0131k mesaj\u0131n\u0131 d\u00fcnyan\u0131n d\u00f6rt bir yan\u0131ndaki birbirinden farkl\u0131 ku\u015flara yaymak i\u00e7in k\u00fcresel bir yolculu\u011fa \u00e7\u0131kan k\u00fc\u00e7\u00fck g\u00fcvercine kat\u0131l\u0131n. John Lennon\u2019\u0131n \u00f6l\u00fcms\u00fcz \u015fark\u0131s\u0131n\u0131n s\u00f6zlerini i\u00e7eren ve Uluslararas\u0131 Af \u00d6rg\u00fct\u00fc\u2019yle i\u015fbirli\u011fi i\u00e7inde yarat\u0131lan bu etkileyici kitap, bar\u0131\u015f i\u00e7inde bir d\u00fcnyay\u0131 hayal etmek i\u00e7in cesaret veriyor. \u201cImagine \u00e7ok g\u00fc\u00e7l\u00fc bir ifade, insanl\u0131\u011fa ve gelece\u011fine inan\u0131lmaz derin bir sevgiyle yaz\u0131lm\u0131\u015f.\u201d \u2013 Yoko Ono Lennon \u201cJohn Lennon\u2019\u0131n klasik s\u00f6zlerinin yan\u0131 s\u0131ra, Jean Jullien\u2019in \u00e7izimleri ortaya g\u00fczel ve dokunakl\u0131 bir kitab\u0131n \u00e7\u0131kmas\u0131n\u0131 sa\u011flam\u0131\u015f.\u201d \u2013 Malorie Blackman \u201cBu kitab\u0131 \u00e7ok seviyorum ve John da severdi diye d\u00fc\u015f\u00fcn\u00fcyorum.\u201d \u2013 Leigh Hobbs \u201c\u00c7ocuklar ve b\u00fcy\u00fcm\u00fc\u015f \u00e7ocuklar olarak, ruhumuzu y\u00fckselten, bizlere umut veren, ayn\u0131 zamanda anlay\u0131\u015f, uzla\u015fma ve bar\u0131\u015f yolunu bulabilmek i\u00e7in bizlere azim veren b\u00f6yle bir kitaba hi\u00e7 bu kadar ihtiyac\u0131m\u0131z olmam\u0131\u015ft\u0131.\u201d \u2013 Michael Morpurgo \u201cJohn Lennon\u2019\u0131n \u00f6l\u00fcms\u00fcz s\u00f6zlerinin bu \u015fekilde yeniden yorumlan\u0131\u015f\u0131, hassas ve m\u00fckemmelce muhakeme edilmi\u015f.\u201d \u2013 Chris Riddell<\/p>","protected":false},"featured_media":18643,"template":"","meta":{"spay_email":""},"product_cat":[172],"product_tag":[],"item":[1214],"acf":[],"_links":{"self":[{"href":"https:\/\/mgvpublications.com\/de\/wp-json\/wp\/v2\/product\/18644"}],"collection":[{"href":"https:\/\/mgvpublications.com\/de\/wp-json\/wp\/v2\/product"}],"about":[{"href":"https:\/\/mgvpublications.com\/de\/wp-json\/wp\/v2\/types\/product"}],"wp:featuredmedia":[{"embeddable":true,"href":"https:\/\/mgvpublications.com\/de\/wp-json\/wp\/v2\/media\/18643"}],"wp:attachment":[{"href":"https:\/\/mgvpublications.com\/de\/wp-json\/wp\/v2\/media?parent=18644"}],"wp:term":[{"taxonomy":"product_cat","embeddable":true,"href":"https:\/\/mgvpublications.com\/de\/wp-json\/wp\/v2\/product_cat?post=18644"},{"taxonomy":"product_tag","embeddable":true,"href":"https:\/\/mgvpublications.com\/de\/wp-json\/wp\/v2\/product_tag?post=18644"},{"taxonomy":"item","embeddable":true,"href":"https:\/\/mgvpublications.com\/de\/wp-json\/wp\/v2\/item?post=18644"}],"curies":[{"name":"wp","href":"https:\/\/api.w.org\/{rel}","templated":true}]}}