{"id":18638,"date":"2021-05-04T23:03:38","date_gmt":"2021-05-04T21:03:38","guid":{"rendered":"https:\/\/mgvpublications.com\/produkt\/sevimli-dostlar-saskin-ordek-nerede\/"},"modified":"2022-06-18T15:19:20","modified_gmt":"2022-06-18T13:19:20","slug":"sevimli-dostlar-saskin-ordek-nerede","status":"publish","type":"product","link":"https:\/\/mgvpublications.com\/de\/sevimli-dostlar-saskin-ordek-nerede\/","title":{"rendered":"Sevimli Dostlar &#8211; \u015ea\u015fk\u0131n \u00d6rdek Nerede ?"},"content":{"rendered":"<p>Yay\u0131n Tarihi: 09.09.2019<br \/>ISBN: 9786050320817<br \/>Dil: T\u00dcRK\u00c7E<br \/>Sayfa Say\u0131s\u0131: 32<br \/>Cilt Tipi: Karton Kapak<br \/>Ka\u011f\u0131t Cinsi: Ku\u015fe Ka\u011f\u0131t<br \/>Boyut: 21 x 21 cm<\/p>","protected":false},"excerpt":{"rendered":"<p>\u00c7ocuklar\u0131n duygusal, bili\u015fsel ve sosyal geli\u015fimlerini olumlu y\u00f6nde etkiler. K\u00fc\u00e7\u00fck ya\u015flardan itibaren onlara okuma al\u0131\u015fkanl\u0131\u011f\u0131n\u0131n yan\u0131 s\u0131ra estetik ve ahlaki de\u011ferler kazand\u0131r\u0131r. \u00c7ocuklar\u0131n duygusal ve kavramsal geli\u015fimine katk\u0131da bulunur. Bizler de, anne-babalar\u0131n \u00e7ocuklar\u0131 ile birlikte verimli ve e\u011flenceli zaman ge\u00e7irebilecekleri \u201cSevimli Dostlar\u2019\u2019 hik\u00e2ye kitaplar\u0131n\u0131 g\u00fcvenle haz\u0131rlad\u0131k. Her hik\u00e2ye kitab\u0131n\u0131 tema konular\u0131na uygun olu\u015fturduk. \u00c7ocuklar hik\u00e2yelerin resimlerine bakarak g\u00f6rsel okuma ve takibi yaparken dinleme ile de duyduklar\u0131n\u0131 anlamland\u0131rabilecekler, kavrayabilecekler ve kelime da\u011farc\u0131klar\u0131n\u0131 geli\u015ftirebileceklerdir. Boyama, Aktivite ve Hik\u00e2ye kitaplar\u0131 Sevimli Dostlar Mert, Nil, Unutkan Bal\u0131k ve \u015ea\u015fk\u0131n \u00d6rdek karakterleri ile hayat buluyor, \u00e7ocuklar\u0131n sevdikleri karakterler ile e\u011flenceli zaman ge\u00e7irirlerken \u00f6\u011frenme, kavrama ve anlamland\u0131rma y\u00f6nlerini de geli\u015ftireceklerdir. Sevimli Dostlar karakterleri k\u00fc\u00e7\u00fck ya\u015f grubu \u00e7ocuklarla tan\u0131\u015f\u0131p yeni dostluklar kurmaya haz\u0131r&#8230;<\/p>","protected":false},"featured_media":18637,"template":"","meta":{"spay_email":""},"product_cat":[172],"product_tag":[],"item":[1214],"acf":[],"_links":{"self":[{"href":"https:\/\/mgvpublications.com\/de\/wp-json\/wp\/v2\/product\/18638"}],"collection":[{"href":"https:\/\/mgvpublications.com\/de\/wp-json\/wp\/v2\/product"}],"about":[{"href":"https:\/\/mgvpublications.com\/de\/wp-json\/wp\/v2\/types\/product"}],"wp:featuredmedia":[{"embeddable":true,"href":"https:\/\/mgvpublications.com\/de\/wp-json\/wp\/v2\/media\/18637"}],"wp:attachment":[{"href":"https:\/\/mgvpublications.com\/de\/wp-json\/wp\/v2\/media?parent=18638"}],"wp:term":[{"taxonomy":"product_cat","embeddable":true,"href":"https:\/\/mgvpublications.com\/de\/wp-json\/wp\/v2\/product_cat?post=18638"},{"taxonomy":"product_tag","embeddable":true,"href":"https:\/\/mgvpublications.com\/de\/wp-json\/wp\/v2\/product_tag?post=18638"},{"taxonomy":"item","embeddable":true,"href":"https:\/\/mgvpublications.com\/de\/wp-json\/wp\/v2\/item?post=18638"}],"curies":[{"name":"wp","href":"https:\/\/api.w.org\/{rel}","templated":true}]}}