{"id":18634,"date":"2021-05-04T23:03:37","date_gmt":"2021-05-04T21:03:37","guid":{"rendered":"https:\/\/mgvpublications.com\/produkt\/david-bowie-kucuk-insanlar-buyuk-hayaller\/"},"modified":"2022-03-08T22:52:13","modified_gmt":"2022-03-08T21:52:13","slug":"david-bowie-kucuk-insanlar-buyuk-hayaller","status":"publish","type":"product","link":"https:\/\/mgvpublications.com\/de\/david-bowie-kucuk-insanlar-buyuk-hayaller\/","title":{"rendered":"David Bowie \/ K\u00fc\u00e7\u00fck \u0130nsanlar B\u00fcy\u00fck Hayaller"},"content":{"rendered":"<p>\u00c7evirmen: Nazl\u0131 G\u00fcrka\u015f<br \/>Yay\u0131n Tarihi: 25.02.2021<br \/>Orijinal Ad\u0131: Little People<br \/>ISBN: 9786254481321<br \/>Dil: T\u00dcRK\u00c7E<br \/>Sayfa Say\u0131s\u0131: 32<br \/>Cilt Tipi: Karton Kapak<br \/>Ka\u011f\u0131t Cinsi: Kitap Ka\u011f\u0131d\u0131<br \/>Boyut: 19.5 x 24 cm<\/p>","protected":false},"excerpt":{"rendered":"<p>Tasar\u0131mc\u0131lardan sanat\u00e7\u0131lara, bilim insanlar\u0131ndan yazarlara bu \u00f6zel ki\u015filerin hayat hik\u00e2yelerini ke\u015ffedin. Hepsi hayalleri olan k\u00fc\u00e7\u00fck \u00e7ocuklard\u0131 ve b\u00fcy\u00fcy\u00fcp inan\u0131lmaz i\u015fler ba\u015fard\u0131lar. David Bowie en ba\u015f\u0131ndan beri ger\u00e7ek bir y\u0131ld\u0131zd\u0131. Okuldayken dansta ve m\u00fczikte \u00e7ok iyi oldu\u011funu kan\u0131tlad\u0131ktan sonra ilk m\u00fczik grubunu kurdu, yapt\u0131\u011f\u0131 i\u015flerde hi\u00e7bir zaman kal\u0131plara s\u0131\u011fmad\u0131. B\u00fcy\u00fcd\u00fc\u011f\u00fcnde de hem yetene\u011fi hem de kost\u00fcmleri ve sahnedeki duru\u015fuyla izleyenlerini etkileyerek harika bir m\u00fczisyen ve b\u00fcy\u00fcleyici bir performans sanat\u00e7\u0131s\u0131 oldu\u011funu kan\u0131tlad\u0131.<\/p>","protected":false},"featured_media":18633,"template":"","meta":{"spay_email":""},"product_cat":[172],"product_tag":[],"item":[1214],"acf":[],"_links":{"self":[{"href":"https:\/\/mgvpublications.com\/de\/wp-json\/wp\/v2\/product\/18634"}],"collection":[{"href":"https:\/\/mgvpublications.com\/de\/wp-json\/wp\/v2\/product"}],"about":[{"href":"https:\/\/mgvpublications.com\/de\/wp-json\/wp\/v2\/types\/product"}],"wp:featuredmedia":[{"embeddable":true,"href":"https:\/\/mgvpublications.com\/de\/wp-json\/wp\/v2\/media\/18633"}],"wp:attachment":[{"href":"https:\/\/mgvpublications.com\/de\/wp-json\/wp\/v2\/media?parent=18634"}],"wp:term":[{"taxonomy":"product_cat","embeddable":true,"href":"https:\/\/mgvpublications.com\/de\/wp-json\/wp\/v2\/product_cat?post=18634"},{"taxonomy":"product_tag","embeddable":true,"href":"https:\/\/mgvpublications.com\/de\/wp-json\/wp\/v2\/product_tag?post=18634"},{"taxonomy":"item","embeddable":true,"href":"https:\/\/mgvpublications.com\/de\/wp-json\/wp\/v2\/item?post=18634"}],"curies":[{"name":"wp","href":"https:\/\/api.w.org\/{rel}","templated":true}]}}