{"id":18632,"date":"2021-05-04T23:03:36","date_gmt":"2021-05-04T21:03:36","guid":{"rendered":"https:\/\/mgvpublications.com\/produkt\/tirsak-sincap\/"},"modified":"2022-03-22T11:49:45","modified_gmt":"2022-03-22T10:49:45","slug":"tirsak-sincap","status":"publish","type":"product","link":"https:\/\/mgvpublications.com\/de\/tirsak-sincap\/","title":{"rendered":"T\u0131rsak Sincap"},"content":{"rendered":"<p>Yay\u0131n Tarihi: 03.09.2020<br \/>ISBN: 9786051865249<br \/>Dil: T\u00dcRK\u00c7E<br \/>Sayfa Say\u0131s\u0131: 32<br \/>Cilt Tipi: Karton Kapak<br \/>Ka\u011f\u0131t Cinsi: Kitap Ka\u011f\u0131d\u0131<br \/>Boyut: 20.3 x 20.3 cm<\/p>","protected":false},"excerpt":{"rendered":"<p>HERKES TIRSAK S\u0130NCAP \u0130\u00c7\u0130N DEL\u0130 OLUYOR! T\u0131rsak Sincap, bilinmez maceralar ya\u015famaktansa dikkatle planlad\u0131\u011f\u0131 rutinine uyarak kendi g\u00fcvenli a\u011fac\u0131nda kalmay\u0131 tercih ederdi. Ta ki bir g\u00fcn, planlar\u0131n\u0131n d\u0131\u015f\u0131nda bir olay ya\u015fanana kadar&#8230; \u201cT\u0131rsak Sincap\u2019\u0131n size de s\u00f6yleyece\u011fi gibi; arada s\u0131rada bilinmeze do\u011fru adeta u\u00e7arak atlad\u0131\u011f\u0131n\u0131zda, kendinizle ilgili yeni \u015feyler ke\u015ffedersiniz.\u201d \u2013 Horn Book Magazine \u201cKomedi ve ciddi ger\u00e7ekli\u011fin ustaca bir dengesi.\u201d \u2013 Toronto Star \u201c\u00c7ocuklar, bu kitaba bay\u0131lacak.\u201d \u2013 Publishers Weekly<\/p>","protected":false},"featured_media":18631,"template":"","meta":{"spay_email":""},"product_cat":[172],"product_tag":[],"item":[1214],"acf":[],"_links":{"self":[{"href":"https:\/\/mgvpublications.com\/de\/wp-json\/wp\/v2\/product\/18632"}],"collection":[{"href":"https:\/\/mgvpublications.com\/de\/wp-json\/wp\/v2\/product"}],"about":[{"href":"https:\/\/mgvpublications.com\/de\/wp-json\/wp\/v2\/types\/product"}],"wp:featuredmedia":[{"embeddable":true,"href":"https:\/\/mgvpublications.com\/de\/wp-json\/wp\/v2\/media\/18631"}],"wp:attachment":[{"href":"https:\/\/mgvpublications.com\/de\/wp-json\/wp\/v2\/media?parent=18632"}],"wp:term":[{"taxonomy":"product_cat","embeddable":true,"href":"https:\/\/mgvpublications.com\/de\/wp-json\/wp\/v2\/product_cat?post=18632"},{"taxonomy":"product_tag","embeddable":true,"href":"https:\/\/mgvpublications.com\/de\/wp-json\/wp\/v2\/product_tag?post=18632"},{"taxonomy":"item","embeddable":true,"href":"https:\/\/mgvpublications.com\/de\/wp-json\/wp\/v2\/item?post=18632"}],"curies":[{"name":"wp","href":"https:\/\/api.w.org\/{rel}","templated":true}]}}