{"id":18628,"date":"2021-05-04T23:03:35","date_gmt":"2021-05-04T21:03:35","guid":{"rendered":"https:\/\/mgvpublications.com\/produkt\/emmeline-pankhurst-kucuk-insanlar-buyuk-hayaller\/"},"modified":"2022-03-08T22:52:13","modified_gmt":"2022-03-08T21:52:13","slug":"emmeline-pankhurst-kucuk-insanlar-buyuk-hayaller","status":"publish","type":"product","link":"https:\/\/mgvpublications.com\/de\/emmeline-pankhurst-kucuk-insanlar-buyuk-hayaller\/","title":{"rendered":"Emmeline Pankhurst \/ K\u00fc\u00e7\u00fck \u0130nsanlar B\u00fcy\u00fck Hayaller"},"content":{"rendered":"<p>\u00c7evirmen: Nazl\u0131 G\u00fcrka\u015f<br \/>Yay\u0131n Tarihi: 25.02.2021<br \/>ISBN: 9786051867632<br \/>Dil: T\u00dcRK\u00c7E<br \/>Sayfa Say\u0131s\u0131: 32<br \/>Cilt Tipi: Karton Kapak<br \/>Ka\u011f\u0131t Cinsi: Kitap Ka\u011f\u0131d\u0131<br \/>Boyut: 19.5 x 24 cm<\/p>","protected":false},"excerpt":{"rendered":"<p>Tasar\u0131mc\u0131lardan sanat\u00e7\u0131lara, bilim insanlar\u0131ndan yazarlara bu \u00f6zel ki\u015filerin hayat hik\u00e2yelerini ke\u015ffedin. Hepsi hayalleri olan k\u00fc\u00e7\u00fck \u00e7ocuklard\u0131 ve b\u00fcy\u00fcy\u00fcp inan\u0131lmaz i\u015fler ba\u015fard\u0131lar. Emmeline Pankhurst ba\u015fkalar\u0131 i\u00e7in sava\u015fan ahramanlardan etkilenen bir \u00e7ocuktu. B\u00fct\u00fcn hayat\u0131n\u0131 kad\u0131nlar\u0131n oy verme hakk\u0131 kazanmas\u0131na adad\u0131. \u00c7al\u0131\u015fkanl\u0131\u011f\u0131 ve cesaretiyle b\u00fcy\u00fck bir hareketin k\u0131v\u0131lc\u0131m\u0131 oldu ve sonunda zafere ula\u015ft\u0131.<\/p>","protected":false},"featured_media":18627,"template":"","meta":{"spay_email":""},"product_cat":[168],"product_tag":[],"item":[1214],"acf":[],"_links":{"self":[{"href":"https:\/\/mgvpublications.com\/de\/wp-json\/wp\/v2\/product\/18628"}],"collection":[{"href":"https:\/\/mgvpublications.com\/de\/wp-json\/wp\/v2\/product"}],"about":[{"href":"https:\/\/mgvpublications.com\/de\/wp-json\/wp\/v2\/types\/product"}],"wp:featuredmedia":[{"embeddable":true,"href":"https:\/\/mgvpublications.com\/de\/wp-json\/wp\/v2\/media\/18627"}],"wp:attachment":[{"href":"https:\/\/mgvpublications.com\/de\/wp-json\/wp\/v2\/media?parent=18628"}],"wp:term":[{"taxonomy":"product_cat","embeddable":true,"href":"https:\/\/mgvpublications.com\/de\/wp-json\/wp\/v2\/product_cat?post=18628"},{"taxonomy":"product_tag","embeddable":true,"href":"https:\/\/mgvpublications.com\/de\/wp-json\/wp\/v2\/product_tag?post=18628"},{"taxonomy":"item","embeddable":true,"href":"https:\/\/mgvpublications.com\/de\/wp-json\/wp\/v2\/item?post=18628"}],"curies":[{"name":"wp","href":"https:\/\/api.w.org\/{rel}","templated":true}]}}