{"id":18626,"date":"2021-05-04T23:03:34","date_gmt":"2021-05-04T21:03:34","guid":{"rendered":"https:\/\/mgvpublications.com\/produkt\/mahatma-gandhi-kucuk-insanlar-buyuk-hayaller\/"},"modified":"2022-03-08T22:52:12","modified_gmt":"2022-03-08T21:52:12","slug":"mahatma-gandhi-kucuk-insanlar-buyuk-hayaller","status":"publish","type":"product","link":"https:\/\/mgvpublications.com\/de\/mahatma-gandhi-kucuk-insanlar-buyuk-hayaller\/","title":{"rendered":"Mahatma Gandhi \/ K\u00fc\u00e7\u00fck \u0130nsanlar B\u00fcy\u00fck Hayaller"},"content":{"rendered":"<p>\u00c7evirmen: Nazl\u0131 G\u00fcrka\u015f<br \/>Yay\u0131n Tarihi: 25.02.2021<br \/>Orijinal Ad\u0131: Little People<br \/>ISBN: 9786254481307<br \/>Dil: T\u00dcRK\u00c7E<br \/>Sayfa Say\u0131s\u0131: 32<br \/>Cilt Tipi: Karton Kapak<br \/>Ka\u011f\u0131t Cinsi: Kitap Ka\u011f\u0131d\u0131<br \/>Boyut: 19.5 x 24 cm<\/p>","protected":false},"excerpt":{"rendered":"<p>Tasar\u0131mc\u0131lardan sanat\u00e7\u0131lara, bilim insanlar\u0131ndan yazarlara bu \u00f6zel ki\u015filerin hayat hik\u00e2yelerini ke\u015ffedin. Hepsi hayalleri olan k\u00fc\u00e7\u00fck \u00e7ocuklard\u0131 ve b\u00fcy\u00fcy\u00fcp inan\u0131lmaz i\u015fler ba\u015fard\u0131lar. Mohamas Gandhi \u00e7ocukken t\u00fcm millet ve dinlerden insanlar\u0131n birlik oldu\u011funu hayal ederdi. Bu fikirden yola \u00e7\u0131karak Hindistan\u2019\u0131 Birle\u015fik Krall\u0131k\u2019\u0131n g\u00fcd\u00fcm\u00fcnden kurtarabilmek i\u00e7in bar\u0131\u015f\u00e7\u0131l protestolar d\u00fczenledi. Haks\u0131z uygulamalar\u0131n ve \u015fiddetin sona ermesini sa\u011flayarak \u00fclkeyi birle\u015ftirdi. Cesareti ve ilerici d\u00fc\u015f\u00fcnceleri, Mahatma yani \u201cmuhte\u015fem ruh\u201d olarak bilinen Gandhi\u2019yi d\u00fcnya bar\u0131\u015f\u0131n\u0131n simgesi haline getirdi.<\/p>","protected":false},"featured_media":18625,"template":"","meta":{"spay_email":""},"product_cat":[172],"product_tag":[],"item":[1214],"acf":[],"_links":{"self":[{"href":"https:\/\/mgvpublications.com\/de\/wp-json\/wp\/v2\/product\/18626"}],"collection":[{"href":"https:\/\/mgvpublications.com\/de\/wp-json\/wp\/v2\/product"}],"about":[{"href":"https:\/\/mgvpublications.com\/de\/wp-json\/wp\/v2\/types\/product"}],"wp:featuredmedia":[{"embeddable":true,"href":"https:\/\/mgvpublications.com\/de\/wp-json\/wp\/v2\/media\/18625"}],"wp:attachment":[{"href":"https:\/\/mgvpublications.com\/de\/wp-json\/wp\/v2\/media?parent=18626"}],"wp:term":[{"taxonomy":"product_cat","embeddable":true,"href":"https:\/\/mgvpublications.com\/de\/wp-json\/wp\/v2\/product_cat?post=18626"},{"taxonomy":"product_tag","embeddable":true,"href":"https:\/\/mgvpublications.com\/de\/wp-json\/wp\/v2\/product_tag?post=18626"},{"taxonomy":"item","embeddable":true,"href":"https:\/\/mgvpublications.com\/de\/wp-json\/wp\/v2\/item?post=18626"}],"curies":[{"name":"wp","href":"https:\/\/api.w.org\/{rel}","templated":true}]}}