{"id":18622,"date":"2021-05-04T23:03:33","date_gmt":"2021-05-04T21:03:33","guid":{"rendered":"https:\/\/mgvpublications.com\/produkt\/maria-montessori-kucuk-insanlar-buyuk-hayaller\/"},"modified":"2022-03-08T22:52:10","modified_gmt":"2022-03-08T21:52:10","slug":"maria-montessori-kucuk-insanlar-buyuk-hayaller","status":"publish","type":"product","link":"https:\/\/mgvpublications.com\/de\/maria-montessori-kucuk-insanlar-buyuk-hayaller\/","title":{"rendered":"Maria Montessori \/ K\u00fc\u00e7\u00fck \u0130nsanlar B\u00fcy\u00fck Hayaller"},"content":{"rendered":"<p>\u00c7evirmen: Nazl\u0131 G\u00fcrka\u015f<br \/>Yay\u0131n Tarihi: 25.02.2021<br \/>Orijinal Ad\u0131: Little People<br \/>ISBN: 9786254481277<br \/>Dil: T\u00dcRK\u00c7E<br \/>Sayfa Say\u0131s\u0131: 32<br \/>Cilt Tipi: Karton Kapak<br \/>Ka\u011f\u0131t Cinsi: Kitap Ka\u011f\u0131d\u0131<br \/>Boyut: 19.4 x 24 cm<\/p>","protected":false},"excerpt":{"rendered":"<p>Tasar\u0131mc\u0131lardan sanat\u00e7\u0131lara, bilim insanlar\u0131ndan yazarlara bu \u00f6zel ki\u015filerin hayat hik\u00e2yelerini ke\u015ffedin. Hepsi hayalleri olan k\u00fc\u00e7\u00fck \u00e7ocuklard\u0131 ve b\u00fcy\u00fcy\u00fcp inan\u0131lmaz i\u015fler ba\u015fard\u0131lar. Maria Montessori hen\u00fcz k\u00fc\u00e7\u00fck bir k\u0131zken bile al\u0131\u015f\u0131lm\u0131\u015f olan\u0131n d\u0131\u015f\u0131na \u00e7\u0131kmay\u0131 \u00e7ok severdi; bu nedenle sadece erkeklerin gitti\u011fi bir okulda bilim okumay\u0131 se\u00e7ti. \u00dclkesindeki ilk kad\u0131n t\u0131p doktoru oldu ve uzmanl\u0131\u011f\u0131n\u0131 \u00e7ocuklar \u00fczerine yapt\u0131. Geleneksel e\u011fitim kurallar\u0131n\u0131 tersy\u00fcz eden \u00e7ok \u00f6nemli ke\u015fiflerde bulundu, a\u00e7t\u0131\u011f\u0131 Montessori okullar\u0131 d\u00fcnyan\u0131n her yerine yay\u0131ld\u0131.<\/p>","protected":false},"featured_media":18621,"template":"","meta":{"spay_email":""},"product_cat":[172],"product_tag":[],"item":[1214],"acf":[],"_links":{"self":[{"href":"https:\/\/mgvpublications.com\/de\/wp-json\/wp\/v2\/product\/18622"}],"collection":[{"href":"https:\/\/mgvpublications.com\/de\/wp-json\/wp\/v2\/product"}],"about":[{"href":"https:\/\/mgvpublications.com\/de\/wp-json\/wp\/v2\/types\/product"}],"wp:featuredmedia":[{"embeddable":true,"href":"https:\/\/mgvpublications.com\/de\/wp-json\/wp\/v2\/media\/18621"}],"wp:attachment":[{"href":"https:\/\/mgvpublications.com\/de\/wp-json\/wp\/v2\/media?parent=18622"}],"wp:term":[{"taxonomy":"product_cat","embeddable":true,"href":"https:\/\/mgvpublications.com\/de\/wp-json\/wp\/v2\/product_cat?post=18622"},{"taxonomy":"product_tag","embeddable":true,"href":"https:\/\/mgvpublications.com\/de\/wp-json\/wp\/v2\/product_tag?post=18622"},{"taxonomy":"item","embeddable":true,"href":"https:\/\/mgvpublications.com\/de\/wp-json\/wp\/v2\/item?post=18622"}],"curies":[{"name":"wp","href":"https:\/\/api.w.org\/{rel}","templated":true}]}}