{"id":18620,"date":"2021-05-04T23:03:32","date_gmt":"2021-05-04T21:03:32","guid":{"rendered":"https:\/\/mgvpublications.com\/produkt\/muhammed-ali-kucuk-insanlar-buyuk-hayaller\/"},"modified":"2022-03-08T22:52:10","modified_gmt":"2022-03-08T21:52:10","slug":"muhammed-ali-kucuk-insanlar-buyuk-hayaller","status":"publish","type":"product","link":"https:\/\/mgvpublications.com\/de\/muhammed-ali-kucuk-insanlar-buyuk-hayaller\/","title":{"rendered":"Muhammed Ali \/ K\u00fc\u00e7\u00fck \u0130nsanlar B\u00fcy\u00fck Hayaller"},"content":{"rendered":"<p>\u00c7evirmen: Nazl\u0131 G\u00fcrka\u015f<br \/>Yay\u0131n Tarihi: 25.02.2021<br \/>Orijinal Ad\u0131: Little People<br \/>ISBN: 9786254481284<br \/>Dil: T\u00dcRK\u00c7E<br \/>Sayfa Say\u0131s\u0131: 32<br \/>Cilt Tipi: Karton Kapak<br \/>Ka\u011f\u0131t Cinsi: Kitap Ka\u011f\u0131d\u0131<br \/>Boyut: 19.5 x 24 cm<\/p>","protected":false},"excerpt":{"rendered":"<p>Tasar\u0131mc\u0131lardan sanat\u00e7\u0131lara, bilim insanlar\u0131ndan yazarlara bu \u00f6zel ki\u015filerin hayat hik\u00e2yelerini ke\u015ffedin. Hepsi hayalleri olan k\u00fc\u00e7\u00fck \u00e7ocuklard\u0131 ve b\u00fcy\u00fcy\u00fcp inan\u0131lmaz i\u015fler ba\u015fard\u0131lar. Muhammed Ali \u00e7ocukken bir g\u00fcn bisikleti \u00e7al\u0131nd\u0131. H\u0131rs\u0131z\u0131 bulup onunla d\u00f6v\u00fc\u015fmek istedi ama dan\u0131\u015ft\u0131\u011f\u0131 polis memuru bunun i\u00e7in \u00f6ncelikle nas\u0131l kavga edece\u011fini \u00f6\u011frenmesi gerekti\u011fini s\u00f6yledi. Muhammed, spor salonundaki s\u0131k\u0131 \u00e7al\u0131\u015fmalar\u0131 sayesinde hem yumruklar\u0131n\u0131 hem de hayatta ona \u0131\u015f\u0131k tutacak etik kurallar\u0131n\u0131 geli\u015ftirdi. Zek\u00e2s\u0131 ve karakteriyle boks sporundaki en y\u00fcksek unvan\u0131 elde etti: D\u00fcnya a\u011f\u0131rsiklet \u015fampiyonu oldu.<\/p>","protected":false},"featured_media":20244,"template":"","meta":{"spay_email":""},"product_cat":[172],"product_tag":[],"item":[1214],"acf":[],"_links":{"self":[{"href":"https:\/\/mgvpublications.com\/de\/wp-json\/wp\/v2\/product\/18620"}],"collection":[{"href":"https:\/\/mgvpublications.com\/de\/wp-json\/wp\/v2\/product"}],"about":[{"href":"https:\/\/mgvpublications.com\/de\/wp-json\/wp\/v2\/types\/product"}],"wp:featuredmedia":[{"embeddable":true,"href":"https:\/\/mgvpublications.com\/de\/wp-json\/wp\/v2\/media\/20244"}],"wp:attachment":[{"href":"https:\/\/mgvpublications.com\/de\/wp-json\/wp\/v2\/media?parent=18620"}],"wp:term":[{"taxonomy":"product_cat","embeddable":true,"href":"https:\/\/mgvpublications.com\/de\/wp-json\/wp\/v2\/product_cat?post=18620"},{"taxonomy":"product_tag","embeddable":true,"href":"https:\/\/mgvpublications.com\/de\/wp-json\/wp\/v2\/product_tag?post=18620"},{"taxonomy":"item","embeddable":true,"href":"https:\/\/mgvpublications.com\/de\/wp-json\/wp\/v2\/item?post=18620"}],"curies":[{"name":"wp","href":"https:\/\/api.w.org\/{rel}","templated":true}]}}