{"id":18618,"date":"2021-05-04T23:03:30","date_gmt":"2021-05-04T21:03:30","guid":{"rendered":"https:\/\/mgvpublications.com\/produkt\/ella-fitzgerald-kucuk-insanlar-buyuk-hayaller\/"},"modified":"2022-03-08T22:52:10","modified_gmt":"2022-03-08T21:52:10","slug":"ella-fitzgerald-kucuk-insanlar-buyuk-hayaller","status":"publish","type":"product","link":"https:\/\/mgvpublications.com\/de\/ella-fitzgerald-kucuk-insanlar-buyuk-hayaller\/","title":{"rendered":"Ella Fitzgerald \/ K\u00fc\u00e7\u00fck \u0130nsanlar B\u00fcy\u00fck Hayaller"},"content":{"rendered":"<p>\u00c7evirmen: Nazl\u0131 G\u00fcrka\u015f<br \/>Yay\u0131n Tarihi: 24.10.2018<br \/>ISBN: 9786051867656<br \/>Dil: T\u00dcRK\u00c7E<br \/>Sayfa Say\u0131s\u0131: 32<br \/>Cilt Tipi: Karton Kapak<br \/>Ka\u011f\u0131t Cinsi: Kitap Ka\u011f\u0131d\u0131<br \/>Boyut: 19.5 x 24 cm<\/p>","protected":false},"excerpt":{"rendered":"<p>Tasar\u0131mc\u0131lardan sanat\u00e7\u0131lara, bilim insanlar\u0131ndan yazarlara bu \u00f6zel ki\u015filerin hayat hik\u00e2yelerini ke\u015ffedin. Hepsi hayalleri olan k\u00fc\u00e7\u00fck \u00e7ocuklard\u0131 ve b\u00fcy\u00fcy\u00fcp inan\u0131lmaz i\u015fler ba\u015fard\u0131lar. Ella Fitzgerald, caz m\u00fczi\u011fin en \u00f6nemli isimlerinden biriydi. Swing, blues, gospel ve soul gibi t\u00fcrlerde \u015fark\u0131 s\u00f6ylerken bu m\u00fcthi\u015f yetene\u011fe herkes hayrand\u0131; scat denilen kendi sesini bir enstr\u00fcmana d\u00f6n\u00fc\u015ft\u00fcrme y\u00f6ntemini geli\u015ftirdi. Her t\u00fcr m\u00fczikle u\u011fra\u015ft\u0131, Frank Sinatra, Duke Ellington, Louis Armstrong gibi isimlerin b\u00fcy\u00fck sayg\u0131s\u0131n\u0131 kazand\u0131. Ella, caz\u0131n krali\u00e7esi olarak haf\u0131zalara kaz\u0131nd\u0131.<\/p>","protected":false},"featured_media":18617,"template":"","meta":{"spay_email":""},"product_cat":[172],"product_tag":[],"item":[1214],"acf":[],"_links":{"self":[{"href":"https:\/\/mgvpublications.com\/de\/wp-json\/wp\/v2\/product\/18618"}],"collection":[{"href":"https:\/\/mgvpublications.com\/de\/wp-json\/wp\/v2\/product"}],"about":[{"href":"https:\/\/mgvpublications.com\/de\/wp-json\/wp\/v2\/types\/product"}],"wp:featuredmedia":[{"embeddable":true,"href":"https:\/\/mgvpublications.com\/de\/wp-json\/wp\/v2\/media\/18617"}],"wp:attachment":[{"href":"https:\/\/mgvpublications.com\/de\/wp-json\/wp\/v2\/media?parent=18618"}],"wp:term":[{"taxonomy":"product_cat","embeddable":true,"href":"https:\/\/mgvpublications.com\/de\/wp-json\/wp\/v2\/product_cat?post=18618"},{"taxonomy":"product_tag","embeddable":true,"href":"https:\/\/mgvpublications.com\/de\/wp-json\/wp\/v2\/product_tag?post=18618"},{"taxonomy":"item","embeddable":true,"href":"https:\/\/mgvpublications.com\/de\/wp-json\/wp\/v2\/item?post=18618"}],"curies":[{"name":"wp","href":"https:\/\/api.w.org\/{rel}","templated":true}]}}