{"id":18616,"date":"2021-05-04T23:03:29","date_gmt":"2021-05-04T21:03:29","guid":{"rendered":"https:\/\/mgvpublications.com\/produkt\/ada-lovelace-kucuk-insanlar-buyuk-hayaller\/"},"modified":"2022-04-23T18:05:52","modified_gmt":"2022-04-23T16:05:52","slug":"ada-lovelace-kucuk-insanlar-buyuk-hayaller","status":"publish","type":"product","link":"https:\/\/mgvpublications.com\/de\/ada-lovelace-kucuk-insanlar-buyuk-hayaller\/","title":{"rendered":"Ada Lovelace \/ K\u00fc\u00e7\u00fck \u0130nsanlar B\u00fcy\u00fck Hayaller"},"content":{"rendered":"<p>\u00c7evirmen: Nazl\u0131 G\u00fcrka\u015f<br \/>Yay\u0131n Tarihi: 24.10.2018<br \/>ISBN: 9786051867601<br \/>Dil: T\u00dcRK\u00c7E<br \/>Sayfa Say\u0131s\u0131: 32<br \/>Cilt Tipi: Karton Kapak<br \/>Ka\u011f\u0131t Cinsi: Kitap Ka\u011f\u0131d\u0131<br \/>Boyut: 19.5 x 24 cm<\/p>","protected":false},"excerpt":{"rendered":"<p>Tasar\u0131mc\u0131lardan sanat\u00e7\u0131lara, bilim insanlar\u0131ndan yazarlara bu \u00f6zel ki\u015filerin hayat hik\u00e2yelerini ke\u015ffedin. Hepsi hayalleri olan k\u00fc\u00e7\u00fck \u00e7ocuklard\u0131 ve b\u00fcy\u00fcy\u00fcp inan\u0131lmaz i\u015fler ba\u015fard\u0131lar. \u00dcnl\u00fc \u015fair Lord Byron\u2019\u0131n k\u0131z\u0131, \u0130ngiliz matematik\u00e7i ve yazar Ada Lovelace, duygular\u0131 ve akl\u0131 aras\u0131nda her zaman m\u00fccadele i\u00e7erisinde olan bir d\u00e2hiydi. Bir bilgisayar\u0131n basit hesaplamalardan da \u00f6tesini yapabilece\u011fini \u00f6ng\u00f6rd\u00fc ve ilk program dilini ke\u015ffetti. B\u00f6ylece ilk bilgisayar programc\u0131s\u0131 olarak tarihe ge\u00e7ti.<\/p>","protected":false},"featured_media":18615,"template":"","meta":{"spay_email":""},"product_cat":[172],"product_tag":[],"item":[1214],"acf":[],"_links":{"self":[{"href":"https:\/\/mgvpublications.com\/de\/wp-json\/wp\/v2\/product\/18616"}],"collection":[{"href":"https:\/\/mgvpublications.com\/de\/wp-json\/wp\/v2\/product"}],"about":[{"href":"https:\/\/mgvpublications.com\/de\/wp-json\/wp\/v2\/types\/product"}],"wp:featuredmedia":[{"embeddable":true,"href":"https:\/\/mgvpublications.com\/de\/wp-json\/wp\/v2\/media\/18615"}],"wp:attachment":[{"href":"https:\/\/mgvpublications.com\/de\/wp-json\/wp\/v2\/media?parent=18616"}],"wp:term":[{"taxonomy":"product_cat","embeddable":true,"href":"https:\/\/mgvpublications.com\/de\/wp-json\/wp\/v2\/product_cat?post=18616"},{"taxonomy":"product_tag","embeddable":true,"href":"https:\/\/mgvpublications.com\/de\/wp-json\/wp\/v2\/product_tag?post=18616"},{"taxonomy":"item","embeddable":true,"href":"https:\/\/mgvpublications.com\/de\/wp-json\/wp\/v2\/item?post=18616"}],"curies":[{"name":"wp","href":"https:\/\/api.w.org\/{rel}","templated":true}]}}