{"id":18614,"date":"2021-05-04T23:03:29","date_gmt":"2021-05-04T21:03:29","guid":{"rendered":"https:\/\/mgvpublications.com\/produkt\/audrey-hepburn-kucuk-insanlar-buyuk-hayaller\/"},"modified":"2022-03-08T22:52:10","modified_gmt":"2022-03-08T21:52:10","slug":"audrey-hepburn-kucuk-insanlar-buyuk-hayaller","status":"publish","type":"product","link":"https:\/\/mgvpublications.com\/de\/audrey-hepburn-kucuk-insanlar-buyuk-hayaller\/","title":{"rendered":"Audrey Hepburn \/ K\u00fc\u00e7\u00fck \u0130nsanlar B\u00fcy\u00fck Hayaller"},"content":{"rendered":"<p>\u00c7evirmen: Nazl\u0131 G\u00fcrka\u015f<br \/>Yay\u0131n Tarihi: 25.04.2019<br \/>ISBN: 9786051867618<br \/>Dil: T\u00dcRK\u00c7E<br \/>Sayfa Say\u0131s\u0131: 32<br \/>Cilt Tipi: Karton Kapak<br \/>Ka\u011f\u0131t Cinsi: Kitap Ka\u011f\u0131d\u0131<br \/>Boyut: 19.5 x 24 cm<\/p>","protected":false},"excerpt":{"rendered":"<p>Tasar\u0131mc\u0131lardan sanat\u00e7\u0131lara, bilim insanlar\u0131ndan yazarlara bu \u00f6zel ki\u015filerin hayat hik\u00e2yelerini ke\u015ffedin. Hepsi hayalleri olan k\u00fc\u00e7\u00fck \u00e7ocuklard\u0131 ve b\u00fcy\u00fcy\u00fcp inan\u0131lmaz i\u015fler ba\u015fard\u0131lar. Audrey Hepburn sadece bir sinema y\u0131ld\u0131z\u0131 ya da moda ikonu de\u011fil, d\u00fcnyay\u0131 sadeli\u011fi ve \u015fefkatiyle ele ge\u00e7iren bir kad\u0131nd\u0131. Hayat\u0131 anlamaya y\u00f6nelik al\u00e7akg\u00f6n\u00fcll\u00fc ve insanc\u0131l yakla\u015f\u0131m\u0131, UNICEF taraf\u0131ndan iyi niyet el\u00e7isi se\u00e7ilerek d\u00fcnyan\u0131n geli\u015fmekte olan \u00fclkelerindeki bir\u00e7ok \u00e7ocu\u011fa yard\u0131mc\u0131 olmas\u0131n\u0131 sa\u011flad\u0131. Bu \u00f6yle bir g\u00f6revdi ki d\u00fcnyadaki herkes ona iyili\u011finin d\u00fcnyaya biraz daha yay\u0131lmas\u0131n\u0131 sa\u011flad\u0131\u011f\u0131 i\u00e7in her zaman minnettar olacakt\u0131.<\/p>","protected":false},"featured_media":18613,"template":"","meta":{"spay_email":""},"product_cat":[172],"product_tag":[],"item":[1214],"acf":[],"_links":{"self":[{"href":"https:\/\/mgvpublications.com\/de\/wp-json\/wp\/v2\/product\/18614"}],"collection":[{"href":"https:\/\/mgvpublications.com\/de\/wp-json\/wp\/v2\/product"}],"about":[{"href":"https:\/\/mgvpublications.com\/de\/wp-json\/wp\/v2\/types\/product"}],"wp:featuredmedia":[{"embeddable":true,"href":"https:\/\/mgvpublications.com\/de\/wp-json\/wp\/v2\/media\/18613"}],"wp:attachment":[{"href":"https:\/\/mgvpublications.com\/de\/wp-json\/wp\/v2\/media?parent=18614"}],"wp:term":[{"taxonomy":"product_cat","embeddable":true,"href":"https:\/\/mgvpublications.com\/de\/wp-json\/wp\/v2\/product_cat?post=18614"},{"taxonomy":"product_tag","embeddable":true,"href":"https:\/\/mgvpublications.com\/de\/wp-json\/wp\/v2\/product_tag?post=18614"},{"taxonomy":"item","embeddable":true,"href":"https:\/\/mgvpublications.com\/de\/wp-json\/wp\/v2\/item?post=18614"}],"curies":[{"name":"wp","href":"https:\/\/api.w.org\/{rel}","templated":true}]}}