{"id":18612,"date":"2021-05-04T23:03:28","date_gmt":"2021-05-04T21:03:28","guid":{"rendered":"https:\/\/mgvpublications.com\/produkt\/beklemek\/"},"modified":"2022-03-08T22:52:09","modified_gmt":"2022-03-08T21:52:09","slug":"beklemek","status":"publish","type":"product","link":"https:\/\/mgvpublications.com\/de\/beklemek\/","title":{"rendered":"Beklemek"},"content":{"rendered":"<p>\u00c7evirmen: Elif Hazal \u00c7\u00f6k<br \/>Yay\u0131n Tarihi: 27.10.2020<br \/>Orijinal Ad\u0131: Waiting<br \/>ISBN: 9786050322170<br \/>Dil: T\u00dcRK\u00c7E<br \/>Sayfa Say\u0131s\u0131: 32<br \/>Cilt Tipi: Karton Kapak<br \/>Ka\u011f\u0131t Cinsi: Kitap Ka\u011f\u0131d\u0131<br \/>Boyut: 23 x 29 cm<\/p>","protected":false},"excerpt":{"rendered":"<p>Sence ne i\u00e7in bekliyorlar? S\u0131ra d\u0131\u015f\u0131 bir \u015fey i\u00e7in olabilir mi? Bir misafir? Bir s\u00fcrpriz? Belki de senin i\u00e7in bekliyorlard\u0131r! Amazon \u00e7ocuk kitaplar\u0131 edit\u00f6r\u00fc Seira Wilson taraf\u0131ndan, Prime Book Box i\u00e7in se\u00e7ilmi\u015f. Caldecott ve Theodor Seuss Geisel \u00d6d\u00fcll\u00fc Kitab\u0131 \u201cMetnin k\u0131sa c\u00fcmleleri, Henkes gibi usta bir resimli kitap yarat\u0131c\u0131s\u0131ndan beklenece\u011fi \u00fczere kesinlikte ak\u0131yor. Her deneyimin yeni oldu\u011fu k\u00fc\u00e7\u00fckler, hayal etmenin ve beklemenin nas\u0131l bir \u015fey oldu\u011funu \u00e7ok iyi bilir.\u201d &#8211; ALA Booklist<\/p>","protected":false},"featured_media":18611,"template":"","meta":{"spay_email":""},"product_cat":[172],"product_tag":[],"item":[1214],"acf":[],"_links":{"self":[{"href":"https:\/\/mgvpublications.com\/de\/wp-json\/wp\/v2\/product\/18612"}],"collection":[{"href":"https:\/\/mgvpublications.com\/de\/wp-json\/wp\/v2\/product"}],"about":[{"href":"https:\/\/mgvpublications.com\/de\/wp-json\/wp\/v2\/types\/product"}],"wp:featuredmedia":[{"embeddable":true,"href":"https:\/\/mgvpublications.com\/de\/wp-json\/wp\/v2\/media\/18611"}],"wp:attachment":[{"href":"https:\/\/mgvpublications.com\/de\/wp-json\/wp\/v2\/media?parent=18612"}],"wp:term":[{"taxonomy":"product_cat","embeddable":true,"href":"https:\/\/mgvpublications.com\/de\/wp-json\/wp\/v2\/product_cat?post=18612"},{"taxonomy":"product_tag","embeddable":true,"href":"https:\/\/mgvpublications.com\/de\/wp-json\/wp\/v2\/product_tag?post=18612"},{"taxonomy":"item","embeddable":true,"href":"https:\/\/mgvpublications.com\/de\/wp-json\/wp\/v2\/item?post=18612"}],"curies":[{"name":"wp","href":"https:\/\/api.w.org\/{rel}","templated":true}]}}