{"id":18608,"date":"2021-05-04T23:03:27","date_gmt":"2021-05-04T21:03:27","guid":{"rendered":"https:\/\/mgvpublications.com\/produkt\/amelia-earhart-kucuk-insanlar-buyuk-hayaller\/"},"modified":"2022-03-08T22:52:09","modified_gmt":"2022-03-08T21:52:09","slug":"amelia-earhart-kucuk-insanlar-buyuk-hayaller","status":"publish","type":"product","link":"https:\/\/mgvpublications.com\/de\/amelia-earhart-kucuk-insanlar-buyuk-hayaller\/","title":{"rendered":"Amelia Earhart \/ K\u00fc\u00e7\u00fck \u0130nsanlar B\u00fcy\u00fck Hayaller"},"content":{"rendered":"<p>\u00c7evirmen: Nazl\u0131 G\u00fcrka\u015f<br \/>Yay\u0131n Tarihi: 25.02.2021<br \/>ISBN: 9786051867588<br \/>Dil: T\u00dcRK\u00c7E<br \/>Sayfa Say\u0131s\u0131: 32<br \/>Cilt Tipi: Karton Kapak<br \/>Ka\u011f\u0131t Cinsi: Kitap Ka\u011f\u0131d\u0131<br \/>Boyut: 19.5 x 24 cm<\/p>","protected":false},"excerpt":{"rendered":"<p>Tasar\u0131mc\u0131lardan sanat\u00e7\u0131lara, bilim insanlar\u0131ndan yazarlara bu \u00f6zel ki\u015filerin hayat hik\u00e2yelerini ke\u015ffedin. Hepsi hayalleri olan k\u00fc\u00e7\u00fck \u00e7ocuklard\u0131 ve b\u00fcy\u00fcy\u00fcp inan\u0131lmaz i\u015fler ba\u015fard\u0131lar. Amelia Earhart \u00e7ocukken kanatlar\u0131n\u0131 esnetip bir ku\u015f gibi u\u00e7abildi\u011fini hayal etmekten \u00e7ok ho\u015fland\u0131rd\u0131. Yeti\u015fkin bir kad\u0131n oldu\u011funda d\u00f6rt bin iki y\u00fcz metreden daha y\u00fckse\u011fe \u00e7\u0131karak u\u00e7u\u015f rekoru k\u0131rd\u0131. Atlantik ve Pasifik Okyanusu \u00fczerinde u\u00e7arak \u00e7ok zorlu bir g\u00f6rev \u00fcstlendi; gezegenin etraf\u0131n\u0131 u\u00e7arak kat edecekti.<\/p>","protected":false},"featured_media":18607,"template":"","meta":{"spay_email":""},"product_cat":[168],"product_tag":[],"item":[1214],"acf":[],"_links":{"self":[{"href":"https:\/\/mgvpublications.com\/de\/wp-json\/wp\/v2\/product\/18608"}],"collection":[{"href":"https:\/\/mgvpublications.com\/de\/wp-json\/wp\/v2\/product"}],"about":[{"href":"https:\/\/mgvpublications.com\/de\/wp-json\/wp\/v2\/types\/product"}],"wp:featuredmedia":[{"embeddable":true,"href":"https:\/\/mgvpublications.com\/de\/wp-json\/wp\/v2\/media\/18607"}],"wp:attachment":[{"href":"https:\/\/mgvpublications.com\/de\/wp-json\/wp\/v2\/media?parent=18608"}],"wp:term":[{"taxonomy":"product_cat","embeddable":true,"href":"https:\/\/mgvpublications.com\/de\/wp-json\/wp\/v2\/product_cat?post=18608"},{"taxonomy":"product_tag","embeddable":true,"href":"https:\/\/mgvpublications.com\/de\/wp-json\/wp\/v2\/product_tag?post=18608"},{"taxonomy":"item","embeddable":true,"href":"https:\/\/mgvpublications.com\/de\/wp-json\/wp\/v2\/item?post=18608"}],"curies":[{"name":"wp","href":"https:\/\/api.w.org\/{rel}","templated":true}]}}