{"id":18606,"date":"2021-05-04T23:03:27","date_gmt":"2021-05-04T21:03:27","guid":{"rendered":"https:\/\/mgvpublications.com\/produkt\/frida-kahlo-kucuk-insanlar-buyuk-hayaller\/"},"modified":"2022-03-08T22:52:09","modified_gmt":"2022-03-08T21:52:09","slug":"frida-kahlo-kucuk-insanlar-buyuk-hayaller","status":"publish","type":"product","link":"https:\/\/mgvpublications.com\/de\/frida-kahlo-kucuk-insanlar-buyuk-hayaller\/","title":{"rendered":"Frida Kahlo \/ K\u00fc\u00e7\u00fck \u0130nsanlar B\u00fcy\u00fck Hayaller"},"content":{"rendered":"<p>\u00c7evirmen: Nazl\u0131 G\u00fcrka\u015f<br \/>Yay\u0131n Tarihi: 11.09.2020<br \/>ISBN: 9786051867564<br \/>Dil: T\u00dcRK\u00c7E<br \/>Sayfa Say\u0131s\u0131: 32<br \/>Cilt Tipi: Karton Kapak<br \/>Ka\u011f\u0131t Cinsi: Kitap Ka\u011f\u0131d\u0131<br \/>Boyut: 19.5 x 24 cm<\/p>","protected":false},"excerpt":{"rendered":"<p>Tasar\u0131mc\u0131lardan sanat\u00e7\u0131lara, bilim insanlar\u0131ndan yazarlara bu \u00f6zel ki\u015filerin hayat hik\u00e2yelerini ke\u015ffedin. Hepsi hayalleri olan k\u00fc\u00e7\u00fck \u00e7ocuklard\u0131 ve b\u00fcy\u00fcy\u00fcp inan\u0131lmaz i\u015fler ba\u015fard\u0131lar. Frida Kahlo, Meksika sanat tarihinin en \u00f6nemli ressamlar\u0131ndan ve yirminci y\u00fczy\u0131l\u0131n en b\u00fcy\u00fck sanat ikonlar\u0131ndan biriydi. Ki\u015fisel portreleri ile asi, ba\u011f\u0131ms\u0131z, hayranl\u0131k uyand\u0131r\u0131c\u0131 karakteri sayesinde hastal\u0131\u011f\u0131n\u0131n ve hayat\u0131nda b\u00fcy\u00fck iz b\u0131rakan kazan\u0131n \u00fcstesinden gelmeyi ba\u015fard\u0131. Frida, bir kararl\u0131l\u0131k<\/p>","protected":false},"featured_media":18605,"template":"","meta":{"spay_email":""},"product_cat":[168],"product_tag":[],"item":[1214],"acf":[],"_links":{"self":[{"href":"https:\/\/mgvpublications.com\/de\/wp-json\/wp\/v2\/product\/18606"}],"collection":[{"href":"https:\/\/mgvpublications.com\/de\/wp-json\/wp\/v2\/product"}],"about":[{"href":"https:\/\/mgvpublications.com\/de\/wp-json\/wp\/v2\/types\/product"}],"wp:featuredmedia":[{"embeddable":true,"href":"https:\/\/mgvpublications.com\/de\/wp-json\/wp\/v2\/media\/18605"}],"wp:attachment":[{"href":"https:\/\/mgvpublications.com\/de\/wp-json\/wp\/v2\/media?parent=18606"}],"wp:term":[{"taxonomy":"product_cat","embeddable":true,"href":"https:\/\/mgvpublications.com\/de\/wp-json\/wp\/v2\/product_cat?post=18606"},{"taxonomy":"product_tag","embeddable":true,"href":"https:\/\/mgvpublications.com\/de\/wp-json\/wp\/v2\/product_tag?post=18606"},{"taxonomy":"item","embeddable":true,"href":"https:\/\/mgvpublications.com\/de\/wp-json\/wp\/v2\/item?post=18606"}],"curies":[{"name":"wp","href":"https:\/\/api.w.org\/{rel}","templated":true}]}}