{"id":18604,"date":"2021-05-04T23:03:26","date_gmt":"2021-05-04T21:03:26","guid":{"rendered":"https:\/\/mgvpublications.com\/produkt\/matilda-etkisi\/"},"modified":"2022-03-08T22:52:09","modified_gmt":"2022-03-08T21:52:09","slug":"matilda-etkisi","status":"publish","type":"product","link":"https:\/\/mgvpublications.com\/de\/matilda-etkisi\/","title":{"rendered":"Matilda Etkisi"},"content":{"rendered":"<p>\u00c7evirmen: \u00c7i\u011fdem K\u00f6f\u00fcnc\u00fc<br \/>Yay\u0131n Tarihi: 29.04.2021<br \/>ISBN: 9786051866338<br \/>Dil: T\u00dcRK\u00c7E<br \/>Sayfa Say\u0131s\u0131: 272<br \/>Cilt Tipi: Karton Kapak<br \/>Ka\u011f\u0131t Cinsi: Kitap Ka\u011f\u0131d\u0131<br \/>Boyut: 13.5 x 21 cm<\/p>","protected":false},"excerpt":{"rendered":"<p>Matilda bilime ve icatlara bay\u0131l\u0131r. Marie Curie, Leonardo Da Vinci ve Thomas Edison onun kahramanlar\u0131d\u0131r ve bir g\u00fcn kendisi de \u00fcnl\u00fc bir mucit olmay\u0131 istemektedir. Okuldaki bilim yar\u0131\u015fmas\u0131n\u0131 adaletsizlik y\u00fcz\u00fcnden kazanamay\u0131nca \u00e7ok \u00fcz\u00fcl\u00fcr. \u00d6zellikle de j\u00fcri yar\u0131\u015fmaya kat\u0131ld\u0131\u011f\u0131 icad\u0131 kendisinin yapt\u0131\u011f\u0131na inanmay\u0131nca. \u00c7\u00fcnk\u00fc o bir k\u0131zd\u0131r. Matilda duygular\u0131n\u0131 b\u00fcy\u00fckannesi Joss ile payla\u015f\u0131r ve b\u00fcy\u00fckannesinin de bir zamanlar bilim insan\u0131 oldu\u011funu \u00f6\u011frenince \u00e7ok \u015fa\u015f\u0131r\u0131r. B\u00fcy\u00fckannesi kendi gezegenini ke\u015ffetmi\u015f olan bir astrofizik\u00e7idir! Sorun, hi\u00e7 kimsenin b\u00fcy\u00fckanne Joss\u2019a inanmamas\u0131d\u0131r. Ara\u015ft\u0131rman\u0131n ba\u015f\u0131ndaki Profes\u00f6r Smocks, kad\u0131n\u0131n ke\u015ffini \u00e7alm\u0131\u015ft\u0131r. Ve bu ke\u015fifle d\u00fcnyan\u0131n en b\u00fcy\u00fck, en \u00fcnl\u00fc bilim \u00f6d\u00fcl\u00fc olan Nobel \u00d6d\u00fcl\u00fc\u2019n\u00fc almak \u00fczeredir. Matilda ger\u00e7e\u011fi herkese anlatmaya kararl\u0131d\u0131r\u2026 Fakat o ve b\u00fcy\u00fckannesi t\u00f6rene zaman\u0131nda yeti\u015fmeyi ba\u015farabilecekler midir? 2018 HULL JAMES RECKITT EN \u0130Y\u0130 \u00c7OCUK K\u0130TABI \u00d6D\u00dcL\u00dc Yorumlar: \u201cMatilda k\u0131zlar\u0131n da icat edebilece\u011fini ve ke\u015ffedebilece\u011fini t\u00fcm d\u00fcnyan\u0131n g\u00f6rmesini isteyen muhte\u015fem bir mucit. Komik, esprili ve e\u011flenceli. Ger\u00e7ekten s\u00fcper bir okuma oldu.\u201d -The Bookbag \u201cMatilda harika bir karakter ve parlak bir rol model. Bu kitap kad\u0131nlar\u0131n bilim d\u00fcnyas\u0131ndaki \u00f6nemini ger\u00e7ekten kavrat\u0131yor.\u201d -Parents in Touch &#8220;S\u0131cak kalpli, komik, \u00e7\u0131lg\u0131n bir macera&#8230; Bu kitap, \u00e7ocuklar\u0131 bilime fazlas\u0131yla te\u015fvik edecektir.&#8221; -Robin Stevens<\/p>","protected":false},"featured_media":18603,"template":"","meta":{"spay_email":""},"product_cat":[172],"product_tag":[],"item":[1214],"acf":[],"_links":{"self":[{"href":"https:\/\/mgvpublications.com\/de\/wp-json\/wp\/v2\/product\/18604"}],"collection":[{"href":"https:\/\/mgvpublications.com\/de\/wp-json\/wp\/v2\/product"}],"about":[{"href":"https:\/\/mgvpublications.com\/de\/wp-json\/wp\/v2\/types\/product"}],"wp:featuredmedia":[{"embeddable":true,"href":"https:\/\/mgvpublications.com\/de\/wp-json\/wp\/v2\/media\/18603"}],"wp:attachment":[{"href":"https:\/\/mgvpublications.com\/de\/wp-json\/wp\/v2\/media?parent=18604"}],"wp:term":[{"taxonomy":"product_cat","embeddable":true,"href":"https:\/\/mgvpublications.com\/de\/wp-json\/wp\/v2\/product_cat?post=18604"},{"taxonomy":"product_tag","embeddable":true,"href":"https:\/\/mgvpublications.com\/de\/wp-json\/wp\/v2\/product_tag?post=18604"},{"taxonomy":"item","embeddable":true,"href":"https:\/\/mgvpublications.com\/de\/wp-json\/wp\/v2\/item?post=18604"}],"curies":[{"name":"wp","href":"https:\/\/api.w.org\/{rel}","templated":true}]}}